{"id":7570,"date":"2015-01-10T15:50:40","date_gmt":"2015-01-10T20:50:40","guid":{"rendered":"https:\/\/quakerspeak.com\/podcast\/"},"modified":"2015-01-10T15:50:40","modified_gmt":"2015-01-10T20:50:40","slug":"podcast","status":"publish","type":"page","link":"https:\/\/quakerspeak.com\/es\/podcast\/","title":{"rendered":"P\u00f3dcast"},"content":{"rendered":"<p>\u00a1Hemos vuelto! Suscr\u00edbete a nuestro podcast semanal aqu\u00ed abajo o encu\u00e9ntranos en tu app de podcasts favorita. <\/p>\n<div style=\"float:left;width:165;\">\n<a href=\"https:\/\/geo.itunes.apple.com\/us\/podcast\/quakerspeak-podcast\/id1090935505?mt=2\" style=\"display:inline-block;overflow:hidden;background:url(https:\/\/linkmaker.itunes.apple.com\/images\/badges\/en-us\/badge_itunes-lrg.svg) no-repeat;width:165px;height:40px;\"><\/a>\n<\/div>\n<div style=\"float:left;width:165;\">\n<a href=\"https:\/\/playmusic.app.goo.gl\/?ibi=com.google.PlayMusic&amp;isi=691797987&amp;ius=googleplaymusic&amp;link=https:\/\/play.google.com\/music\/m\/I5wcyxyjpbpmoaljwk5d3po64o4?t%3DQuakerSpeak_Podcast%26pcampaignid%3DMKT-na-all-co-pr-mu-pod-16\" rel=\"nofollow\"><img decoding=\"async\" width=\"125px\" alt=\"Escucha en Google Play Music\" src=\"https:\/\/play.google.com\/intl\/en_us\/badges-music\/images\/badges\/en_badge_web_music.png\"><\/a>\n<\/div>\n<p><br clear=\"all\"><iframe loading=\"lazy\" width=\"100%\" height=\"600\" scrolling=\"no\" frameborder=\"no\" allow=\"autoplay\" src=\"https:\/\/w.soundcloud.com\/player\/?url=https%3A\/\/api.soundcloud.com\/users\/205069251&amp;color=%23ff5500&amp;auto_play=false&amp;hide_related=false&amp;show_comments=true&amp;show_user=true&amp;show_reposts=false&amp;show_teaser=true&amp;visual=true\"><\/iframe><\/p>\n<p><iframe loading=\"lazy\" width=\"100%\" height=\"166\" scrolling=\"no\" frameborder=\"no\" src=\"https:\/\/w.soundcloud.com\/player\/?url=https%3A\/\/api.soundcloud.com\/tracks\/318706968&amp;color=ff5500&amp;auto_play=false&amp;hide_related=false&amp;show_comments=true&amp;show_user=true&amp;show_reposts=false\"><\/iframe><\/p>\n<p><iframe loading=\"lazy\" width=\"100%\" height=\"166\" scrolling=\"no\" frameborder=\"no\" src=\"https:\/\/w.soundcloud.com\/player\/?url=https%3A\/\/api.soundcloud.com\/tracks\/314313621&amp;color=ff5500&amp;auto_play=false&amp;hide_related=false&amp;show_comments=true&amp;show_user=true&amp;show_reposts=false\"><\/iframe><\/p>\n<p><iframe loading=\"lazy\" width=\"100%\" height=\"166\" scrolling=\"no\" frameborder=\"no\" src=\"https:\/\/w.soundcloud.com\/player\/?url=https%3A\/\/api.soundcloud.com\/tracks\/312914005&amp;color=ff5500&amp;auto_play=false&amp;hide_related=false&amp;show_comments=true&amp;show_user=true&amp;show_reposts=false\"><\/iframe><\/p>\n<p><iframe loading=\"lazy\" width=\"100%\" height=\"166\" scrolling=\"no\" frameborder=\"no\" src=\"https:\/\/w.soundcloud.com\/player\/?url=https%3A\/\/api.soundcloud.com\/tracks\/311923722&amp;color=ff5500&amp;auto_play=false&amp;hide_related=false&amp;show_comments=true&amp;show_user=true&amp;show_reposts=false\"><\/iframe><\/p>\n<p><iframe loading=\"lazy\" width=\"100%\" height=\"166\" scrolling=\"no\" frameborder=\"no\" src=\"https:\/\/w.soundcloud.com\/player\/?url=https%3A\/\/api.soundcloud.com\/tracks\/310699570&amp;color=ff5500&amp;auto_play=false&amp;hide_related=false&amp;show_comments=true&amp;show_user=true&amp;show_reposts=false\"><\/iframe><\/p>\n<p><iframe loading=\"lazy\" width=\"100%\" height=\"166\" scrolling=\"no\" frameborder=\"no\" src=\"https:\/\/w.soundcloud.com\/player\/?url=https%3A\/\/api.soundcloud.com\/tracks\/271718677&amp;color=ff5500&amp;auto_play=false&amp;hide_related=false&amp;show_comments=true&amp;show_user=true&amp;show_reposts=false\"><\/iframe><\/p>\n<p><iframe loading=\"lazy\" width=\"100%\" height=\"166\" scrolling=\"no\" frameborder=\"no\" src=\"https:\/\/w.soundcloud.com\/player\/?url=https%3A\/\/api.soundcloud.com\/tracks\/270881916&amp;color=ff5500&amp;auto_play=false&amp;hide_related=false&amp;show_comments=true&amp;show_user=true&amp;show_reposts=false\"><\/iframe><\/p>\n<p><iframe loading=\"lazy\" width=\"100%\" height=\"166\" scrolling=\"no\" frameborder=\"no\" src=\"https:\/\/w.soundcloud.com\/player\/?url=https%3A\/\/api.soundcloud.com\/tracks\/265301549&amp;color=ff5500&amp;auto_play=false&amp;hide_related=false&amp;show_comments=true&amp;show_user=true&amp;show_reposts=false\"><\/iframe><\/p>\n<p><iframe loading=\"lazy\" width=\"100%\" height=\"166\" scrolling=\"no\" frameborder=\"no\" src=\"https:\/\/w.soundcloud.com\/player\/?url=https%3A\/\/api.soundcloud.com\/tracks\/264169999&amp;color=ff5500&amp;auto_play=false&amp;hide_related=false&amp;show_comments=true&amp;show_user=true&amp;show_reposts=false\"><\/iframe><\/p>\n<p><iframe loading=\"lazy\" width=\"100%\" height=\"166\" scrolling=\"no\" frameborder=\"no\" src=\"https:\/\/w.soundcloud.com\/player\/?url=https%3A\/\/api.soundcloud.com\/tracks\/262801891&amp;color=ff5500&amp;auto_play=false&amp;hide_related=false&amp;show_comments=true&amp;show_user=true&amp;show_reposts=false\"><\/iframe><\/p>\n<p><iframe loading=\"lazy\" width=\"100%\" height=\"166\" scrolling=\"no\" frameborder=\"no\" src=\"https:\/\/w.soundcloud.com\/player\/?url=https%3A\/\/api.soundcloud.com\/tracks\/261844486&amp;color=ff5500&amp;auto_play=false&amp;hide_related=false&amp;show_comments=true&amp;show_user=true&amp;show_reposts=false\"><\/iframe><\/p>\n<p><iframe loading=\"lazy\" width=\"100%\" height=\"166\" scrolling=\"no\" frameborder=\"no\" src=\"https:\/\/w.soundcloud.com\/player\/?url=https%3A\/\/api.soundcloud.com\/tracks\/255036227&amp;color=ff5500&amp;auto_play=false&amp;hide_related=false&amp;show_comments=true&amp;show_user=true&amp;show_reposts=false\"><\/iframe><\/p>\n<p><iframe loading=\"lazy\" width=\"100%\" height=\"166\" scrolling=\"no\" frameborder=\"no\" src=\"https:\/\/w.soundcloud.com\/player\/?url=https%3A\/\/api.soundcloud.com\/tracks\/253462971&amp;color=ff5500&amp;auto_play=false&amp;hide_related=false&amp;show_comments=true&amp;show_user=true&amp;show_reposts=false\"><\/iframe><\/p>\n<p><iframe loading=\"lazy\" width=\"100%\" height=\"166\" scrolling=\"no\" frameborder=\"no\" src=\"https:\/\/w.soundcloud.com\/player\/?url=https%3A\/\/api.soundcloud.com\/tracks\/251817830&amp;color=ff5500&amp;auto_play=false&amp;hide_related=false&amp;show_comments=true&amp;show_user=true&amp;show_reposts=false\"><\/iframe><\/p>\n<p><iframe loading=\"lazy\" width=\"100%\" height=\"166\" scrolling=\"no\" frameborder=\"no\" src=\"https:\/\/w.soundcloud.com\/player\/?url=https%3A\/\/api.soundcloud.com\/tracks\/250502283&amp;color=ff5500&amp;auto_play=false&amp;hide_related=false&amp;show_comments=true&amp;show_user=true&amp;show_reposts=false\"><\/iframe><\/p>\n","protected":false},"excerpt":{"rendered":"<p>\u00a1Hemos vuelto! Suscr\u00edbete a nuestro podcast semanal aqu\u00ed abajo o encu\u00e9ntranos en tu app de podcasts favorita.<\/p>\n","protected":false},"author":3,"featured_media":0,"parent":0,"menu_order":0,"comment_status":"open","ping_status":"open","template":"","meta":{"_acf_changed":false,"hero_banner_post_id":0,"footnotes":""},"class_list":["post-7570","page","type-page","status-publish","hentry"],"yoast_head":"<!-- This site is optimized with the Yoast SEO plugin v27.3 - https:\/\/yoast.com\/product\/yoast-seo-wordpress\/ -->\n<title>P\u00f3dcast - QuakerSpeak<\/title>\n<meta name=\"robots\" content=\"index, follow, max-snippet:-1, max-image-preview:large, max-video-preview:-1\" \/>\n<link rel=\"canonical\" href=\"https:\/\/quakerspeak.com\/es\/podcast\/\" \/>\n<meta property=\"og:locale\" content=\"es_ES\" \/>\n<meta property=\"og:type\" content=\"article\" \/>\n<meta property=\"og:title\" content=\"P\u00f3dcast - QuakerSpeak\" \/>\n<meta property=\"og:description\" content=\"\u00a1Hemos vuelto! Suscr\u00edbete a nuestro podcast semanal aqu\u00ed abajo o encu\u00e9ntranos en tu app de podcasts favorita.\" \/>\n<meta property=\"og:url\" content=\"https:\/\/quakerspeak.com\/es\/podcast\/\" \/>\n<meta property=\"og:site_name\" content=\"QuakerSpeak\" \/>\n<meta property=\"og:image\" content=\"https:\/\/play.google.com\/intl\/en_us\/badges-music\/images\/badges\/en_badge_web_music.png\" \/>\n<meta name=\"twitter:card\" content=\"summary_large_image\" \/>\n<script type=\"application\/ld+json\" class=\"yoast-schema-graph\">{\"@context\":\"https:\\\/\\\/schema.org\",\"@graph\":[{\"@type\":\"WebPage\",\"@id\":\"https:\\\/\\\/quakerspeak.com\\\/es\\\/podcast\\\/\",\"url\":\"https:\\\/\\\/quakerspeak.com\\\/es\\\/podcast\\\/\",\"name\":\"P\u00f3dcast - QuakerSpeak\",\"isPartOf\":{\"@id\":\"https:\\\/\\\/quakerspeak.com\\\/es\\\/#website\"},\"primaryImageOfPage\":{\"@id\":\"https:\\\/\\\/quakerspeak.com\\\/es\\\/podcast\\\/#primaryimage\"},\"image\":{\"@id\":\"https:\\\/\\\/quakerspeak.com\\\/es\\\/podcast\\\/#primaryimage\"},\"thumbnailUrl\":\"https:\\\/\\\/play.google.com\\\/intl\\\/en_us\\\/badges-music\\\/images\\\/badges\\\/en_badge_web_music.png\",\"datePublished\":\"2015-01-10T20:50:40+00:00\",\"breadcrumb\":{\"@id\":\"https:\\\/\\\/quakerspeak.com\\\/es\\\/podcast\\\/#breadcrumb\"},\"inLanguage\":\"es\",\"potentialAction\":[{\"@type\":\"ReadAction\",\"target\":[\"https:\\\/\\\/quakerspeak.com\\\/es\\\/podcast\\\/\"]}]},{\"@type\":\"ImageObject\",\"inLanguage\":\"es\",\"@id\":\"https:\\\/\\\/quakerspeak.com\\\/es\\\/podcast\\\/#primaryimage\",\"url\":\"https:\\\/\\\/play.google.com\\\/intl\\\/en_us\\\/badges-music\\\/images\\\/badges\\\/en_badge_web_music.png\",\"contentUrl\":\"https:\\\/\\\/play.google.com\\\/intl\\\/en_us\\\/badges-music\\\/images\\\/badges\\\/en_badge_web_music.png\"},{\"@type\":\"BreadcrumbList\",\"@id\":\"https:\\\/\\\/quakerspeak.com\\\/es\\\/podcast\\\/#breadcrumb\",\"itemListElement\":[{\"@type\":\"ListItem\",\"position\":1,\"name\":\"Home\",\"item\":\"https:\\\/\\\/quakerspeak.com\\\/es\\\/pagina-de-inicio\\\/\"},{\"@type\":\"ListItem\",\"position\":2,\"name\":\"P\u00f3dcast\"}]},{\"@type\":\"WebSite\",\"@id\":\"https:\\\/\\\/quakerspeak.com\\\/es\\\/#website\",\"url\":\"https:\\\/\\\/quakerspeak.com\\\/es\\\/\",\"name\":\"QuakerSpeak\",\"description\":\"Weekly Videos. Vital Ministries.\",\"publisher\":{\"@id\":\"https:\\\/\\\/quakerspeak.com\\\/es\\\/#organization\"},\"potentialAction\":[{\"@type\":\"SearchAction\",\"target\":{\"@type\":\"EntryPoint\",\"urlTemplate\":\"https:\\\/\\\/quakerspeak.com\\\/es\\\/?s={search_term_string}\"},\"query-input\":{\"@type\":\"PropertyValueSpecification\",\"valueRequired\":true,\"valueName\":\"search_term_string\"}}],\"inLanguage\":\"es\"},{\"@type\":\"Organization\",\"@id\":\"https:\\\/\\\/quakerspeak.com\\\/es\\\/#organization\",\"name\":\"QuakerSpeak\",\"url\":\"https:\\\/\\\/quakerspeak.com\\\/es\\\/\",\"logo\":{\"@type\":\"ImageObject\",\"inLanguage\":\"es\",\"@id\":\"https:\\\/\\\/quakerspeak.com\\\/es\\\/#\\\/schema\\\/logo\\\/image\\\/\",\"url\":\"https:\\\/\\\/quakerspeak.com\\\/wp-content\\\/uploads\\\/sites\\\/2\\\/2024\\\/03\\\/Without-BG-3.png\",\"contentUrl\":\"https:\\\/\\\/quakerspeak.com\\\/wp-content\\\/uploads\\\/sites\\\/2\\\/2024\\\/03\\\/Without-BG-3.png\",\"width\":181,\"height\":66,\"caption\":\"QuakerSpeak\"},\"image\":{\"@id\":\"https:\\\/\\\/quakerspeak.com\\\/es\\\/#\\\/schema\\\/logo\\\/image\\\/\"}}]}<\/script>\n<!-- \/ Yoast SEO plugin. -->","yoast_head_json":{"title":"P\u00f3dcast - QuakerSpeak","robots":{"index":"index","follow":"follow","max-snippet":"max-snippet:-1","max-image-preview":"max-image-preview:large","max-video-preview":"max-video-preview:-1"},"canonical":"https:\/\/quakerspeak.com\/es\/podcast\/","og_locale":"es_ES","og_type":"article","og_title":"P\u00f3dcast - QuakerSpeak","og_description":"\u00a1Hemos vuelto! Suscr\u00edbete a nuestro podcast semanal aqu\u00ed abajo o encu\u00e9ntranos en tu app de podcasts favorita.","og_url":"https:\/\/quakerspeak.com\/es\/podcast\/","og_site_name":"QuakerSpeak","og_image":[{"url":"https:\/\/play.google.com\/intl\/en_us\/badges-music\/images\/badges\/en_badge_web_music.png","type":"","width":"","height":""}],"twitter_card":"summary_large_image","schema":{"@context":"https:\/\/schema.org","@graph":[{"@type":"WebPage","@id":"https:\/\/quakerspeak.com\/es\/podcast\/","url":"https:\/\/quakerspeak.com\/es\/podcast\/","name":"P\u00f3dcast - QuakerSpeak","isPartOf":{"@id":"https:\/\/quakerspeak.com\/es\/#website"},"primaryImageOfPage":{"@id":"https:\/\/quakerspeak.com\/es\/podcast\/#primaryimage"},"image":{"@id":"https:\/\/quakerspeak.com\/es\/podcast\/#primaryimage"},"thumbnailUrl":"https:\/\/play.google.com\/intl\/en_us\/badges-music\/images\/badges\/en_badge_web_music.png","datePublished":"2015-01-10T20:50:40+00:00","breadcrumb":{"@id":"https:\/\/quakerspeak.com\/es\/podcast\/#breadcrumb"},"inLanguage":"es","potentialAction":[{"@type":"ReadAction","target":["https:\/\/quakerspeak.com\/es\/podcast\/"]}]},{"@type":"ImageObject","inLanguage":"es","@id":"https:\/\/quakerspeak.com\/es\/podcast\/#primaryimage","url":"https:\/\/play.google.com\/intl\/en_us\/badges-music\/images\/badges\/en_badge_web_music.png","contentUrl":"https:\/\/play.google.com\/intl\/en_us\/badges-music\/images\/badges\/en_badge_web_music.png"},{"@type":"BreadcrumbList","@id":"https:\/\/quakerspeak.com\/es\/podcast\/#breadcrumb","itemListElement":[{"@type":"ListItem","position":1,"name":"Home","item":"https:\/\/quakerspeak.com\/es\/pagina-de-inicio\/"},{"@type":"ListItem","position":2,"name":"P\u00f3dcast"}]},{"@type":"WebSite","@id":"https:\/\/quakerspeak.com\/es\/#website","url":"https:\/\/quakerspeak.com\/es\/","name":"QuakerSpeak","description":"Weekly Videos. Vital Ministries.","publisher":{"@id":"https:\/\/quakerspeak.com\/es\/#organization"},"potentialAction":[{"@type":"SearchAction","target":{"@type":"EntryPoint","urlTemplate":"https:\/\/quakerspeak.com\/es\/?s={search_term_string}"},"query-input":{"@type":"PropertyValueSpecification","valueRequired":true,"valueName":"search_term_string"}}],"inLanguage":"es"},{"@type":"Organization","@id":"https:\/\/quakerspeak.com\/es\/#organization","name":"QuakerSpeak","url":"https:\/\/quakerspeak.com\/es\/","logo":{"@type":"ImageObject","inLanguage":"es","@id":"https:\/\/quakerspeak.com\/es\/#\/schema\/logo\/image\/","url":"https:\/\/quakerspeak.com\/wp-content\/uploads\/sites\/2\/2024\/03\/Without-BG-3.png","contentUrl":"https:\/\/quakerspeak.com\/wp-content\/uploads\/sites\/2\/2024\/03\/Without-BG-3.png","width":181,"height":66,"caption":"QuakerSpeak"},"image":{"@id":"https:\/\/quakerspeak.com\/es\/#\/schema\/logo\/image\/"}}]}},"distributor_meta":false,"distributor_terms":false,"distributor_media":false,"distributor_original_site_name":"QuakerSpeak","distributor_original_site_url":"https:\/\/quakerspeak.com\/es\/","push-errors":false,"acf":[],"_links":{"self":[{"href":"https:\/\/quakerspeak.com\/es\/wp-json\/wp\/v2\/pages\/7570","targetHints":{"allow":["GET"]}}],"collection":[{"href":"https:\/\/quakerspeak.com\/es\/wp-json\/wp\/v2\/pages"}],"about":[{"href":"https:\/\/quakerspeak.com\/es\/wp-json\/wp\/v2\/types\/page"}],"author":[{"embeddable":true,"href":"https:\/\/quakerspeak.com\/es\/wp-json\/wp\/v2\/users\/3"}],"replies":[{"embeddable":true,"href":"https:\/\/quakerspeak.com\/es\/wp-json\/wp\/v2\/comments?post=7570"}],"version-history":[{"count":0,"href":"https:\/\/quakerspeak.com\/es\/wp-json\/wp\/v2\/pages\/7570\/revisions"}],"wp:attachment":[{"href":"https:\/\/quakerspeak.com\/es\/wp-json\/wp\/v2\/media?parent=7570"}],"curies":[{"name":"wp","href":"https:\/\/api.w.org\/{rel}","templated":true}]}}