{"id":7567,"date":"2019-03-07T15:55:22","date_gmt":"2019-03-07T20:55:22","guid":{"rendered":"https:\/\/quakerspeak.com\/poster\/"},"modified":"2019-03-07T15:55:22","modified_gmt":"2019-03-07T20:55:22","slug":"poster","status":"publish","type":"page","link":"https:\/\/quakerspeak.com\/es\/poster\/","title":{"rendered":"P\u00f3ster"},"content":{"rendered":"<p>El p\u00f3ster de QuakerSpeak se puede imprimir y descargar gratis. Los suscriptores de Friends Journal recibir\u00e1n una versi\u00f3n de alta resoluci\u00f3n en cartulina para recortar. Tambi\u00e9n puedes imprimirlo t\u00fa mismo usando el archivo de abajo. \u00a1Cu\u00e9lgalo en tu Meetinghouse o en cualquier lugar de tu comunidad!   <\/p>\n<figure id=\"attachment_1859\" aria-describedby=\"caption-attachment-1859\" style=\"width: 233px\" class=\"wp-caption alignnone\"><a href=\"https:\/\/quakerspeak.com\/wp-content\/uploads\/sites\/2\/2019\/03\/QuakerSpeak-Poster.jpg\"><img loading=\"lazy\" decoding=\"async\" class=\"wp-image-1859 size-medium\" src=\"https:\/\/quakerspeak.com\/wp-content\/uploads\/sites\/2\/2019\/03\/QuakerSpeak-Poster-233x300.jpg\" alt=\"\" width=\"233\" height=\"300\" srcset=\"https:\/\/quakerspeak.com\/wp-content\/uploads\/sites\/2\/2019\/03\/QuakerSpeak-Poster-233x300.jpg 233w, https:\/\/quakerspeak.com\/wp-content\/uploads\/sites\/2\/2019\/03\/QuakerSpeak-Poster-768x989.jpg 768w, https:\/\/quakerspeak.com\/wp-content\/uploads\/sites\/2\/2019\/03\/QuakerSpeak-Poster-795x1024.jpg 795w, https:\/\/quakerspeak.com\/wp-content\/uploads\/sites\/2\/2019\/03\/QuakerSpeak-Poster-100x129.jpg 100w, https:\/\/quakerspeak.com\/wp-content\/uploads\/sites\/2\/2019\/03\/QuakerSpeak-Poster-862x1110.jpg 862w, https:\/\/quakerspeak.com\/wp-content\/uploads\/sites\/2\/2019\/03\/QuakerSpeak-Poster-1200x1545.jpg 1200w, https:\/\/quakerspeak.com\/wp-content\/uploads\/sites\/2\/2019\/03\/QuakerSpeak-Poster-846x1089.jpg 846w, https:\/\/quakerspeak.com\/wp-content\/uploads\/sites\/2\/2019\/03\/QuakerSpeak-Poster-1184x1524.jpg 1184w\" sizes=\"auto, (max-width: 233px) 100vw, 233px\" \/><\/a><figcaption id=\"caption-attachment-1859\" class=\"wp-caption-text\">\u00a1Haz clic para descargar e imprimir!<\/figcaption><\/figure>\n","protected":false},"excerpt":{"rendered":"<p>El p\u00f3ster de QuakerSpeak se puede imprimir y descargar gratis. Los suscriptores de Friends Journal recibir\u00e1n una versi\u00f3n de alta&hellip;<\/p>\n","protected":false},"author":3,"featured_media":6485,"parent":0,"menu_order":0,"comment_status":"closed","ping_status":"closed","template":"","meta":{"_acf_changed":false,"hero_banner_post_id":0,"footnotes":""},"class_list":["post-7567","page","type-page","status-publish","has-post-thumbnail","hentry"],"yoast_head":"<!-- This site is optimized with the Yoast SEO plugin v27.3 - https:\/\/yoast.com\/product\/yoast-seo-wordpress\/ -->\n<title>P\u00f3ster - QuakerSpeak<\/title>\n<meta name=\"robots\" content=\"index, follow, max-snippet:-1, max-image-preview:large, max-video-preview:-1\" \/>\n<link rel=\"canonical\" href=\"https:\/\/quakerspeak.com\/es\/poster\/\" \/>\n<meta property=\"og:locale\" content=\"es_ES\" \/>\n<meta property=\"og:type\" content=\"article\" \/>\n<meta property=\"og:title\" content=\"P\u00f3ster - QuakerSpeak\" \/>\n<meta property=\"og:description\" content=\"El p\u00f3ster de QuakerSpeak se puede imprimir y descargar gratis. Los suscriptores de Friends Journal recibir\u00e1n una versi\u00f3n de alta&hellip;\" \/>\n<meta property=\"og:url\" content=\"https:\/\/quakerspeak.com\/es\/poster\/\" \/>\n<meta property=\"og:site_name\" content=\"QuakerSpeak\" \/>\n<meta property=\"og:image\" content=\"https:\/\/quakerspeak.com\/wp-content\/uploads\/sites\/2\/2019\/03\/QuakerSpeak-Poster-1-795x1024.jpg\" \/>\n\t<meta property=\"og:image:width\" content=\"795\" \/>\n\t<meta property=\"og:image:height\" content=\"1024\" \/>\n\t<meta property=\"og:image:type\" content=\"image\/jpeg\" \/>\n<meta name=\"twitter:card\" content=\"summary_large_image\" \/>\n<script type=\"application\/ld+json\" class=\"yoast-schema-graph\">{\"@context\":\"https:\\\/\\\/schema.org\",\"@graph\":[{\"@type\":\"WebPage\",\"@id\":\"https:\\\/\\\/quakerspeak.com\\\/es\\\/poster\\\/\",\"url\":\"https:\\\/\\\/quakerspeak.com\\\/es\\\/poster\\\/\",\"name\":\"P\u00f3ster - QuakerSpeak\",\"isPartOf\":{\"@id\":\"https:\\\/\\\/quakerspeak.com\\\/es\\\/#website\"},\"primaryImageOfPage\":{\"@id\":\"https:\\\/\\\/quakerspeak.com\\\/es\\\/poster\\\/#primaryimage\"},\"image\":{\"@id\":\"https:\\\/\\\/quakerspeak.com\\\/es\\\/poster\\\/#primaryimage\"},\"thumbnailUrl\":\"https:\\\/\\\/quakerspeak.com\\\/wp-content\\\/uploads\\\/sites\\\/2\\\/2019\\\/03\\\/QuakerSpeak-Poster-1.jpg\",\"datePublished\":\"2019-03-07T20:55:22+00:00\",\"breadcrumb\":{\"@id\":\"https:\\\/\\\/quakerspeak.com\\\/es\\\/poster\\\/#breadcrumb\"},\"inLanguage\":\"es\",\"potentialAction\":[{\"@type\":\"ReadAction\",\"target\":[\"https:\\\/\\\/quakerspeak.com\\\/es\\\/poster\\\/\"]}]},{\"@type\":\"ImageObject\",\"inLanguage\":\"es\",\"@id\":\"https:\\\/\\\/quakerspeak.com\\\/es\\\/poster\\\/#primaryimage\",\"url\":\"https:\\\/\\\/quakerspeak.com\\\/wp-content\\\/uploads\\\/sites\\\/2\\\/2019\\\/03\\\/QuakerSpeak-Poster-1.jpg\",\"contentUrl\":\"https:\\\/\\\/quakerspeak.com\\\/wp-content\\\/uploads\\\/sites\\\/2\\\/2019\\\/03\\\/QuakerSpeak-Poster-1.jpg\",\"width\":2543,\"height\":3274},{\"@type\":\"BreadcrumbList\",\"@id\":\"https:\\\/\\\/quakerspeak.com\\\/es\\\/poster\\\/#breadcrumb\",\"itemListElement\":[{\"@type\":\"ListItem\",\"position\":1,\"name\":\"Home\",\"item\":\"https:\\\/\\\/quakerspeak.com\\\/es\\\/pagina-de-inicio\\\/\"},{\"@type\":\"ListItem\",\"position\":2,\"name\":\"P\u00f3ster\"}]},{\"@type\":\"WebSite\",\"@id\":\"https:\\\/\\\/quakerspeak.com\\\/es\\\/#website\",\"url\":\"https:\\\/\\\/quakerspeak.com\\\/es\\\/\",\"name\":\"QuakerSpeak\",\"description\":\"Weekly Videos. Vital Ministries.\",\"publisher\":{\"@id\":\"https:\\\/\\\/quakerspeak.com\\\/es\\\/#organization\"},\"potentialAction\":[{\"@type\":\"SearchAction\",\"target\":{\"@type\":\"EntryPoint\",\"urlTemplate\":\"https:\\\/\\\/quakerspeak.com\\\/es\\\/?s={search_term_string}\"},\"query-input\":{\"@type\":\"PropertyValueSpecification\",\"valueRequired\":true,\"valueName\":\"search_term_string\"}}],\"inLanguage\":\"es\"},{\"@type\":\"Organization\",\"@id\":\"https:\\\/\\\/quakerspeak.com\\\/es\\\/#organization\",\"name\":\"QuakerSpeak\",\"url\":\"https:\\\/\\\/quakerspeak.com\\\/es\\\/\",\"logo\":{\"@type\":\"ImageObject\",\"inLanguage\":\"es\",\"@id\":\"https:\\\/\\\/quakerspeak.com\\\/es\\\/#\\\/schema\\\/logo\\\/image\\\/\",\"url\":\"https:\\\/\\\/quakerspeak.com\\\/wp-content\\\/uploads\\\/sites\\\/2\\\/2024\\\/03\\\/Without-BG-3.png\",\"contentUrl\":\"https:\\\/\\\/quakerspeak.com\\\/wp-content\\\/uploads\\\/sites\\\/2\\\/2024\\\/03\\\/Without-BG-3.png\",\"width\":181,\"height\":66,\"caption\":\"QuakerSpeak\"},\"image\":{\"@id\":\"https:\\\/\\\/quakerspeak.com\\\/es\\\/#\\\/schema\\\/logo\\\/image\\\/\"}}]}<\/script>\n<!-- \/ Yoast SEO plugin. -->","yoast_head_json":{"title":"P\u00f3ster - QuakerSpeak","robots":{"index":"index","follow":"follow","max-snippet":"max-snippet:-1","max-image-preview":"max-image-preview:large","max-video-preview":"max-video-preview:-1"},"canonical":"https:\/\/quakerspeak.com\/es\/poster\/","og_locale":"es_ES","og_type":"article","og_title":"P\u00f3ster - QuakerSpeak","og_description":"El p\u00f3ster de QuakerSpeak se puede imprimir y descargar gratis. Los suscriptores de Friends Journal recibir\u00e1n una versi\u00f3n de alta&hellip;","og_url":"https:\/\/quakerspeak.com\/es\/poster\/","og_site_name":"QuakerSpeak","og_image":[{"width":795,"height":1024,"url":"https:\/\/quakerspeak.com\/wp-content\/uploads\/sites\/2\/2019\/03\/QuakerSpeak-Poster-1-795x1024.jpg","type":"image\/jpeg"}],"twitter_card":"summary_large_image","schema":{"@context":"https:\/\/schema.org","@graph":[{"@type":"WebPage","@id":"https:\/\/quakerspeak.com\/es\/poster\/","url":"https:\/\/quakerspeak.com\/es\/poster\/","name":"P\u00f3ster - QuakerSpeak","isPartOf":{"@id":"https:\/\/quakerspeak.com\/es\/#website"},"primaryImageOfPage":{"@id":"https:\/\/quakerspeak.com\/es\/poster\/#primaryimage"},"image":{"@id":"https:\/\/quakerspeak.com\/es\/poster\/#primaryimage"},"thumbnailUrl":"https:\/\/quakerspeak.com\/wp-content\/uploads\/sites\/2\/2019\/03\/QuakerSpeak-Poster-1.jpg","datePublished":"2019-03-07T20:55:22+00:00","breadcrumb":{"@id":"https:\/\/quakerspeak.com\/es\/poster\/#breadcrumb"},"inLanguage":"es","potentialAction":[{"@type":"ReadAction","target":["https:\/\/quakerspeak.com\/es\/poster\/"]}]},{"@type":"ImageObject","inLanguage":"es","@id":"https:\/\/quakerspeak.com\/es\/poster\/#primaryimage","url":"https:\/\/quakerspeak.com\/wp-content\/uploads\/sites\/2\/2019\/03\/QuakerSpeak-Poster-1.jpg","contentUrl":"https:\/\/quakerspeak.com\/wp-content\/uploads\/sites\/2\/2019\/03\/QuakerSpeak-Poster-1.jpg","width":2543,"height":3274},{"@type":"BreadcrumbList","@id":"https:\/\/quakerspeak.com\/es\/poster\/#breadcrumb","itemListElement":[{"@type":"ListItem","position":1,"name":"Home","item":"https:\/\/quakerspeak.com\/es\/pagina-de-inicio\/"},{"@type":"ListItem","position":2,"name":"P\u00f3ster"}]},{"@type":"WebSite","@id":"https:\/\/quakerspeak.com\/es\/#website","url":"https:\/\/quakerspeak.com\/es\/","name":"QuakerSpeak","description":"Weekly Videos. Vital Ministries.","publisher":{"@id":"https:\/\/quakerspeak.com\/es\/#organization"},"potentialAction":[{"@type":"SearchAction","target":{"@type":"EntryPoint","urlTemplate":"https:\/\/quakerspeak.com\/es\/?s={search_term_string}"},"query-input":{"@type":"PropertyValueSpecification","valueRequired":true,"valueName":"search_term_string"}}],"inLanguage":"es"},{"@type":"Organization","@id":"https:\/\/quakerspeak.com\/es\/#organization","name":"QuakerSpeak","url":"https:\/\/quakerspeak.com\/es\/","logo":{"@type":"ImageObject","inLanguage":"es","@id":"https:\/\/quakerspeak.com\/es\/#\/schema\/logo\/image\/","url":"https:\/\/quakerspeak.com\/wp-content\/uploads\/sites\/2\/2024\/03\/Without-BG-3.png","contentUrl":"https:\/\/quakerspeak.com\/wp-content\/uploads\/sites\/2\/2024\/03\/Without-BG-3.png","width":181,"height":66,"caption":"QuakerSpeak"},"image":{"@id":"https:\/\/quakerspeak.com\/es\/#\/schema\/logo\/image\/"}}]}},"distributor_meta":false,"distributor_terms":false,"distributor_media":false,"distributor_original_site_name":"QuakerSpeak","distributor_original_site_url":"https:\/\/quakerspeak.com\/es\/","push-errors":false,"acf":[],"_links":{"self":[{"href":"https:\/\/quakerspeak.com\/es\/wp-json\/wp\/v2\/pages\/7567","targetHints":{"allow":["GET"]}}],"collection":[{"href":"https:\/\/quakerspeak.com\/es\/wp-json\/wp\/v2\/pages"}],"about":[{"href":"https:\/\/quakerspeak.com\/es\/wp-json\/wp\/v2\/types\/page"}],"author":[{"embeddable":true,"href":"https:\/\/quakerspeak.com\/es\/wp-json\/wp\/v2\/users\/3"}],"replies":[{"embeddable":true,"href":"https:\/\/quakerspeak.com\/es\/wp-json\/wp\/v2\/comments?post=7567"}],"version-history":[{"count":0,"href":"https:\/\/quakerspeak.com\/es\/wp-json\/wp\/v2\/pages\/7567\/revisions"}],"wp:featuredmedia":[{"embeddable":true,"href":"https:\/\/quakerspeak.com\/es\/wp-json\/wp\/v2\/media\/6485"}],"wp:attachment":[{"href":"https:\/\/quakerspeak.com\/es\/wp-json\/wp\/v2\/media?parent=7567"}],"curies":[{"name":"wp","href":"https:\/\/api.w.org\/{rel}","templated":true}]}}