{"id":7513,"date":"2018-05-16T13:40:50","date_gmt":"2018-05-16T17:40:50","guid":{"rendered":"https:\/\/quakerspeak.com\/politica-de-privacidad\/"},"modified":"2018-05-16T13:40:50","modified_gmt":"2018-05-16T17:40:50","slug":"politica-de-privacidad","status":"publish","type":"page","link":"https:\/\/quakerspeak.com\/es\/politica-de-privacidad\/","title":{"rendered":"Pol\u00edtica de privacidad"},"content":{"rendered":"<p>Friends Publishing Corporation, una organizaci\u00f3n sin \u00e1nimo de lucro de Pensilvania, EE. UU., reconocida bajo la secci\u00f3n 501(c)(3) del IRS, es la editora de los sitios web friendsjournal.org, quakerspeak.com y quaker.org, que son de acceso gratuito para cualquier persona en todo el mundo.<\/p>\n<p>FPC recopila datos personales de los clientes que son necesarios para tramitar pedidos de bienes y servicios, incluidas publicaciones impresas y digitales, suscripciones por correo electr\u00f3nico, libros, DVD y otros productos. FPC puede comunicarse con los clientes en el curso normal de los negocios a trav\u00e9s de correo electr\u00f3nico, correo postal y tel\u00e9fono. FPC puede contratar a terceros para gestionar nuestras comunicaciones (CWC Software, Achieve Agency, Sheridan y Amazon Web Services), compartiendo solo los datos necesarios para la actividad comercial contratada. Por ejemplo, para tramitar los pedidos de revistas, FPC comparte las direcciones de los clientes con Sheridan, nuestra imprenta\/distribuidora, que transmite la lista al Servicio Postal de EE. UU. para comprobar si hay cambios y si es precisa.   <\/p>\n<p>FPC atender\u00e1 cualquier solicitud de un cliente para eliminar, modificar o suprimir los datos personales que conservamos, en el plazo de un mes. Las solicitudes deben enviarse por correo electr\u00f3nico a <a href=\"mailto:info@friendsjournal.org\">info@friendsjournal.org<\/a> o por tel\u00e9fono al 215-563-8629. <\/p>\n<p>FPC procesa las transacciones con tarjeta de cr\u00e9dito a trav\u00e9s de proveedores externos (WorldPay y PayPal) de conformidad con PCI-DSS y no recibe ni almacena datos de tarjetas de cr\u00e9dito enviados por los usuarios a trav\u00e9s de Internet.<\/p>\n<p>FPC utiliza cookies, Javascript y URL rastreables para analizar y obtener informaci\u00f3n del comportamiento de los usuarios en nuestros sitios web, as\u00ed como para proporcionar a los usuarios las experiencias de cliente deseadas, como reconocerlos como clientes valiosos cuando regresan a nuestros sitios web. FPC no proporciona datos sobre los usuarios o el comportamiento de los usuarios a terceros, aparte de los datos resultantes de nuestro uso de an\u00e1lisis. Nuestros proveedores de an\u00e1lisis son Automattic, Facebook, Google Analytics, Optimizely y Quantcast. Puede navegar por nuestro sitio utilizando el modo Inc\u00f3gnito, el modo de navegaci\u00f3n privada u otra tecnolog\u00eda que bloquee las cookies o desactive Javascript, pero no garantizamos la plena funcionalidad de nuestro sitio web en esos casos.   <\/p>\n<p>Los anuncios en los sitios web de FPC no se dirigen a los usuarios en funci\u00f3n de su actividad en otros sitios web.<\/p>\n<p>Valoramos la confianza que nuestros usuarios depositan en nosotros y nos comprometemos a responder a cualquier inquietud que puedan tener. Los usuarios pueden ponerse en contacto con el director ejecutivo de FPC, Gabriel Ehri, en <a href=\"mailto:ED@friendsjournal.org\">ED@friendsjournal.org<\/a>, con cualquier inquietud. <\/p>\n<p>Actualizado en 5\/2018<\/p>\n","protected":false},"excerpt":{"rendered":"<p>Friends Publishing Corporation, una organizaci\u00f3n sin \u00e1nimo de lucro de Pensilvania, EE. UU., reconocida bajo la secci\u00f3n 501(c)(3) del IRS,&hellip;<\/p>\n","protected":false},"author":2,"featured_media":0,"parent":0,"menu_order":0,"comment_status":"closed","ping_status":"closed","template":"","meta":{"_acf_changed":false,"hero_banner_post_id":0,"footnotes":""},"class_list":["post-7513","page","type-page","status-publish","hentry"],"yoast_head":"<!-- This site is optimized with the Yoast SEO plugin v27.4 - https:\/\/yoast.com\/product\/yoast-seo-wordpress\/ -->\n<title>Pol\u00edtica de privacidad - QuakerSpeak<\/title>\n<meta name=\"robots\" content=\"index, follow, max-snippet:-1, max-image-preview:large, max-video-preview:-1\" \/>\n<link rel=\"canonical\" href=\"https:\/\/quakerspeak.com\/es\/politica-de-privacidad\/\" \/>\n<meta property=\"og:locale\" content=\"es_ES\" \/>\n<meta property=\"og:type\" content=\"article\" \/>\n<meta property=\"og:title\" content=\"Pol\u00edtica de privacidad - QuakerSpeak\" \/>\n<meta property=\"og:description\" content=\"Friends Publishing Corporation, una organizaci\u00f3n sin \u00e1nimo de lucro de Pensilvania, EE. UU., reconocida bajo la secci\u00f3n 501(c)(3) del IRS,&hellip;\" \/>\n<meta property=\"og:url\" content=\"https:\/\/quakerspeak.com\/es\/politica-de-privacidad\/\" \/>\n<meta property=\"og:site_name\" content=\"QuakerSpeak\" \/>\n<meta name=\"twitter:card\" content=\"summary_large_image\" \/>\n<meta name=\"twitter:label1\" content=\"Est. reading time\" \/>\n\t<meta name=\"twitter:data1\" content=\"2 minuto\" \/>\n<script type=\"application\/ld+json\" class=\"yoast-schema-graph\">{\"@context\":\"https:\\\/\\\/schema.org\",\"@graph\":[{\"@type\":\"WebPage\",\"@id\":\"https:\\\/\\\/quakerspeak.com\\\/es\\\/politica-de-privacidad\\\/\",\"url\":\"https:\\\/\\\/quakerspeak.com\\\/es\\\/politica-de-privacidad\\\/\",\"name\":\"Pol\u00edtica de privacidad - QuakerSpeak\",\"isPartOf\":{\"@id\":\"https:\\\/\\\/quakerspeak.com\\\/es\\\/#website\"},\"datePublished\":\"2018-05-16T17:40:50+00:00\",\"breadcrumb\":{\"@id\":\"https:\\\/\\\/quakerspeak.com\\\/es\\\/politica-de-privacidad\\\/#breadcrumb\"},\"inLanguage\":\"es\",\"potentialAction\":[{\"@type\":\"ReadAction\",\"target\":[\"https:\\\/\\\/quakerspeak.com\\\/es\\\/politica-de-privacidad\\\/\"]}]},{\"@type\":\"BreadcrumbList\",\"@id\":\"https:\\\/\\\/quakerspeak.com\\\/es\\\/politica-de-privacidad\\\/#breadcrumb\",\"itemListElement\":[{\"@type\":\"ListItem\",\"position\":1,\"name\":\"Home\",\"item\":\"https:\\\/\\\/quakerspeak.com\\\/es\\\/pagina-de-inicio\\\/\"},{\"@type\":\"ListItem\",\"position\":2,\"name\":\"Pol\u00edtica de privacidad\"}]},{\"@type\":\"WebSite\",\"@id\":\"https:\\\/\\\/quakerspeak.com\\\/es\\\/#website\",\"url\":\"https:\\\/\\\/quakerspeak.com\\\/es\\\/\",\"name\":\"QuakerSpeak\",\"description\":\"Weekly Videos. Vital Ministries.\",\"publisher\":{\"@id\":\"https:\\\/\\\/quakerspeak.com\\\/es\\\/#organization\"},\"potentialAction\":[{\"@type\":\"SearchAction\",\"target\":{\"@type\":\"EntryPoint\",\"urlTemplate\":\"https:\\\/\\\/quakerspeak.com\\\/es\\\/?s={search_term_string}\"},\"query-input\":{\"@type\":\"PropertyValueSpecification\",\"valueRequired\":true,\"valueName\":\"search_term_string\"}}],\"inLanguage\":\"es\"},{\"@type\":\"Organization\",\"@id\":\"https:\\\/\\\/quakerspeak.com\\\/es\\\/#organization\",\"name\":\"QuakerSpeak\",\"url\":\"https:\\\/\\\/quakerspeak.com\\\/es\\\/\",\"logo\":{\"@type\":\"ImageObject\",\"inLanguage\":\"es\",\"@id\":\"https:\\\/\\\/quakerspeak.com\\\/es\\\/#\\\/schema\\\/logo\\\/image\\\/\",\"url\":\"https:\\\/\\\/quakerspeak.com\\\/wp-content\\\/uploads\\\/sites\\\/2\\\/2024\\\/03\\\/Without-BG-3.png\",\"contentUrl\":\"https:\\\/\\\/quakerspeak.com\\\/wp-content\\\/uploads\\\/sites\\\/2\\\/2024\\\/03\\\/Without-BG-3.png\",\"width\":181,\"height\":66,\"caption\":\"QuakerSpeak\"},\"image\":{\"@id\":\"https:\\\/\\\/quakerspeak.com\\\/es\\\/#\\\/schema\\\/logo\\\/image\\\/\"}}]}<\/script>\n<!-- \/ Yoast SEO plugin. -->","yoast_head_json":{"title":"Pol\u00edtica de privacidad - QuakerSpeak","robots":{"index":"index","follow":"follow","max-snippet":"max-snippet:-1","max-image-preview":"max-image-preview:large","max-video-preview":"max-video-preview:-1"},"canonical":"https:\/\/quakerspeak.com\/es\/politica-de-privacidad\/","og_locale":"es_ES","og_type":"article","og_title":"Pol\u00edtica de privacidad - QuakerSpeak","og_description":"Friends Publishing Corporation, una organizaci\u00f3n sin \u00e1nimo de lucro de Pensilvania, EE. UU., reconocida bajo la secci\u00f3n 501(c)(3) del IRS,&hellip;","og_url":"https:\/\/quakerspeak.com\/es\/politica-de-privacidad\/","og_site_name":"QuakerSpeak","twitter_card":"summary_large_image","twitter_misc":{"Est. reading time":"2 minuto"},"schema":{"@context":"https:\/\/schema.org","@graph":[{"@type":"WebPage","@id":"https:\/\/quakerspeak.com\/es\/politica-de-privacidad\/","url":"https:\/\/quakerspeak.com\/es\/politica-de-privacidad\/","name":"Pol\u00edtica de privacidad - QuakerSpeak","isPartOf":{"@id":"https:\/\/quakerspeak.com\/es\/#website"},"datePublished":"2018-05-16T17:40:50+00:00","breadcrumb":{"@id":"https:\/\/quakerspeak.com\/es\/politica-de-privacidad\/#breadcrumb"},"inLanguage":"es","potentialAction":[{"@type":"ReadAction","target":["https:\/\/quakerspeak.com\/es\/politica-de-privacidad\/"]}]},{"@type":"BreadcrumbList","@id":"https:\/\/quakerspeak.com\/es\/politica-de-privacidad\/#breadcrumb","itemListElement":[{"@type":"ListItem","position":1,"name":"Home","item":"https:\/\/quakerspeak.com\/es\/pagina-de-inicio\/"},{"@type":"ListItem","position":2,"name":"Pol\u00edtica de privacidad"}]},{"@type":"WebSite","@id":"https:\/\/quakerspeak.com\/es\/#website","url":"https:\/\/quakerspeak.com\/es\/","name":"QuakerSpeak","description":"Weekly Videos. Vital Ministries.","publisher":{"@id":"https:\/\/quakerspeak.com\/es\/#organization"},"potentialAction":[{"@type":"SearchAction","target":{"@type":"EntryPoint","urlTemplate":"https:\/\/quakerspeak.com\/es\/?s={search_term_string}"},"query-input":{"@type":"PropertyValueSpecification","valueRequired":true,"valueName":"search_term_string"}}],"inLanguage":"es"},{"@type":"Organization","@id":"https:\/\/quakerspeak.com\/es\/#organization","name":"QuakerSpeak","url":"https:\/\/quakerspeak.com\/es\/","logo":{"@type":"ImageObject","inLanguage":"es","@id":"https:\/\/quakerspeak.com\/es\/#\/schema\/logo\/image\/","url":"https:\/\/quakerspeak.com\/wp-content\/uploads\/sites\/2\/2024\/03\/Without-BG-3.png","contentUrl":"https:\/\/quakerspeak.com\/wp-content\/uploads\/sites\/2\/2024\/03\/Without-BG-3.png","width":181,"height":66,"caption":"QuakerSpeak"},"image":{"@id":"https:\/\/quakerspeak.com\/es\/#\/schema\/logo\/image\/"}}]}},"distributor_meta":false,"distributor_terms":false,"distributor_media":false,"distributor_original_site_name":"QuakerSpeak","distributor_original_site_url":"https:\/\/quakerspeak.com\/es\/","push-errors":false,"acf":[],"_links":{"self":[{"href":"https:\/\/quakerspeak.com\/es\/wp-json\/wp\/v2\/pages\/7513","targetHints":{"allow":["GET"]}}],"collection":[{"href":"https:\/\/quakerspeak.com\/es\/wp-json\/wp\/v2\/pages"}],"about":[{"href":"https:\/\/quakerspeak.com\/es\/wp-json\/wp\/v2\/types\/page"}],"author":[{"embeddable":true,"href":"https:\/\/quakerspeak.com\/es\/wp-json\/wp\/v2\/users\/2"}],"replies":[{"embeddable":true,"href":"https:\/\/quakerspeak.com\/es\/wp-json\/wp\/v2\/comments?post=7513"}],"version-history":[{"count":0,"href":"https:\/\/quakerspeak.com\/es\/wp-json\/wp\/v2\/pages\/7513\/revisions"}],"wp:attachment":[{"href":"https:\/\/quakerspeak.com\/es\/wp-json\/wp\/v2\/media?parent=7513"}],"curies":[{"name":"wp","href":"https:\/\/api.w.org\/{rel}","templated":true}]}}