{"id":7496,"date":"2018-01-30T16:01:52","date_gmt":"2018-01-30T21:01:52","guid":{"rendered":"https:\/\/quakerspeak.com\/activismo-cuaquero\/"},"modified":"2025-10-23T10:01:57","modified_gmt":"2025-10-23T14:01:57","slug":"activismo-cuaquero","status":"publish","type":"page","link":"https:\/\/quakerspeak.com\/es\/activismo-cuaquero\/","title":{"rendered":"Activismo cu\u00e1quero"},"content":{"rendered":"\n<p>A menudo, los cu\u00e1queros descubren que su fe les lleva al activismo. A continuaci\u00f3n, encontrar\u00e1s nuestra colecci\u00f3n completa de v\u00eddeos sobre el tema del activismo cu\u00e1quero, incluyendo la historia del activismo cu\u00e1quero y entrevistas con activistas cu\u00e1queros. M\u00e1s&#8230;  <\/p>\n\n<figure class=\"wp-block-embed is-type-video is-provider-youtube wp-block-embed-youtube wp-embed-aspect-16-9 wp-has-aspect-ratio\"><div class=\"wp-block-embed__wrapper\">\n<iframe loading=\"lazy\" title=\"Quaker Activism\" width=\"500\" height=\"281\" src=\"https:\/\/www.youtube.com\/embed\/videoseries?list=PL-r97fEzGE2TTjwzaWcxbQViC5RnbAM0K\" frameborder=\"0\" allow=\"accelerometer; autoplay; clipboard-write; encrypted-media; gyroscope; picture-in-picture; web-share\" referrerpolicy=\"strict-origin-when-cross-origin\" allowfullscreen><\/iframe>\n<\/div><\/figure>\n\n<h4 class=\"wp-block-heading\">M\u00e1s sobre el tema del activismo cu\u00e1quero:<\/h4>\n\n<ul class=\"wp-block-list\">\n<li><a href=\"https:\/\/www.youtube.com\/playlist?list=PL-r97fEzGE2TTjwzaWcxbQViC5RnbAM0K\" target=\"_blank\" rel=\"noopener\">Ver<\/a> una lista completa de v\u00eddeos sobre el tema del activismo cu\u00e1quero.<\/li>\n\n\n\n<li><a href=\"https:\/\/www.friendsjournal.org\/search\/activism\">Leer art\u00edculos de Friends Journal<\/a> sobre el activismo cu\u00e1quero<\/li>\n\n\n\n<li><a href=\"https:\/\/www.quakerspeak.com\/subscribe\">Suscr\u00edbete<\/a> a QuakerSpeak para estar al tanto de nuestros futuros v\u00eddeos sobre el activismo cu\u00e1quero.<\/li>\n<\/ul>\n","protected":false},"excerpt":{"rendered":"<p>A menudo, los cu\u00e1queros descubren que su fe les lleva al activismo. A continuaci\u00f3n, encontrar\u00e1s nuestra colecci\u00f3n completa de v\u00eddeos&hellip;<\/p>\n","protected":false},"author":3,"featured_media":6003,"parent":0,"menu_order":0,"comment_status":"closed","ping_status":"closed","template":"","meta":{"_acf_changed":false,"hero_banner_post_id":0,"footnotes":""},"class_list":["post-7496","page","type-page","status-publish","has-post-thumbnail","hentry"],"yoast_head":"<!-- This site is optimized with the Yoast SEO plugin v27.3 - https:\/\/yoast.com\/product\/yoast-seo-wordpress\/ -->\n<title>Activismo cu\u00e1quero y entrevistas con activistas cu\u00e1queros<\/title>\n<meta name=\"description\" content=\"A menudo, los cu\u00e1queros descubren que su fe les lleva al activismo. Aqu\u00ed encontrar\u00e1s nuestra colecci\u00f3n completa de v\u00eddeos sobre el tema del activismo cu\u00e1quero, incluyendo la historia del activismo cu\u00e1quero y entrevistas con activistas cu\u00e1queros.\" \/>\n<meta name=\"robots\" content=\"index, follow, max-snippet:-1, max-image-preview:large, max-video-preview:-1\" \/>\n<link rel=\"canonical\" href=\"https:\/\/quakerspeak.com\/es\/activismo-cuaquero\/\" \/>\n<meta property=\"og:locale\" content=\"es_ES\" \/>\n<meta property=\"og:type\" content=\"article\" \/>\n<meta property=\"og:title\" content=\"Activismo cu\u00e1quero y entrevistas con activistas cu\u00e1queros\" \/>\n<meta property=\"og:description\" content=\"A menudo, los cu\u00e1queros descubren que su fe les lleva al activismo. Aqu\u00ed encontrar\u00e1s nuestra colecci\u00f3n completa de v\u00eddeos sobre el tema del activismo cu\u00e1quero, incluyendo la historia del activismo cu\u00e1quero y entrevistas con activistas cu\u00e1queros.\" \/>\n<meta property=\"og:url\" content=\"https:\/\/quakerspeak.com\/es\/activismo-cuaquero\/\" \/>\n<meta property=\"og:site_name\" content=\"QuakerSpeak\" \/>\n<meta property=\"article:modified_time\" content=\"2025-10-23T14:01:57+00:00\" \/>\n<meta property=\"og:image\" content=\"https:\/\/quakerspeak.com\/wp-content\/uploads\/sites\/2\/2018\/01\/quaker-activism-playlist.png\" \/>\n\t<meta property=\"og:image:width\" content=\"1280\" \/>\n\t<meta property=\"og:image:height\" content=\"720\" \/>\n\t<meta property=\"og:image:type\" content=\"image\/png\" \/>\n<meta name=\"twitter:card\" content=\"summary_large_image\" \/>\n<meta name=\"twitter:label1\" content=\"Est. reading time\" \/>\n\t<meta name=\"twitter:data1\" content=\"1 minuto\" \/>\n<script type=\"application\/ld+json\" class=\"yoast-schema-graph\">{\"@context\":\"https:\\\/\\\/schema.org\",\"@graph\":[{\"@type\":\"WebPage\",\"@id\":\"https:\\\/\\\/quakerspeak.com\\\/es\\\/activismo-cuaquero\\\/\",\"url\":\"https:\\\/\\\/quakerspeak.com\\\/es\\\/activismo-cuaquero\\\/\",\"name\":\"Activismo cu\u00e1quero y entrevistas con activistas cu\u00e1queros\",\"isPartOf\":{\"@id\":\"https:\\\/\\\/quakerspeak.com\\\/es\\\/#website\"},\"primaryImageOfPage\":{\"@id\":\"https:\\\/\\\/quakerspeak.com\\\/es\\\/activismo-cuaquero\\\/#primaryimage\"},\"image\":{\"@id\":\"https:\\\/\\\/quakerspeak.com\\\/es\\\/activismo-cuaquero\\\/#primaryimage\"},\"thumbnailUrl\":\"https:\\\/\\\/quakerspeak.com\\\/wp-content\\\/uploads\\\/sites\\\/2\\\/2018\\\/01\\\/quaker-activism-playlist.png\",\"datePublished\":\"2018-01-30T21:01:52+00:00\",\"dateModified\":\"2025-10-23T14:01:57+00:00\",\"description\":\"A menudo, los cu\u00e1queros descubren que su fe les lleva al activismo. Aqu\u00ed encontrar\u00e1s nuestra colecci\u00f3n completa de v\u00eddeos sobre el tema del activismo cu\u00e1quero, incluyendo la historia del activismo cu\u00e1quero y entrevistas con activistas cu\u00e1queros.\",\"breadcrumb\":{\"@id\":\"https:\\\/\\\/quakerspeak.com\\\/es\\\/activismo-cuaquero\\\/#breadcrumb\"},\"inLanguage\":\"es\",\"potentialAction\":[{\"@type\":\"ReadAction\",\"target\":[\"https:\\\/\\\/quakerspeak.com\\\/es\\\/activismo-cuaquero\\\/\"]}]},{\"@type\":\"ImageObject\",\"inLanguage\":\"es\",\"@id\":\"https:\\\/\\\/quakerspeak.com\\\/es\\\/activismo-cuaquero\\\/#primaryimage\",\"url\":\"https:\\\/\\\/quakerspeak.com\\\/wp-content\\\/uploads\\\/sites\\\/2\\\/2018\\\/01\\\/quaker-activism-playlist.png\",\"contentUrl\":\"https:\\\/\\\/quakerspeak.com\\\/wp-content\\\/uploads\\\/sites\\\/2\\\/2018\\\/01\\\/quaker-activism-playlist.png\",\"width\":1280,\"height\":720,\"caption\":\"Activismo cu\u00e1quero\"},{\"@type\":\"BreadcrumbList\",\"@id\":\"https:\\\/\\\/quakerspeak.com\\\/es\\\/activismo-cuaquero\\\/#breadcrumb\",\"itemListElement\":[{\"@type\":\"ListItem\",\"position\":1,\"name\":\"Home\",\"item\":\"https:\\\/\\\/quakerspeak.com\\\/es\\\/pagina-de-inicio\\\/\"},{\"@type\":\"ListItem\",\"position\":2,\"name\":\"Activismo cu\u00e1quero\"}]},{\"@type\":\"WebSite\",\"@id\":\"https:\\\/\\\/quakerspeak.com\\\/es\\\/#website\",\"url\":\"https:\\\/\\\/quakerspeak.com\\\/es\\\/\",\"name\":\"QuakerSpeak\",\"description\":\"Weekly Videos. Vital Ministries.\",\"publisher\":{\"@id\":\"https:\\\/\\\/quakerspeak.com\\\/es\\\/#organization\"},\"potentialAction\":[{\"@type\":\"SearchAction\",\"target\":{\"@type\":\"EntryPoint\",\"urlTemplate\":\"https:\\\/\\\/quakerspeak.com\\\/es\\\/?s={search_term_string}\"},\"query-input\":{\"@type\":\"PropertyValueSpecification\",\"valueRequired\":true,\"valueName\":\"search_term_string\"}}],\"inLanguage\":\"es\"},{\"@type\":\"Organization\",\"@id\":\"https:\\\/\\\/quakerspeak.com\\\/es\\\/#organization\",\"name\":\"QuakerSpeak\",\"url\":\"https:\\\/\\\/quakerspeak.com\\\/es\\\/\",\"logo\":{\"@type\":\"ImageObject\",\"inLanguage\":\"es\",\"@id\":\"https:\\\/\\\/quakerspeak.com\\\/es\\\/#\\\/schema\\\/logo\\\/image\\\/\",\"url\":\"https:\\\/\\\/quakerspeak.com\\\/wp-content\\\/uploads\\\/sites\\\/2\\\/2024\\\/03\\\/Without-BG-3.png\",\"contentUrl\":\"https:\\\/\\\/quakerspeak.com\\\/wp-content\\\/uploads\\\/sites\\\/2\\\/2024\\\/03\\\/Without-BG-3.png\",\"width\":181,\"height\":66,\"caption\":\"QuakerSpeak\"},\"image\":{\"@id\":\"https:\\\/\\\/quakerspeak.com\\\/es\\\/#\\\/schema\\\/logo\\\/image\\\/\"}}]}<\/script>\n<!-- \/ Yoast SEO plugin. -->","yoast_head_json":{"title":"Activismo cu\u00e1quero y entrevistas con activistas cu\u00e1queros","description":"A menudo, los cu\u00e1queros descubren que su fe les lleva al activismo. Aqu\u00ed encontrar\u00e1s nuestra colecci\u00f3n completa de v\u00eddeos sobre el tema del activismo cu\u00e1quero, incluyendo la historia del activismo cu\u00e1quero y entrevistas con activistas cu\u00e1queros.","robots":{"index":"index","follow":"follow","max-snippet":"max-snippet:-1","max-image-preview":"max-image-preview:large","max-video-preview":"max-video-preview:-1"},"canonical":"https:\/\/quakerspeak.com\/es\/activismo-cuaquero\/","og_locale":"es_ES","og_type":"article","og_title":"Activismo cu\u00e1quero y entrevistas con activistas cu\u00e1queros","og_description":"A menudo, los cu\u00e1queros descubren que su fe les lleva al activismo. Aqu\u00ed encontrar\u00e1s nuestra colecci\u00f3n completa de v\u00eddeos sobre el tema del activismo cu\u00e1quero, incluyendo la historia del activismo cu\u00e1quero y entrevistas con activistas cu\u00e1queros.","og_url":"https:\/\/quakerspeak.com\/es\/activismo-cuaquero\/","og_site_name":"QuakerSpeak","article_modified_time":"2025-10-23T14:01:57+00:00","og_image":[{"width":1280,"height":720,"url":"https:\/\/quakerspeak.com\/wp-content\/uploads\/sites\/2\/2018\/01\/quaker-activism-playlist.png","type":"image\/png"}],"twitter_card":"summary_large_image","twitter_misc":{"Est. reading time":"1 minuto"},"schema":{"@context":"https:\/\/schema.org","@graph":[{"@type":"WebPage","@id":"https:\/\/quakerspeak.com\/es\/activismo-cuaquero\/","url":"https:\/\/quakerspeak.com\/es\/activismo-cuaquero\/","name":"Activismo cu\u00e1quero y entrevistas con activistas cu\u00e1queros","isPartOf":{"@id":"https:\/\/quakerspeak.com\/es\/#website"},"primaryImageOfPage":{"@id":"https:\/\/quakerspeak.com\/es\/activismo-cuaquero\/#primaryimage"},"image":{"@id":"https:\/\/quakerspeak.com\/es\/activismo-cuaquero\/#primaryimage"},"thumbnailUrl":"https:\/\/quakerspeak.com\/wp-content\/uploads\/sites\/2\/2018\/01\/quaker-activism-playlist.png","datePublished":"2018-01-30T21:01:52+00:00","dateModified":"2025-10-23T14:01:57+00:00","description":"A menudo, los cu\u00e1queros descubren que su fe les lleva al activismo. Aqu\u00ed encontrar\u00e1s nuestra colecci\u00f3n completa de v\u00eddeos sobre el tema del activismo cu\u00e1quero, incluyendo la historia del activismo cu\u00e1quero y entrevistas con activistas cu\u00e1queros.","breadcrumb":{"@id":"https:\/\/quakerspeak.com\/es\/activismo-cuaquero\/#breadcrumb"},"inLanguage":"es","potentialAction":[{"@type":"ReadAction","target":["https:\/\/quakerspeak.com\/es\/activismo-cuaquero\/"]}]},{"@type":"ImageObject","inLanguage":"es","@id":"https:\/\/quakerspeak.com\/es\/activismo-cuaquero\/#primaryimage","url":"https:\/\/quakerspeak.com\/wp-content\/uploads\/sites\/2\/2018\/01\/quaker-activism-playlist.png","contentUrl":"https:\/\/quakerspeak.com\/wp-content\/uploads\/sites\/2\/2018\/01\/quaker-activism-playlist.png","width":1280,"height":720,"caption":"Activismo cu\u00e1quero"},{"@type":"BreadcrumbList","@id":"https:\/\/quakerspeak.com\/es\/activismo-cuaquero\/#breadcrumb","itemListElement":[{"@type":"ListItem","position":1,"name":"Home","item":"https:\/\/quakerspeak.com\/es\/pagina-de-inicio\/"},{"@type":"ListItem","position":2,"name":"Activismo cu\u00e1quero"}]},{"@type":"WebSite","@id":"https:\/\/quakerspeak.com\/es\/#website","url":"https:\/\/quakerspeak.com\/es\/","name":"QuakerSpeak","description":"Weekly Videos. Vital Ministries.","publisher":{"@id":"https:\/\/quakerspeak.com\/es\/#organization"},"potentialAction":[{"@type":"SearchAction","target":{"@type":"EntryPoint","urlTemplate":"https:\/\/quakerspeak.com\/es\/?s={search_term_string}"},"query-input":{"@type":"PropertyValueSpecification","valueRequired":true,"valueName":"search_term_string"}}],"inLanguage":"es"},{"@type":"Organization","@id":"https:\/\/quakerspeak.com\/es\/#organization","name":"QuakerSpeak","url":"https:\/\/quakerspeak.com\/es\/","logo":{"@type":"ImageObject","inLanguage":"es","@id":"https:\/\/quakerspeak.com\/es\/#\/schema\/logo\/image\/","url":"https:\/\/quakerspeak.com\/wp-content\/uploads\/sites\/2\/2024\/03\/Without-BG-3.png","contentUrl":"https:\/\/quakerspeak.com\/wp-content\/uploads\/sites\/2\/2024\/03\/Without-BG-3.png","width":181,"height":66,"caption":"QuakerSpeak"},"image":{"@id":"https:\/\/quakerspeak.com\/es\/#\/schema\/logo\/image\/"}}]}},"distributor_meta":false,"distributor_terms":false,"distributor_media":false,"distributor_original_site_name":"QuakerSpeak","distributor_original_site_url":"https:\/\/quakerspeak.com\/es\/","push-errors":false,"acf":[],"_links":{"self":[{"href":"https:\/\/quakerspeak.com\/es\/wp-json\/wp\/v2\/pages\/7496","targetHints":{"allow":["GET"]}}],"collection":[{"href":"https:\/\/quakerspeak.com\/es\/wp-json\/wp\/v2\/pages"}],"about":[{"href":"https:\/\/quakerspeak.com\/es\/wp-json\/wp\/v2\/types\/page"}],"author":[{"embeddable":true,"href":"https:\/\/quakerspeak.com\/es\/wp-json\/wp\/v2\/users\/3"}],"replies":[{"embeddable":true,"href":"https:\/\/quakerspeak.com\/es\/wp-json\/wp\/v2\/comments?post=7496"}],"version-history":[{"count":1,"href":"https:\/\/quakerspeak.com\/es\/wp-json\/wp\/v2\/pages\/7496\/revisions"}],"predecessor-version":[{"id":7500,"href":"https:\/\/quakerspeak.com\/es\/wp-json\/wp\/v2\/pages\/7496\/revisions\/7500"}],"wp:featuredmedia":[{"embeddable":true,"href":"https:\/\/quakerspeak.com\/es\/wp-json\/wp\/v2\/media\/6003"}],"wp:attachment":[{"href":"https:\/\/quakerspeak.com\/es\/wp-json\/wp\/v2\/media?parent=7496"}],"curies":[{"name":"wp","href":"https:\/\/api.w.org\/{rel}","templated":true}]}}