{"id":7489,"date":"2018-01-30T15:04:25","date_gmt":"2018-01-30T20:04:25","guid":{"rendered":"https:\/\/quakerspeak.com\/ministerio-cuaquero\/"},"modified":"2025-10-23T10:01:45","modified_gmt":"2025-10-23T14:01:45","slug":"ministerio-cuaquero","status":"publish","type":"page","link":"https:\/\/quakerspeak.com\/es\/ministerio-cuaquero\/","title":{"rendered":"Ministerio cu\u00e1quero"},"content":{"rendered":"\n<p>Una colecci\u00f3n de entrevistas en v\u00eddeo con cu\u00e1queros que ejercen un ministerio, y v\u00eddeos sobre el tema del ministerio cu\u00e1quero.<\/p>\n\n<p><\/p>\n\n<figure class=\"wp-block-embed is-type-video is-provider-youtube wp-block-embed-youtube wp-embed-aspect-16-9 wp-has-aspect-ratio\"><div class=\"wp-block-embed__wrapper\">\n<iframe loading=\"lazy\" title=\"Quaker Ministry\" width=\"500\" height=\"281\" src=\"https:\/\/www.youtube.com\/embed\/videoseries?list=PL-r97fEzGE2QvzWfxwubxSj98fd_Q-EhD\" frameborder=\"0\" allow=\"accelerometer; autoplay; clipboard-write; encrypted-media; gyroscope; picture-in-picture; web-share\" referrerpolicy=\"strict-origin-when-cross-origin\" allowfullscreen><\/iframe>\n<\/div><\/figure>\n\n<h4 class=\"wp-block-heading\">M\u00e1s sobre el tema del ministerio cu\u00e1quero:<\/h4>\n\n<ul class=\"wp-block-list\">\n<li><a href=\"https:\/\/www.youtube.com\/playlist?list=PL-r97fEzGE2QvzWfxwubxSj98fd_Q-EhD\" target=\"_blank\" rel=\"noopener\">Ver<\/a> una lista completa de v\u00eddeos sobre el tema del ministerio cu\u00e1quero.<\/li>\n\n\n\n<li><a href=\"https:\/\/www.friendsjournal.org\/search\/ministry\">Leer art\u00edculos de Friends Journal<\/a> sobre el ministerio cu\u00e1quero<\/li>\n\n\n\n<li><a href=\"https:\/\/www.quakerspeak.com\/subscribe\">Suscr\u00edbete<\/a> a QuakerSpeak para estar al tanto de nuestros futuros v\u00eddeos sobre el ministerio cu\u00e1quero.<\/li>\n<\/ul>\n","protected":false},"excerpt":{"rendered":"<p>Una colecci\u00f3n de entrevistas en v\u00eddeo con cu\u00e1queros que ejercen un ministerio, y v\u00eddeos sobre el tema del ministerio cu\u00e1quero.&hellip;<\/p>\n","protected":false},"author":3,"featured_media":6009,"parent":0,"menu_order":0,"comment_status":"closed","ping_status":"closed","template":"","meta":{"_acf_changed":false,"hero_banner_post_id":0,"footnotes":""},"class_list":["post-7489","page","type-page","status-publish","has-post-thumbnail","hentry"],"yoast_head":"<!-- This site is optimized with the Yoast SEO plugin v27.3 - https:\/\/yoast.com\/product\/yoast-seo-wordpress\/ -->\n<title>Ministerio cu\u00e1quero: v\u00eddeos sobre Amigos que ejercen el ministerio<\/title>\n<meta name=\"description\" content=\"Una colecci\u00f3n de entrevistas en v\u00eddeo con cu\u00e1queros que ejercen un ministerio, y v\u00eddeos sobre el tema del ministerio cu\u00e1quero. QuakerSpeak es un proyecto de Friends Journal.\" \/>\n<meta name=\"robots\" content=\"index, follow, max-snippet:-1, max-image-preview:large, max-video-preview:-1\" \/>\n<link rel=\"canonical\" href=\"https:\/\/quakerspeak.com\/es\/ministerio-cuaquero\/\" \/>\n<meta property=\"og:locale\" content=\"es_ES\" \/>\n<meta property=\"og:type\" content=\"article\" \/>\n<meta property=\"og:title\" content=\"Ministerio cu\u00e1quero: v\u00eddeos sobre Amigos que ejercen el ministerio\" \/>\n<meta property=\"og:description\" content=\"Una colecci\u00f3n de entrevistas en v\u00eddeo con cu\u00e1queros que ejercen un ministerio, y v\u00eddeos sobre el tema del ministerio cu\u00e1quero. QuakerSpeak es un proyecto de Friends Journal.\" \/>\n<meta property=\"og:url\" content=\"https:\/\/quakerspeak.com\/es\/ministerio-cuaquero\/\" \/>\n<meta property=\"og:site_name\" content=\"QuakerSpeak\" \/>\n<meta property=\"article:modified_time\" content=\"2025-10-23T14:01:45+00:00\" \/>\n<meta property=\"og:image\" content=\"https:\/\/quakerspeak.com\/wp-content\/uploads\/sites\/2\/2018\/01\/quaker-ministries-playlist.png\" \/>\n\t<meta property=\"og:image:width\" content=\"1280\" \/>\n\t<meta property=\"og:image:height\" content=\"720\" \/>\n\t<meta property=\"og:image:type\" content=\"image\/png\" \/>\n<meta name=\"twitter:card\" content=\"summary_large_image\" \/>\n<script type=\"application\/ld+json\" class=\"yoast-schema-graph\">{\"@context\":\"https:\\\/\\\/schema.org\",\"@graph\":[{\"@type\":\"WebPage\",\"@id\":\"https:\\\/\\\/quakerspeak.com\\\/es\\\/ministerio-cuaquero\\\/\",\"url\":\"https:\\\/\\\/quakerspeak.com\\\/es\\\/ministerio-cuaquero\\\/\",\"name\":\"Ministerio cu\u00e1quero: v\u00eddeos sobre Amigos que ejercen el ministerio\",\"isPartOf\":{\"@id\":\"https:\\\/\\\/quakerspeak.com\\\/es\\\/#website\"},\"primaryImageOfPage\":{\"@id\":\"https:\\\/\\\/quakerspeak.com\\\/es\\\/ministerio-cuaquero\\\/#primaryimage\"},\"image\":{\"@id\":\"https:\\\/\\\/quakerspeak.com\\\/es\\\/ministerio-cuaquero\\\/#primaryimage\"},\"thumbnailUrl\":\"https:\\\/\\\/quakerspeak.com\\\/wp-content\\\/uploads\\\/sites\\\/2\\\/2018\\\/01\\\/quaker-ministries-playlist.png\",\"datePublished\":\"2018-01-30T20:04:25+00:00\",\"dateModified\":\"2025-10-23T14:01:45+00:00\",\"description\":\"Una colecci\u00f3n de entrevistas en v\u00eddeo con cu\u00e1queros que ejercen un ministerio, y v\u00eddeos sobre el tema del ministerio cu\u00e1quero. QuakerSpeak es un proyecto de Friends Journal.\",\"breadcrumb\":{\"@id\":\"https:\\\/\\\/quakerspeak.com\\\/es\\\/ministerio-cuaquero\\\/#breadcrumb\"},\"inLanguage\":\"es\",\"potentialAction\":[{\"@type\":\"ReadAction\",\"target\":[\"https:\\\/\\\/quakerspeak.com\\\/es\\\/ministerio-cuaquero\\\/\"]}]},{\"@type\":\"ImageObject\",\"inLanguage\":\"es\",\"@id\":\"https:\\\/\\\/quakerspeak.com\\\/es\\\/ministerio-cuaquero\\\/#primaryimage\",\"url\":\"https:\\\/\\\/quakerspeak.com\\\/wp-content\\\/uploads\\\/sites\\\/2\\\/2018\\\/01\\\/quaker-ministries-playlist.png\",\"contentUrl\":\"https:\\\/\\\/quakerspeak.com\\\/wp-content\\\/uploads\\\/sites\\\/2\\\/2018\\\/01\\\/quaker-ministries-playlist.png\",\"width\":1280,\"height\":720,\"caption\":\"Ministerio cu\u00e1quero\"},{\"@type\":\"BreadcrumbList\",\"@id\":\"https:\\\/\\\/quakerspeak.com\\\/es\\\/ministerio-cuaquero\\\/#breadcrumb\",\"itemListElement\":[{\"@type\":\"ListItem\",\"position\":1,\"name\":\"Home\",\"item\":\"https:\\\/\\\/quakerspeak.com\\\/es\\\/pagina-de-inicio\\\/\"},{\"@type\":\"ListItem\",\"position\":2,\"name\":\"Ministerio cu\u00e1quero\"}]},{\"@type\":\"WebSite\",\"@id\":\"https:\\\/\\\/quakerspeak.com\\\/es\\\/#website\",\"url\":\"https:\\\/\\\/quakerspeak.com\\\/es\\\/\",\"name\":\"QuakerSpeak\",\"description\":\"Weekly Videos. Vital Ministries.\",\"publisher\":{\"@id\":\"https:\\\/\\\/quakerspeak.com\\\/es\\\/#organization\"},\"potentialAction\":[{\"@type\":\"SearchAction\",\"target\":{\"@type\":\"EntryPoint\",\"urlTemplate\":\"https:\\\/\\\/quakerspeak.com\\\/es\\\/?s={search_term_string}\"},\"query-input\":{\"@type\":\"PropertyValueSpecification\",\"valueRequired\":true,\"valueName\":\"search_term_string\"}}],\"inLanguage\":\"es\"},{\"@type\":\"Organization\",\"@id\":\"https:\\\/\\\/quakerspeak.com\\\/es\\\/#organization\",\"name\":\"QuakerSpeak\",\"url\":\"https:\\\/\\\/quakerspeak.com\\\/es\\\/\",\"logo\":{\"@type\":\"ImageObject\",\"inLanguage\":\"es\",\"@id\":\"https:\\\/\\\/quakerspeak.com\\\/es\\\/#\\\/schema\\\/logo\\\/image\\\/\",\"url\":\"https:\\\/\\\/quakerspeak.com\\\/wp-content\\\/uploads\\\/sites\\\/2\\\/2024\\\/03\\\/Without-BG-3.png\",\"contentUrl\":\"https:\\\/\\\/quakerspeak.com\\\/wp-content\\\/uploads\\\/sites\\\/2\\\/2024\\\/03\\\/Without-BG-3.png\",\"width\":181,\"height\":66,\"caption\":\"QuakerSpeak\"},\"image\":{\"@id\":\"https:\\\/\\\/quakerspeak.com\\\/es\\\/#\\\/schema\\\/logo\\\/image\\\/\"}}]}<\/script>\n<!-- \/ Yoast SEO plugin. -->","yoast_head_json":{"title":"Ministerio cu\u00e1quero: v\u00eddeos sobre Amigos que ejercen el ministerio","description":"Una colecci\u00f3n de entrevistas en v\u00eddeo con cu\u00e1queros que ejercen un ministerio, y v\u00eddeos sobre el tema del ministerio cu\u00e1quero. QuakerSpeak es un proyecto de Friends Journal.","robots":{"index":"index","follow":"follow","max-snippet":"max-snippet:-1","max-image-preview":"max-image-preview:large","max-video-preview":"max-video-preview:-1"},"canonical":"https:\/\/quakerspeak.com\/es\/ministerio-cuaquero\/","og_locale":"es_ES","og_type":"article","og_title":"Ministerio cu\u00e1quero: v\u00eddeos sobre Amigos que ejercen el ministerio","og_description":"Una colecci\u00f3n de entrevistas en v\u00eddeo con cu\u00e1queros que ejercen un ministerio, y v\u00eddeos sobre el tema del ministerio cu\u00e1quero. QuakerSpeak es un proyecto de Friends Journal.","og_url":"https:\/\/quakerspeak.com\/es\/ministerio-cuaquero\/","og_site_name":"QuakerSpeak","article_modified_time":"2025-10-23T14:01:45+00:00","og_image":[{"width":1280,"height":720,"url":"https:\/\/quakerspeak.com\/wp-content\/uploads\/sites\/2\/2018\/01\/quaker-ministries-playlist.png","type":"image\/png"}],"twitter_card":"summary_large_image","schema":{"@context":"https:\/\/schema.org","@graph":[{"@type":"WebPage","@id":"https:\/\/quakerspeak.com\/es\/ministerio-cuaquero\/","url":"https:\/\/quakerspeak.com\/es\/ministerio-cuaquero\/","name":"Ministerio cu\u00e1quero: v\u00eddeos sobre Amigos que ejercen el ministerio","isPartOf":{"@id":"https:\/\/quakerspeak.com\/es\/#website"},"primaryImageOfPage":{"@id":"https:\/\/quakerspeak.com\/es\/ministerio-cuaquero\/#primaryimage"},"image":{"@id":"https:\/\/quakerspeak.com\/es\/ministerio-cuaquero\/#primaryimage"},"thumbnailUrl":"https:\/\/quakerspeak.com\/wp-content\/uploads\/sites\/2\/2018\/01\/quaker-ministries-playlist.png","datePublished":"2018-01-30T20:04:25+00:00","dateModified":"2025-10-23T14:01:45+00:00","description":"Una colecci\u00f3n de entrevistas en v\u00eddeo con cu\u00e1queros que ejercen un ministerio, y v\u00eddeos sobre el tema del ministerio cu\u00e1quero. QuakerSpeak es un proyecto de Friends Journal.","breadcrumb":{"@id":"https:\/\/quakerspeak.com\/es\/ministerio-cuaquero\/#breadcrumb"},"inLanguage":"es","potentialAction":[{"@type":"ReadAction","target":["https:\/\/quakerspeak.com\/es\/ministerio-cuaquero\/"]}]},{"@type":"ImageObject","inLanguage":"es","@id":"https:\/\/quakerspeak.com\/es\/ministerio-cuaquero\/#primaryimage","url":"https:\/\/quakerspeak.com\/wp-content\/uploads\/sites\/2\/2018\/01\/quaker-ministries-playlist.png","contentUrl":"https:\/\/quakerspeak.com\/wp-content\/uploads\/sites\/2\/2018\/01\/quaker-ministries-playlist.png","width":1280,"height":720,"caption":"Ministerio cu\u00e1quero"},{"@type":"BreadcrumbList","@id":"https:\/\/quakerspeak.com\/es\/ministerio-cuaquero\/#breadcrumb","itemListElement":[{"@type":"ListItem","position":1,"name":"Home","item":"https:\/\/quakerspeak.com\/es\/pagina-de-inicio\/"},{"@type":"ListItem","position":2,"name":"Ministerio cu\u00e1quero"}]},{"@type":"WebSite","@id":"https:\/\/quakerspeak.com\/es\/#website","url":"https:\/\/quakerspeak.com\/es\/","name":"QuakerSpeak","description":"Weekly Videos. Vital Ministries.","publisher":{"@id":"https:\/\/quakerspeak.com\/es\/#organization"},"potentialAction":[{"@type":"SearchAction","target":{"@type":"EntryPoint","urlTemplate":"https:\/\/quakerspeak.com\/es\/?s={search_term_string}"},"query-input":{"@type":"PropertyValueSpecification","valueRequired":true,"valueName":"search_term_string"}}],"inLanguage":"es"},{"@type":"Organization","@id":"https:\/\/quakerspeak.com\/es\/#organization","name":"QuakerSpeak","url":"https:\/\/quakerspeak.com\/es\/","logo":{"@type":"ImageObject","inLanguage":"es","@id":"https:\/\/quakerspeak.com\/es\/#\/schema\/logo\/image\/","url":"https:\/\/quakerspeak.com\/wp-content\/uploads\/sites\/2\/2024\/03\/Without-BG-3.png","contentUrl":"https:\/\/quakerspeak.com\/wp-content\/uploads\/sites\/2\/2024\/03\/Without-BG-3.png","width":181,"height":66,"caption":"QuakerSpeak"},"image":{"@id":"https:\/\/quakerspeak.com\/es\/#\/schema\/logo\/image\/"}}]}},"distributor_meta":false,"distributor_terms":false,"distributor_media":false,"distributor_original_site_name":"QuakerSpeak","distributor_original_site_url":"https:\/\/quakerspeak.com\/es\/","push-errors":false,"acf":[],"_links":{"self":[{"href":"https:\/\/quakerspeak.com\/es\/wp-json\/wp\/v2\/pages\/7489","targetHints":{"allow":["GET"]}}],"collection":[{"href":"https:\/\/quakerspeak.com\/es\/wp-json\/wp\/v2\/pages"}],"about":[{"href":"https:\/\/quakerspeak.com\/es\/wp-json\/wp\/v2\/types\/page"}],"author":[{"embeddable":true,"href":"https:\/\/quakerspeak.com\/es\/wp-json\/wp\/v2\/users\/3"}],"replies":[{"embeddable":true,"href":"https:\/\/quakerspeak.com\/es\/wp-json\/wp\/v2\/comments?post=7489"}],"version-history":[{"count":1,"href":"https:\/\/quakerspeak.com\/es\/wp-json\/wp\/v2\/pages\/7489\/revisions"}],"predecessor-version":[{"id":7490,"href":"https:\/\/quakerspeak.com\/es\/wp-json\/wp\/v2\/pages\/7489\/revisions\/7490"}],"wp:featuredmedia":[{"embeddable":true,"href":"https:\/\/quakerspeak.com\/es\/wp-json\/wp\/v2\/media\/6009"}],"wp:attachment":[{"href":"https:\/\/quakerspeak.com\/es\/wp-json\/wp\/v2\/media?parent=7489"}],"curies":[{"name":"wp","href":"https:\/\/api.w.org\/{rel}","templated":true}]}}