{"id":7485,"date":"2018-01-30T15:00:10","date_gmt":"2018-01-30T20:00:10","guid":{"rendered":"https:\/\/quakerspeak.com\/creencias-y-teologia-cuaqueras\/"},"modified":"2025-10-23T10:01:37","modified_gmt":"2025-10-23T14:01:37","slug":"creencias-y-teologia-cuaqueras","status":"publish","type":"page","link":"https:\/\/quakerspeak.com\/es\/creencias-y-teologia-cuaqueras\/","title":{"rendered":"Creencias y teolog\u00eda cu\u00e1queras"},"content":{"rendered":"\n<p>\u00bfEn qu\u00e9 creen los cu\u00e1queros? Aqu\u00ed tienes una colecci\u00f3n de v\u00eddeos cortos que hemos recopilado sobre las creencias y la teolog\u00eda cu\u00e1queras. QuakerSpeak es un proyecto semanal de v\u00eddeos cu\u00e1queros de <a href=\"https:\/\/friendsjournal.org\/\" target=\"_blank\" rel=\"noopener\">Friends Journal<\/a>. <\/p>\n\n<figure class=\"wp-block-embed is-type-video is-provider-youtube wp-block-embed-youtube wp-embed-aspect-16-9 wp-has-aspect-ratio\"><div class=\"wp-block-embed__wrapper\">\n<iframe loading=\"lazy\" title=\"Quaker Beliefs and Theology\" width=\"500\" height=\"281\" src=\"https:\/\/www.youtube.com\/embed\/videoseries?list=PL-r97fEzGE2RV3CQdehzpNrL7d0kYWnUB\" frameborder=\"0\" allow=\"accelerometer; autoplay; clipboard-write; encrypted-media; gyroscope; picture-in-picture; web-share\" referrerpolicy=\"strict-origin-when-cross-origin\" allowfullscreen><\/iframe>\n<\/div><\/figure>\n\n<h4 class=\"wp-block-heading\">M\u00e1s sobre el tema de las creencias y la teolog\u00eda cu\u00e1queras:<\/h4>\n\n<ul class=\"wp-block-list\">\n<li><a href=\"https:\/\/www.youtube.com\/playlist?list=PL-r97fEzGE2RV3CQdehzpNrL7d0kYWnUB\" target=\"_blank\" rel=\"noopener\">Mira<\/a> una lista completa de v\u00eddeos sobre creencias y teolog\u00eda cu\u00e1queras en YouTube.<\/li>\n\n\n\n<li><a href=\"https:\/\/www.friendsjournal.org\/search\/theology\" target=\"_blank\" rel=\"noopener\">Lee art\u00edculos de Friends Journal<\/a> sobre creencias cu\u00e1queras.<\/li>\n\n\n\n<li><a href=\"https:\/\/www.quakerspeak.com\/subscribe\">Suscr\u00edbete<\/a> a QuakerSpeak para estar al tanto de nuestros futuros v\u00eddeos sobre creencias y teolog\u00eda cu\u00e1queras.<\/li>\n<\/ul>\n","protected":false},"excerpt":{"rendered":"<p>\u00bfEn qu\u00e9 creen los cu\u00e1queros? Aqu\u00ed tienes una colecci\u00f3n de v\u00eddeos cortos que hemos recopilado sobre las creencias y la&hellip;<\/p>\n","protected":false},"author":3,"featured_media":6005,"parent":0,"menu_order":0,"comment_status":"closed","ping_status":"closed","template":"","meta":{"_acf_changed":false,"hero_banner_post_id":0,"footnotes":""},"class_list":["post-7485","page","type-page","status-publish","has-post-thumbnail","hentry"],"yoast_head":"<!-- This site is optimized with the Yoast SEO plugin v27.3 - https:\/\/yoast.com\/product\/yoast-seo-wordpress\/ -->\n<title>Creencias y teolog\u00eda cu\u00e1queras: breves entrevistas en v\u00eddeo con cu\u00e1queros<\/title>\n<meta name=\"description\" content=\"\u00bfEn qu\u00e9 creen los cu\u00e1queros? Aqu\u00ed tienes una colecci\u00f3n de v\u00eddeos cortos que hemos recopilado sobre el tema de las creencias cu\u00e1queras. QuakerSpeak es un proyecto semanal de v\u00eddeos cu\u00e1queros de Friends Journal.\" \/>\n<meta name=\"robots\" content=\"index, follow, max-snippet:-1, max-image-preview:large, max-video-preview:-1\" \/>\n<link rel=\"canonical\" href=\"https:\/\/quakerspeak.com\/es\/creencias-y-teologia-cuaqueras\/\" \/>\n<meta property=\"og:locale\" content=\"es_ES\" \/>\n<meta property=\"og:type\" content=\"article\" \/>\n<meta property=\"og:title\" content=\"Creencias y teolog\u00eda cu\u00e1queras: breves entrevistas en v\u00eddeo con cu\u00e1queros\" \/>\n<meta property=\"og:description\" content=\"\u00bfEn qu\u00e9 creen los cu\u00e1queros? Aqu\u00ed tienes una colecci\u00f3n de v\u00eddeos cortos que hemos recopilado sobre el tema de las creencias cu\u00e1queras. QuakerSpeak es un proyecto semanal de v\u00eddeos cu\u00e1queros de Friends Journal.\" \/>\n<meta property=\"og:url\" content=\"https:\/\/quakerspeak.com\/es\/creencias-y-teologia-cuaqueras\/\" \/>\n<meta property=\"og:site_name\" content=\"QuakerSpeak\" \/>\n<meta property=\"article:modified_time\" content=\"2025-10-23T14:01:37+00:00\" \/>\n<meta property=\"og:image\" content=\"https:\/\/quakerspeak.com\/wp-content\/uploads\/sites\/2\/2018\/01\/quaker-beliefs-and-theology.png\" \/>\n\t<meta property=\"og:image:width\" content=\"1280\" \/>\n\t<meta property=\"og:image:height\" content=\"720\" \/>\n\t<meta property=\"og:image:type\" content=\"image\/png\" \/>\n<meta name=\"twitter:card\" content=\"summary_large_image\" \/>\n<meta name=\"twitter:label1\" content=\"Est. reading time\" \/>\n\t<meta name=\"twitter:data1\" content=\"1 minuto\" \/>\n<script type=\"application\/ld+json\" class=\"yoast-schema-graph\">{\"@context\":\"https:\\\/\\\/schema.org\",\"@graph\":[{\"@type\":\"WebPage\",\"@id\":\"https:\\\/\\\/quakerspeak.com\\\/es\\\/creencias-y-teologia-cuaqueras\\\/\",\"url\":\"https:\\\/\\\/quakerspeak.com\\\/es\\\/creencias-y-teologia-cuaqueras\\\/\",\"name\":\"Creencias y teolog\u00eda cu\u00e1queras: breves entrevistas en v\u00eddeo con cu\u00e1queros\",\"isPartOf\":{\"@id\":\"https:\\\/\\\/quakerspeak.com\\\/es\\\/#website\"},\"primaryImageOfPage\":{\"@id\":\"https:\\\/\\\/quakerspeak.com\\\/es\\\/creencias-y-teologia-cuaqueras\\\/#primaryimage\"},\"image\":{\"@id\":\"https:\\\/\\\/quakerspeak.com\\\/es\\\/creencias-y-teologia-cuaqueras\\\/#primaryimage\"},\"thumbnailUrl\":\"https:\\\/\\\/quakerspeak.com\\\/wp-content\\\/uploads\\\/sites\\\/2\\\/2018\\\/01\\\/quaker-beliefs-and-theology.png\",\"datePublished\":\"2018-01-30T20:00:10+00:00\",\"dateModified\":\"2025-10-23T14:01:37+00:00\",\"description\":\"\u00bfEn qu\u00e9 creen los cu\u00e1queros? Aqu\u00ed tienes una colecci\u00f3n de v\u00eddeos cortos que hemos recopilado sobre el tema de las creencias cu\u00e1queras. QuakerSpeak es un proyecto semanal de v\u00eddeos cu\u00e1queros de Friends Journal.\",\"breadcrumb\":{\"@id\":\"https:\\\/\\\/quakerspeak.com\\\/es\\\/creencias-y-teologia-cuaqueras\\\/#breadcrumb\"},\"inLanguage\":\"es\",\"potentialAction\":[{\"@type\":\"ReadAction\",\"target\":[\"https:\\\/\\\/quakerspeak.com\\\/es\\\/creencias-y-teologia-cuaqueras\\\/\"]}]},{\"@type\":\"ImageObject\",\"inLanguage\":\"es\",\"@id\":\"https:\\\/\\\/quakerspeak.com\\\/es\\\/creencias-y-teologia-cuaqueras\\\/#primaryimage\",\"url\":\"https:\\\/\\\/quakerspeak.com\\\/wp-content\\\/uploads\\\/sites\\\/2\\\/2018\\\/01\\\/quaker-beliefs-and-theology.png\",\"contentUrl\":\"https:\\\/\\\/quakerspeak.com\\\/wp-content\\\/uploads\\\/sites\\\/2\\\/2018\\\/01\\\/quaker-beliefs-and-theology.png\",\"width\":1280,\"height\":720,\"caption\":\"Creencias cu\u00e1queras\"},{\"@type\":\"BreadcrumbList\",\"@id\":\"https:\\\/\\\/quakerspeak.com\\\/es\\\/creencias-y-teologia-cuaqueras\\\/#breadcrumb\",\"itemListElement\":[{\"@type\":\"ListItem\",\"position\":1,\"name\":\"Home\",\"item\":\"https:\\\/\\\/quakerspeak.com\\\/es\\\/pagina-de-inicio\\\/\"},{\"@type\":\"ListItem\",\"position\":2,\"name\":\"Creencias y teolog\u00eda cu\u00e1queras\"}]},{\"@type\":\"WebSite\",\"@id\":\"https:\\\/\\\/quakerspeak.com\\\/es\\\/#website\",\"url\":\"https:\\\/\\\/quakerspeak.com\\\/es\\\/\",\"name\":\"QuakerSpeak\",\"description\":\"Weekly Videos. Vital Ministries.\",\"publisher\":{\"@id\":\"https:\\\/\\\/quakerspeak.com\\\/es\\\/#organization\"},\"potentialAction\":[{\"@type\":\"SearchAction\",\"target\":{\"@type\":\"EntryPoint\",\"urlTemplate\":\"https:\\\/\\\/quakerspeak.com\\\/es\\\/?s={search_term_string}\"},\"query-input\":{\"@type\":\"PropertyValueSpecification\",\"valueRequired\":true,\"valueName\":\"search_term_string\"}}],\"inLanguage\":\"es\"},{\"@type\":\"Organization\",\"@id\":\"https:\\\/\\\/quakerspeak.com\\\/es\\\/#organization\",\"name\":\"QuakerSpeak\",\"url\":\"https:\\\/\\\/quakerspeak.com\\\/es\\\/\",\"logo\":{\"@type\":\"ImageObject\",\"inLanguage\":\"es\",\"@id\":\"https:\\\/\\\/quakerspeak.com\\\/es\\\/#\\\/schema\\\/logo\\\/image\\\/\",\"url\":\"https:\\\/\\\/quakerspeak.com\\\/wp-content\\\/uploads\\\/sites\\\/2\\\/2024\\\/03\\\/Without-BG-3.png\",\"contentUrl\":\"https:\\\/\\\/quakerspeak.com\\\/wp-content\\\/uploads\\\/sites\\\/2\\\/2024\\\/03\\\/Without-BG-3.png\",\"width\":181,\"height\":66,\"caption\":\"QuakerSpeak\"},\"image\":{\"@id\":\"https:\\\/\\\/quakerspeak.com\\\/es\\\/#\\\/schema\\\/logo\\\/image\\\/\"}}]}<\/script>\n<!-- \/ Yoast SEO plugin. -->","yoast_head_json":{"title":"Creencias y teolog\u00eda cu\u00e1queras: breves entrevistas en v\u00eddeo con cu\u00e1queros","description":"\u00bfEn qu\u00e9 creen los cu\u00e1queros? Aqu\u00ed tienes una colecci\u00f3n de v\u00eddeos cortos que hemos recopilado sobre el tema de las creencias cu\u00e1queras. QuakerSpeak es un proyecto semanal de v\u00eddeos cu\u00e1queros de Friends Journal.","robots":{"index":"index","follow":"follow","max-snippet":"max-snippet:-1","max-image-preview":"max-image-preview:large","max-video-preview":"max-video-preview:-1"},"canonical":"https:\/\/quakerspeak.com\/es\/creencias-y-teologia-cuaqueras\/","og_locale":"es_ES","og_type":"article","og_title":"Creencias y teolog\u00eda cu\u00e1queras: breves entrevistas en v\u00eddeo con cu\u00e1queros","og_description":"\u00bfEn qu\u00e9 creen los cu\u00e1queros? Aqu\u00ed tienes una colecci\u00f3n de v\u00eddeos cortos que hemos recopilado sobre el tema de las creencias cu\u00e1queras. QuakerSpeak es un proyecto semanal de v\u00eddeos cu\u00e1queros de Friends Journal.","og_url":"https:\/\/quakerspeak.com\/es\/creencias-y-teologia-cuaqueras\/","og_site_name":"QuakerSpeak","article_modified_time":"2025-10-23T14:01:37+00:00","og_image":[{"width":1280,"height":720,"url":"https:\/\/quakerspeak.com\/wp-content\/uploads\/sites\/2\/2018\/01\/quaker-beliefs-and-theology.png","type":"image\/png"}],"twitter_card":"summary_large_image","twitter_misc":{"Est. reading time":"1 minuto"},"schema":{"@context":"https:\/\/schema.org","@graph":[{"@type":"WebPage","@id":"https:\/\/quakerspeak.com\/es\/creencias-y-teologia-cuaqueras\/","url":"https:\/\/quakerspeak.com\/es\/creencias-y-teologia-cuaqueras\/","name":"Creencias y teolog\u00eda cu\u00e1queras: breves entrevistas en v\u00eddeo con cu\u00e1queros","isPartOf":{"@id":"https:\/\/quakerspeak.com\/es\/#website"},"primaryImageOfPage":{"@id":"https:\/\/quakerspeak.com\/es\/creencias-y-teologia-cuaqueras\/#primaryimage"},"image":{"@id":"https:\/\/quakerspeak.com\/es\/creencias-y-teologia-cuaqueras\/#primaryimage"},"thumbnailUrl":"https:\/\/quakerspeak.com\/wp-content\/uploads\/sites\/2\/2018\/01\/quaker-beliefs-and-theology.png","datePublished":"2018-01-30T20:00:10+00:00","dateModified":"2025-10-23T14:01:37+00:00","description":"\u00bfEn qu\u00e9 creen los cu\u00e1queros? Aqu\u00ed tienes una colecci\u00f3n de v\u00eddeos cortos que hemos recopilado sobre el tema de las creencias cu\u00e1queras. QuakerSpeak es un proyecto semanal de v\u00eddeos cu\u00e1queros de Friends Journal.","breadcrumb":{"@id":"https:\/\/quakerspeak.com\/es\/creencias-y-teologia-cuaqueras\/#breadcrumb"},"inLanguage":"es","potentialAction":[{"@type":"ReadAction","target":["https:\/\/quakerspeak.com\/es\/creencias-y-teologia-cuaqueras\/"]}]},{"@type":"ImageObject","inLanguage":"es","@id":"https:\/\/quakerspeak.com\/es\/creencias-y-teologia-cuaqueras\/#primaryimage","url":"https:\/\/quakerspeak.com\/wp-content\/uploads\/sites\/2\/2018\/01\/quaker-beliefs-and-theology.png","contentUrl":"https:\/\/quakerspeak.com\/wp-content\/uploads\/sites\/2\/2018\/01\/quaker-beliefs-and-theology.png","width":1280,"height":720,"caption":"Creencias cu\u00e1queras"},{"@type":"BreadcrumbList","@id":"https:\/\/quakerspeak.com\/es\/creencias-y-teologia-cuaqueras\/#breadcrumb","itemListElement":[{"@type":"ListItem","position":1,"name":"Home","item":"https:\/\/quakerspeak.com\/es\/pagina-de-inicio\/"},{"@type":"ListItem","position":2,"name":"Creencias y teolog\u00eda cu\u00e1queras"}]},{"@type":"WebSite","@id":"https:\/\/quakerspeak.com\/es\/#website","url":"https:\/\/quakerspeak.com\/es\/","name":"QuakerSpeak","description":"Weekly Videos. Vital Ministries.","publisher":{"@id":"https:\/\/quakerspeak.com\/es\/#organization"},"potentialAction":[{"@type":"SearchAction","target":{"@type":"EntryPoint","urlTemplate":"https:\/\/quakerspeak.com\/es\/?s={search_term_string}"},"query-input":{"@type":"PropertyValueSpecification","valueRequired":true,"valueName":"search_term_string"}}],"inLanguage":"es"},{"@type":"Organization","@id":"https:\/\/quakerspeak.com\/es\/#organization","name":"QuakerSpeak","url":"https:\/\/quakerspeak.com\/es\/","logo":{"@type":"ImageObject","inLanguage":"es","@id":"https:\/\/quakerspeak.com\/es\/#\/schema\/logo\/image\/","url":"https:\/\/quakerspeak.com\/wp-content\/uploads\/sites\/2\/2024\/03\/Without-BG-3.png","contentUrl":"https:\/\/quakerspeak.com\/wp-content\/uploads\/sites\/2\/2024\/03\/Without-BG-3.png","width":181,"height":66,"caption":"QuakerSpeak"},"image":{"@id":"https:\/\/quakerspeak.com\/es\/#\/schema\/logo\/image\/"}}]}},"distributor_meta":false,"distributor_terms":false,"distributor_media":false,"distributor_original_site_name":"QuakerSpeak","distributor_original_site_url":"https:\/\/quakerspeak.com\/es\/","push-errors":false,"acf":[],"_links":{"self":[{"href":"https:\/\/quakerspeak.com\/es\/wp-json\/wp\/v2\/pages\/7485","targetHints":{"allow":["GET"]}}],"collection":[{"href":"https:\/\/quakerspeak.com\/es\/wp-json\/wp\/v2\/pages"}],"about":[{"href":"https:\/\/quakerspeak.com\/es\/wp-json\/wp\/v2\/types\/page"}],"author":[{"embeddable":true,"href":"https:\/\/quakerspeak.com\/es\/wp-json\/wp\/v2\/users\/3"}],"replies":[{"embeddable":true,"href":"https:\/\/quakerspeak.com\/es\/wp-json\/wp\/v2\/comments?post=7485"}],"version-history":[{"count":1,"href":"https:\/\/quakerspeak.com\/es\/wp-json\/wp\/v2\/pages\/7485\/revisions"}],"predecessor-version":[{"id":7486,"href":"https:\/\/quakerspeak.com\/es\/wp-json\/wp\/v2\/pages\/7485\/revisions\/7486"}],"wp:featuredmedia":[{"embeddable":true,"href":"https:\/\/quakerspeak.com\/es\/wp-json\/wp\/v2\/media\/6005"}],"wp:attachment":[{"href":"https:\/\/quakerspeak.com\/es\/wp-json\/wp\/v2\/media?parent=7485"}],"curies":[{"name":"wp","href":"https:\/\/api.w.org\/{rel}","templated":true}]}}