{"id":7484,"date":"2018-01-30T14:52:42","date_gmt":"2018-01-30T19:52:42","guid":{"rendered":"https:\/\/quakerspeak.com\/videos-recientes\/"},"modified":"2018-01-30T14:52:42","modified_gmt":"2018-01-30T19:52:42","slug":"videos-recientes","status":"publish","type":"page","link":"https:\/\/quakerspeak.com\/es\/videos-recientes\/","title":{"rendered":"V\u00eddeos recientes"},"content":{"rendered":"<p>Una lista de los v\u00eddeos de QuakerSpeak publicados m\u00e1s recientemente. QuakerSpeak es un proyecto semanal de v\u00eddeos cu\u00e1queros de <g id=\"gid_0\">Friends Journal<\/g>. \u00a1Mira todos nuestros v\u00eddeos m\u00e1s recientes aqu\u00ed!  <\/p>\n<p>[embedyt]<br \/>\nhttps:\/\/www.youtube.com\/embed?listType=playlist&#038;list=PL-r97fEzGE2Th6OgcDQIY14jMi0wknb8u&#038;layout=gallery[\/embedyt]<\/p>\n<h4>M\u00e1s contenido cu\u00e1quero, reciente y de otro tipo<\/h4>\n<ul>\n<li>P\u00e1ginas de <a href=\"https:\/\/quakerspeak.com\/newest-videos\/\">v\u00eddeos m\u00e1s recientes<\/a> con transcripciones y preguntas para el debate<\/li>\n<li><a href=\"https:\/\/www.quakerspeak.com\/subscribe\">Suscr\u00edbete<\/a> a QuakerSpeak para estar al tanto de nuestros v\u00eddeos m\u00e1s recientes.<\/li>\n<li><a href=\"https:\/\/www.friendsjournal.org\/\">Lee los art\u00edculos m\u00e1s recientes de Friends Journal<\/a><\/li>\n<li><a href=\"https:\/\/www.youtube.com\/playlist?list=PL-r97fEzGE2Th6OgcDQIY14jMi0wknb8u\" rel=\"noopener\" target=\"_blank\">Mira<\/a> una lista completa de los v\u00eddeos que hemos publicado, recientes y de otro tipo.<\/li>\n<ul>\n","protected":false},"excerpt":{"rendered":"<p>Una lista de los v\u00eddeos de QuakerSpeak publicados m\u00e1s recientemente. QuakerSpeak es un proyecto semanal de v\u00eddeos cu\u00e1queros de Friends&hellip;<\/p>\n","protected":false},"author":3,"featured_media":6015,"parent":0,"menu_order":0,"comment_status":"closed","ping_status":"closed","template":"","meta":{"_acf_changed":false,"hero_banner_post_id":0,"footnotes":""},"class_list":["post-7484","page","type-page","status-publish","has-post-thumbnail","hentry"],"yoast_head":"<!-- This site is optimized with the Yoast SEO plugin v27.3 - https:\/\/yoast.com\/product\/yoast-seo-wordpress\/ -->\n<title>Los v\u00eddeos m\u00e1s recientes de QuakerSpeak: un proyecto semanal de v\u00eddeos cu\u00e1queros<\/title>\n<meta name=\"description\" content=\"Una lista de los v\u00eddeos de QuakerSpeak publicados m\u00e1s recientemente. QuakerSpeak es un proyecto semanal de v\u00eddeos cu\u00e1queros de Friends Journal. \u00a1Mira todos nuestros v\u00eddeos recientes aqu\u00ed!\" \/>\n<meta name=\"robots\" content=\"index, follow, max-snippet:-1, max-image-preview:large, max-video-preview:-1\" \/>\n<link rel=\"canonical\" href=\"https:\/\/quakerspeak.com\/es\/videos-recientes\/\" \/>\n<meta property=\"og:locale\" content=\"es_ES\" \/>\n<meta property=\"og:type\" content=\"article\" \/>\n<meta property=\"og:title\" content=\"Los v\u00eddeos m\u00e1s recientes de QuakerSpeak: un proyecto semanal de v\u00eddeos cu\u00e1queros\" \/>\n<meta property=\"og:description\" content=\"Una lista de los v\u00eddeos de QuakerSpeak publicados m\u00e1s recientemente. QuakerSpeak es un proyecto semanal de v\u00eddeos cu\u00e1queros de Friends Journal. \u00a1Mira todos nuestros v\u00eddeos recientes aqu\u00ed!\" \/>\n<meta property=\"og:url\" content=\"https:\/\/quakerspeak.com\/es\/videos-recientes\/\" \/>\n<meta property=\"og:site_name\" content=\"QuakerSpeak\" \/>\n<meta property=\"og:image\" content=\"https:\/\/quakerspeak.com\/wp-content\/uploads\/sites\/2\/2018\/01\/most-recent-videos-round.png\" \/>\n\t<meta property=\"og:image:width\" content=\"1280\" \/>\n\t<meta property=\"og:image:height\" content=\"720\" \/>\n\t<meta property=\"og:image:type\" content=\"image\/png\" \/>\n<meta name=\"twitter:card\" content=\"summary_large_image\" \/>\n<meta name=\"twitter:label1\" content=\"Est. reading time\" \/>\n\t<meta name=\"twitter:data1\" content=\"1 minuto\" \/>\n<script type=\"application\/ld+json\" class=\"yoast-schema-graph\">{\"@context\":\"https:\\\/\\\/schema.org\",\"@graph\":[{\"@type\":\"WebPage\",\"@id\":\"https:\\\/\\\/quakerspeak.com\\\/es\\\/videos-recientes\\\/\",\"url\":\"https:\\\/\\\/quakerspeak.com\\\/es\\\/videos-recientes\\\/\",\"name\":\"Los v\u00eddeos m\u00e1s recientes de QuakerSpeak: un proyecto semanal de v\u00eddeos cu\u00e1queros\",\"isPartOf\":{\"@id\":\"https:\\\/\\\/quakerspeak.com\\\/es\\\/#website\"},\"primaryImageOfPage\":{\"@id\":\"https:\\\/\\\/quakerspeak.com\\\/es\\\/videos-recientes\\\/#primaryimage\"},\"image\":{\"@id\":\"https:\\\/\\\/quakerspeak.com\\\/es\\\/videos-recientes\\\/#primaryimage\"},\"thumbnailUrl\":\"https:\\\/\\\/quakerspeak.com\\\/wp-content\\\/uploads\\\/sites\\\/2\\\/2018\\\/01\\\/most-recent-videos-round.png\",\"datePublished\":\"2018-01-30T19:52:42+00:00\",\"description\":\"Una lista de los v\u00eddeos de QuakerSpeak publicados m\u00e1s recientemente. QuakerSpeak es un proyecto semanal de v\u00eddeos cu\u00e1queros de Friends Journal. \u00a1Mira todos nuestros v\u00eddeos recientes aqu\u00ed!\",\"breadcrumb\":{\"@id\":\"https:\\\/\\\/quakerspeak.com\\\/es\\\/videos-recientes\\\/#breadcrumb\"},\"inLanguage\":\"es\",\"potentialAction\":[{\"@type\":\"ReadAction\",\"target\":[\"https:\\\/\\\/quakerspeak.com\\\/es\\\/videos-recientes\\\/\"]}]},{\"@type\":\"ImageObject\",\"inLanguage\":\"es\",\"@id\":\"https:\\\/\\\/quakerspeak.com\\\/es\\\/videos-recientes\\\/#primaryimage\",\"url\":\"https:\\\/\\\/quakerspeak.com\\\/wp-content\\\/uploads\\\/sites\\\/2\\\/2018\\\/01\\\/most-recent-videos-round.png\",\"contentUrl\":\"https:\\\/\\\/quakerspeak.com\\\/wp-content\\\/uploads\\\/sites\\\/2\\\/2018\\\/01\\\/most-recent-videos-round.png\",\"width\":1280,\"height\":720,\"caption\":\"V\u00eddeos recientes de QuakerSpeak\"},{\"@type\":\"BreadcrumbList\",\"@id\":\"https:\\\/\\\/quakerspeak.com\\\/es\\\/videos-recientes\\\/#breadcrumb\",\"itemListElement\":[{\"@type\":\"ListItem\",\"position\":1,\"name\":\"Home\",\"item\":\"https:\\\/\\\/quakerspeak.com\\\/es\\\/pagina-de-inicio\\\/\"},{\"@type\":\"ListItem\",\"position\":2,\"name\":\"V\u00eddeos recientes\"}]},{\"@type\":\"WebSite\",\"@id\":\"https:\\\/\\\/quakerspeak.com\\\/es\\\/#website\",\"url\":\"https:\\\/\\\/quakerspeak.com\\\/es\\\/\",\"name\":\"QuakerSpeak\",\"description\":\"Weekly Videos. Vital Ministries.\",\"publisher\":{\"@id\":\"https:\\\/\\\/quakerspeak.com\\\/es\\\/#organization\"},\"potentialAction\":[{\"@type\":\"SearchAction\",\"target\":{\"@type\":\"EntryPoint\",\"urlTemplate\":\"https:\\\/\\\/quakerspeak.com\\\/es\\\/?s={search_term_string}\"},\"query-input\":{\"@type\":\"PropertyValueSpecification\",\"valueRequired\":true,\"valueName\":\"search_term_string\"}}],\"inLanguage\":\"es\"},{\"@type\":\"Organization\",\"@id\":\"https:\\\/\\\/quakerspeak.com\\\/es\\\/#organization\",\"name\":\"QuakerSpeak\",\"url\":\"https:\\\/\\\/quakerspeak.com\\\/es\\\/\",\"logo\":{\"@type\":\"ImageObject\",\"inLanguage\":\"es\",\"@id\":\"https:\\\/\\\/quakerspeak.com\\\/es\\\/#\\\/schema\\\/logo\\\/image\\\/\",\"url\":\"https:\\\/\\\/quakerspeak.com\\\/wp-content\\\/uploads\\\/sites\\\/2\\\/2024\\\/03\\\/Without-BG-3.png\",\"contentUrl\":\"https:\\\/\\\/quakerspeak.com\\\/wp-content\\\/uploads\\\/sites\\\/2\\\/2024\\\/03\\\/Without-BG-3.png\",\"width\":181,\"height\":66,\"caption\":\"QuakerSpeak\"},\"image\":{\"@id\":\"https:\\\/\\\/quakerspeak.com\\\/es\\\/#\\\/schema\\\/logo\\\/image\\\/\"}}]}<\/script>\n<!-- \/ Yoast SEO plugin. -->","yoast_head_json":{"title":"Los v\u00eddeos m\u00e1s recientes de QuakerSpeak: un proyecto semanal de v\u00eddeos cu\u00e1queros","description":"Una lista de los v\u00eddeos de QuakerSpeak publicados m\u00e1s recientemente. QuakerSpeak es un proyecto semanal de v\u00eddeos cu\u00e1queros de Friends Journal. \u00a1Mira todos nuestros v\u00eddeos recientes aqu\u00ed!","robots":{"index":"index","follow":"follow","max-snippet":"max-snippet:-1","max-image-preview":"max-image-preview:large","max-video-preview":"max-video-preview:-1"},"canonical":"https:\/\/quakerspeak.com\/es\/videos-recientes\/","og_locale":"es_ES","og_type":"article","og_title":"Los v\u00eddeos m\u00e1s recientes de QuakerSpeak: un proyecto semanal de v\u00eddeos cu\u00e1queros","og_description":"Una lista de los v\u00eddeos de QuakerSpeak publicados m\u00e1s recientemente. QuakerSpeak es un proyecto semanal de v\u00eddeos cu\u00e1queros de Friends Journal. \u00a1Mira todos nuestros v\u00eddeos recientes aqu\u00ed!","og_url":"https:\/\/quakerspeak.com\/es\/videos-recientes\/","og_site_name":"QuakerSpeak","og_image":[{"width":1280,"height":720,"url":"https:\/\/quakerspeak.com\/wp-content\/uploads\/sites\/2\/2018\/01\/most-recent-videos-round.png","type":"image\/png"}],"twitter_card":"summary_large_image","twitter_misc":{"Est. reading time":"1 minuto"},"schema":{"@context":"https:\/\/schema.org","@graph":[{"@type":"WebPage","@id":"https:\/\/quakerspeak.com\/es\/videos-recientes\/","url":"https:\/\/quakerspeak.com\/es\/videos-recientes\/","name":"Los v\u00eddeos m\u00e1s recientes de QuakerSpeak: un proyecto semanal de v\u00eddeos cu\u00e1queros","isPartOf":{"@id":"https:\/\/quakerspeak.com\/es\/#website"},"primaryImageOfPage":{"@id":"https:\/\/quakerspeak.com\/es\/videos-recientes\/#primaryimage"},"image":{"@id":"https:\/\/quakerspeak.com\/es\/videos-recientes\/#primaryimage"},"thumbnailUrl":"https:\/\/quakerspeak.com\/wp-content\/uploads\/sites\/2\/2018\/01\/most-recent-videos-round.png","datePublished":"2018-01-30T19:52:42+00:00","description":"Una lista de los v\u00eddeos de QuakerSpeak publicados m\u00e1s recientemente. QuakerSpeak es un proyecto semanal de v\u00eddeos cu\u00e1queros de Friends Journal. \u00a1Mira todos nuestros v\u00eddeos recientes aqu\u00ed!","breadcrumb":{"@id":"https:\/\/quakerspeak.com\/es\/videos-recientes\/#breadcrumb"},"inLanguage":"es","potentialAction":[{"@type":"ReadAction","target":["https:\/\/quakerspeak.com\/es\/videos-recientes\/"]}]},{"@type":"ImageObject","inLanguage":"es","@id":"https:\/\/quakerspeak.com\/es\/videos-recientes\/#primaryimage","url":"https:\/\/quakerspeak.com\/wp-content\/uploads\/sites\/2\/2018\/01\/most-recent-videos-round.png","contentUrl":"https:\/\/quakerspeak.com\/wp-content\/uploads\/sites\/2\/2018\/01\/most-recent-videos-round.png","width":1280,"height":720,"caption":"V\u00eddeos recientes de QuakerSpeak"},{"@type":"BreadcrumbList","@id":"https:\/\/quakerspeak.com\/es\/videos-recientes\/#breadcrumb","itemListElement":[{"@type":"ListItem","position":1,"name":"Home","item":"https:\/\/quakerspeak.com\/es\/pagina-de-inicio\/"},{"@type":"ListItem","position":2,"name":"V\u00eddeos recientes"}]},{"@type":"WebSite","@id":"https:\/\/quakerspeak.com\/es\/#website","url":"https:\/\/quakerspeak.com\/es\/","name":"QuakerSpeak","description":"Weekly Videos. Vital Ministries.","publisher":{"@id":"https:\/\/quakerspeak.com\/es\/#organization"},"potentialAction":[{"@type":"SearchAction","target":{"@type":"EntryPoint","urlTemplate":"https:\/\/quakerspeak.com\/es\/?s={search_term_string}"},"query-input":{"@type":"PropertyValueSpecification","valueRequired":true,"valueName":"search_term_string"}}],"inLanguage":"es"},{"@type":"Organization","@id":"https:\/\/quakerspeak.com\/es\/#organization","name":"QuakerSpeak","url":"https:\/\/quakerspeak.com\/es\/","logo":{"@type":"ImageObject","inLanguage":"es","@id":"https:\/\/quakerspeak.com\/es\/#\/schema\/logo\/image\/","url":"https:\/\/quakerspeak.com\/wp-content\/uploads\/sites\/2\/2024\/03\/Without-BG-3.png","contentUrl":"https:\/\/quakerspeak.com\/wp-content\/uploads\/sites\/2\/2024\/03\/Without-BG-3.png","width":181,"height":66,"caption":"QuakerSpeak"},"image":{"@id":"https:\/\/quakerspeak.com\/es\/#\/schema\/logo\/image\/"}}]}},"distributor_meta":false,"distributor_terms":false,"distributor_media":false,"distributor_original_site_name":"QuakerSpeak","distributor_original_site_url":"https:\/\/quakerspeak.com\/es\/","push-errors":false,"acf":[],"_links":{"self":[{"href":"https:\/\/quakerspeak.com\/es\/wp-json\/wp\/v2\/pages\/7484","targetHints":{"allow":["GET"]}}],"collection":[{"href":"https:\/\/quakerspeak.com\/es\/wp-json\/wp\/v2\/pages"}],"about":[{"href":"https:\/\/quakerspeak.com\/es\/wp-json\/wp\/v2\/types\/page"}],"author":[{"embeddable":true,"href":"https:\/\/quakerspeak.com\/es\/wp-json\/wp\/v2\/users\/3"}],"replies":[{"embeddable":true,"href":"https:\/\/quakerspeak.com\/es\/wp-json\/wp\/v2\/comments?post=7484"}],"version-history":[{"count":0,"href":"https:\/\/quakerspeak.com\/es\/wp-json\/wp\/v2\/pages\/7484\/revisions"}],"wp:featuredmedia":[{"embeddable":true,"href":"https:\/\/quakerspeak.com\/es\/wp-json\/wp\/v2\/media\/6015"}],"wp:attachment":[{"href":"https:\/\/quakerspeak.com\/es\/wp-json\/wp\/v2\/media?parent=7484"}],"curies":[{"name":"wp","href":"https:\/\/api.w.org\/{rel}","templated":true}]}}