{"id":7482,"date":"2018-01-30T14:54:05","date_gmt":"2018-01-30T19:54:05","guid":{"rendered":"https:\/\/quakerspeak.com\/videos-mas-populares-de-quakerspeak\/"},"modified":"2025-10-23T10:01:32","modified_gmt":"2025-10-23T14:01:32","slug":"videos-mas-populares-de-quakerspeak","status":"publish","type":"page","link":"https:\/\/quakerspeak.com\/es\/videos-mas-populares-de-quakerspeak\/","title":{"rendered":"V\u00eddeos m\u00e1s populares de QuakerSpeak"},"content":{"rendered":"\n<p>Una colecci\u00f3n de los v\u00eddeos m\u00e1s populares de todos los tiempos de QuakerSpeak. Vea aqu\u00ed todos nuestros v\u00eddeos m\u00e1s populares. QuakerSpeak es un proyecto semanal de v\u00eddeos cu\u00e1queros de <a href=\"https:\/\/Friendsjournal.org\" target=\"_blank\" rel=\"noopener noreferrer\">Friends Journal<\/a>.  <\/p>\n<p>[embedyt] https:\/\/www.youtube.com\/embed?listType=playlist&amp;list=PL-r97fEzGE2TqAji6kXXd0cqFeU-DO_Oi&amp;layout=gallery[\/embedyt]<\/p>\n\n<h4 class=\"wp-block-heading\">M\u00e1s contenido cu\u00e1quero popular<\/h4>\n\n<ul class=\"wp-block-list\"><li><a href=\"https:\/\/quakerspeak.com\/top-5-videos-2017\/\">Vea<\/a> los 5 v\u00eddeos m\u00e1s populares de 2017.<\/li><li><a href=\"https:\/\/www.youtube.com\/playlist?list=PL-r97fEzGE2TqAji6kXXd0cqFeU-DO_Oi\" target=\"_blank\" rel=\"noopener noreferrer\">Vea<\/a> una lista completa de nuestros v\u00eddeos m\u00e1s populares.<\/li><li><a href=\"https:\/\/www.quakerspeak.com\/subscribe\">Suscr\u00edbete<\/a> a QuakerSpeak para estar al tanto de nuestros v\u00eddeos m\u00e1s populares.<\/li><\/ul>\n","protected":false},"excerpt":{"rendered":"<p>Una colecci\u00f3n de los v\u00eddeos m\u00e1s populares de todos los tiempos de QuakerSpeak. Vea aqu\u00ed todos nuestros v\u00eddeos m\u00e1s populares.&hellip;<\/p>\n","protected":false},"author":3,"featured_media":5997,"parent":0,"menu_order":0,"comment_status":"closed","ping_status":"closed","template":"","meta":{"_acf_changed":false,"hero_banner_post_id":0,"footnotes":""},"class_list":["post-7482","page","type-page","status-publish","has-post-thumbnail","hentry"],"yoast_head":"<!-- This site is optimized with the Yoast SEO plugin v27.3 - https:\/\/yoast.com\/product\/yoast-seo-wordpress\/ -->\n<title>V\u00eddeos m\u00e1s populares de QuakerSpeak: el proyecto de v\u00eddeos cu\u00e1queros<\/title>\n<meta name=\"description\" content=\"Una colecci\u00f3n de los v\u00eddeos m\u00e1s populares de todos los tiempos de QuakerSpeak. Vea aqu\u00ed todos nuestros v\u00eddeos m\u00e1s populares. QuakerSpeak es un proyecto semanal de v\u00eddeos cu\u00e1queros de Friends Journal.\" \/>\n<meta name=\"robots\" content=\"index, follow, max-snippet:-1, max-image-preview:large, max-video-preview:-1\" \/>\n<link rel=\"canonical\" href=\"https:\/\/quakerspeak.com\/es\/videos-mas-populares-de-quakerspeak\/\" \/>\n<meta property=\"og:locale\" content=\"es_ES\" \/>\n<meta property=\"og:type\" content=\"article\" \/>\n<meta property=\"og:title\" content=\"V\u00eddeos m\u00e1s populares de QuakerSpeak: el proyecto de v\u00eddeos cu\u00e1queros\" \/>\n<meta property=\"og:description\" content=\"Una colecci\u00f3n de los v\u00eddeos m\u00e1s populares de todos los tiempos de QuakerSpeak. Vea aqu\u00ed todos nuestros v\u00eddeos m\u00e1s populares. QuakerSpeak es un proyecto semanal de v\u00eddeos cu\u00e1queros de Friends Journal.\" \/>\n<meta property=\"og:url\" content=\"https:\/\/quakerspeak.com\/es\/videos-mas-populares-de-quakerspeak\/\" \/>\n<meta property=\"og:site_name\" content=\"QuakerSpeak\" \/>\n<meta property=\"article:modified_time\" content=\"2025-10-23T14:01:32+00:00\" \/>\n<meta property=\"og:image\" content=\"https:\/\/quakerspeak.com\/wp-content\/uploads\/sites\/2\/2018\/01\/most-popular-videos.png\" \/>\n\t<meta property=\"og:image:width\" content=\"1280\" \/>\n\t<meta property=\"og:image:height\" content=\"720\" \/>\n\t<meta property=\"og:image:type\" content=\"image\/png\" \/>\n<meta name=\"twitter:card\" content=\"summary_large_image\" \/>\n<script type=\"application\/ld+json\" class=\"yoast-schema-graph\">{\"@context\":\"https:\\\/\\\/schema.org\",\"@graph\":[{\"@type\":\"WebPage\",\"@id\":\"https:\\\/\\\/quakerspeak.com\\\/es\\\/videos-mas-populares-de-quakerspeak\\\/\",\"url\":\"https:\\\/\\\/quakerspeak.com\\\/es\\\/videos-mas-populares-de-quakerspeak\\\/\",\"name\":\"V\u00eddeos m\u00e1s populares de QuakerSpeak: el proyecto de v\u00eddeos cu\u00e1queros\",\"isPartOf\":{\"@id\":\"https:\\\/\\\/quakerspeak.com\\\/es\\\/#website\"},\"primaryImageOfPage\":{\"@id\":\"https:\\\/\\\/quakerspeak.com\\\/es\\\/videos-mas-populares-de-quakerspeak\\\/#primaryimage\"},\"image\":{\"@id\":\"https:\\\/\\\/quakerspeak.com\\\/es\\\/videos-mas-populares-de-quakerspeak\\\/#primaryimage\"},\"thumbnailUrl\":\"https:\\\/\\\/quakerspeak.com\\\/wp-content\\\/uploads\\\/sites\\\/2\\\/2018\\\/01\\\/most-popular-videos.png\",\"datePublished\":\"2018-01-30T19:54:05+00:00\",\"dateModified\":\"2025-10-23T14:01:32+00:00\",\"description\":\"Una colecci\u00f3n de los v\u00eddeos m\u00e1s populares de todos los tiempos de QuakerSpeak. Vea aqu\u00ed todos nuestros v\u00eddeos m\u00e1s populares. QuakerSpeak es un proyecto semanal de v\u00eddeos cu\u00e1queros de Friends Journal.\",\"breadcrumb\":{\"@id\":\"https:\\\/\\\/quakerspeak.com\\\/es\\\/videos-mas-populares-de-quakerspeak\\\/#breadcrumb\"},\"inLanguage\":\"es\",\"potentialAction\":[{\"@type\":\"ReadAction\",\"target\":[\"https:\\\/\\\/quakerspeak.com\\\/es\\\/videos-mas-populares-de-quakerspeak\\\/\"]}]},{\"@type\":\"ImageObject\",\"inLanguage\":\"es\",\"@id\":\"https:\\\/\\\/quakerspeak.com\\\/es\\\/videos-mas-populares-de-quakerspeak\\\/#primaryimage\",\"url\":\"https:\\\/\\\/quakerspeak.com\\\/wp-content\\\/uploads\\\/sites\\\/2\\\/2018\\\/01\\\/most-popular-videos.png\",\"contentUrl\":\"https:\\\/\\\/quakerspeak.com\\\/wp-content\\\/uploads\\\/sites\\\/2\\\/2018\\\/01\\\/most-popular-videos.png\",\"width\":1280,\"height\":720,\"caption\":\"V\u00eddeos m\u00e1s populares de QuakerSpeak\"},{\"@type\":\"BreadcrumbList\",\"@id\":\"https:\\\/\\\/quakerspeak.com\\\/es\\\/videos-mas-populares-de-quakerspeak\\\/#breadcrumb\",\"itemListElement\":[{\"@type\":\"ListItem\",\"position\":1,\"name\":\"Home\",\"item\":\"https:\\\/\\\/quakerspeak.com\\\/es\\\/pagina-de-inicio\\\/\"},{\"@type\":\"ListItem\",\"position\":2,\"name\":\"V\u00eddeos m\u00e1s populares de QuakerSpeak\"}]},{\"@type\":\"WebSite\",\"@id\":\"https:\\\/\\\/quakerspeak.com\\\/es\\\/#website\",\"url\":\"https:\\\/\\\/quakerspeak.com\\\/es\\\/\",\"name\":\"QuakerSpeak\",\"description\":\"Weekly Videos. Vital Ministries.\",\"publisher\":{\"@id\":\"https:\\\/\\\/quakerspeak.com\\\/es\\\/#organization\"},\"potentialAction\":[{\"@type\":\"SearchAction\",\"target\":{\"@type\":\"EntryPoint\",\"urlTemplate\":\"https:\\\/\\\/quakerspeak.com\\\/es\\\/?s={search_term_string}\"},\"query-input\":{\"@type\":\"PropertyValueSpecification\",\"valueRequired\":true,\"valueName\":\"search_term_string\"}}],\"inLanguage\":\"es\"},{\"@type\":\"Organization\",\"@id\":\"https:\\\/\\\/quakerspeak.com\\\/es\\\/#organization\",\"name\":\"QuakerSpeak\",\"url\":\"https:\\\/\\\/quakerspeak.com\\\/es\\\/\",\"logo\":{\"@type\":\"ImageObject\",\"inLanguage\":\"es\",\"@id\":\"https:\\\/\\\/quakerspeak.com\\\/es\\\/#\\\/schema\\\/logo\\\/image\\\/\",\"url\":\"https:\\\/\\\/quakerspeak.com\\\/wp-content\\\/uploads\\\/sites\\\/2\\\/2024\\\/03\\\/Without-BG-3.png\",\"contentUrl\":\"https:\\\/\\\/quakerspeak.com\\\/wp-content\\\/uploads\\\/sites\\\/2\\\/2024\\\/03\\\/Without-BG-3.png\",\"width\":181,\"height\":66,\"caption\":\"QuakerSpeak\"},\"image\":{\"@id\":\"https:\\\/\\\/quakerspeak.com\\\/es\\\/#\\\/schema\\\/logo\\\/image\\\/\"}}]}<\/script>\n<!-- \/ Yoast SEO plugin. -->","yoast_head_json":{"title":"V\u00eddeos m\u00e1s populares de QuakerSpeak: el proyecto de v\u00eddeos cu\u00e1queros","description":"Una colecci\u00f3n de los v\u00eddeos m\u00e1s populares de todos los tiempos de QuakerSpeak. Vea aqu\u00ed todos nuestros v\u00eddeos m\u00e1s populares. QuakerSpeak es un proyecto semanal de v\u00eddeos cu\u00e1queros de Friends Journal.","robots":{"index":"index","follow":"follow","max-snippet":"max-snippet:-1","max-image-preview":"max-image-preview:large","max-video-preview":"max-video-preview:-1"},"canonical":"https:\/\/quakerspeak.com\/es\/videos-mas-populares-de-quakerspeak\/","og_locale":"es_ES","og_type":"article","og_title":"V\u00eddeos m\u00e1s populares de QuakerSpeak: el proyecto de v\u00eddeos cu\u00e1queros","og_description":"Una colecci\u00f3n de los v\u00eddeos m\u00e1s populares de todos los tiempos de QuakerSpeak. Vea aqu\u00ed todos nuestros v\u00eddeos m\u00e1s populares. QuakerSpeak es un proyecto semanal de v\u00eddeos cu\u00e1queros de Friends Journal.","og_url":"https:\/\/quakerspeak.com\/es\/videos-mas-populares-de-quakerspeak\/","og_site_name":"QuakerSpeak","article_modified_time":"2025-10-23T14:01:32+00:00","og_image":[{"width":1280,"height":720,"url":"https:\/\/quakerspeak.com\/wp-content\/uploads\/sites\/2\/2018\/01\/most-popular-videos.png","type":"image\/png"}],"twitter_card":"summary_large_image","schema":{"@context":"https:\/\/schema.org","@graph":[{"@type":"WebPage","@id":"https:\/\/quakerspeak.com\/es\/videos-mas-populares-de-quakerspeak\/","url":"https:\/\/quakerspeak.com\/es\/videos-mas-populares-de-quakerspeak\/","name":"V\u00eddeos m\u00e1s populares de QuakerSpeak: el proyecto de v\u00eddeos cu\u00e1queros","isPartOf":{"@id":"https:\/\/quakerspeak.com\/es\/#website"},"primaryImageOfPage":{"@id":"https:\/\/quakerspeak.com\/es\/videos-mas-populares-de-quakerspeak\/#primaryimage"},"image":{"@id":"https:\/\/quakerspeak.com\/es\/videos-mas-populares-de-quakerspeak\/#primaryimage"},"thumbnailUrl":"https:\/\/quakerspeak.com\/wp-content\/uploads\/sites\/2\/2018\/01\/most-popular-videos.png","datePublished":"2018-01-30T19:54:05+00:00","dateModified":"2025-10-23T14:01:32+00:00","description":"Una colecci\u00f3n de los v\u00eddeos m\u00e1s populares de todos los tiempos de QuakerSpeak. Vea aqu\u00ed todos nuestros v\u00eddeos m\u00e1s populares. QuakerSpeak es un proyecto semanal de v\u00eddeos cu\u00e1queros de Friends Journal.","breadcrumb":{"@id":"https:\/\/quakerspeak.com\/es\/videos-mas-populares-de-quakerspeak\/#breadcrumb"},"inLanguage":"es","potentialAction":[{"@type":"ReadAction","target":["https:\/\/quakerspeak.com\/es\/videos-mas-populares-de-quakerspeak\/"]}]},{"@type":"ImageObject","inLanguage":"es","@id":"https:\/\/quakerspeak.com\/es\/videos-mas-populares-de-quakerspeak\/#primaryimage","url":"https:\/\/quakerspeak.com\/wp-content\/uploads\/sites\/2\/2018\/01\/most-popular-videos.png","contentUrl":"https:\/\/quakerspeak.com\/wp-content\/uploads\/sites\/2\/2018\/01\/most-popular-videos.png","width":1280,"height":720,"caption":"V\u00eddeos m\u00e1s populares de QuakerSpeak"},{"@type":"BreadcrumbList","@id":"https:\/\/quakerspeak.com\/es\/videos-mas-populares-de-quakerspeak\/#breadcrumb","itemListElement":[{"@type":"ListItem","position":1,"name":"Home","item":"https:\/\/quakerspeak.com\/es\/pagina-de-inicio\/"},{"@type":"ListItem","position":2,"name":"V\u00eddeos m\u00e1s populares de QuakerSpeak"}]},{"@type":"WebSite","@id":"https:\/\/quakerspeak.com\/es\/#website","url":"https:\/\/quakerspeak.com\/es\/","name":"QuakerSpeak","description":"Weekly Videos. Vital Ministries.","publisher":{"@id":"https:\/\/quakerspeak.com\/es\/#organization"},"potentialAction":[{"@type":"SearchAction","target":{"@type":"EntryPoint","urlTemplate":"https:\/\/quakerspeak.com\/es\/?s={search_term_string}"},"query-input":{"@type":"PropertyValueSpecification","valueRequired":true,"valueName":"search_term_string"}}],"inLanguage":"es"},{"@type":"Organization","@id":"https:\/\/quakerspeak.com\/es\/#organization","name":"QuakerSpeak","url":"https:\/\/quakerspeak.com\/es\/","logo":{"@type":"ImageObject","inLanguage":"es","@id":"https:\/\/quakerspeak.com\/es\/#\/schema\/logo\/image\/","url":"https:\/\/quakerspeak.com\/wp-content\/uploads\/sites\/2\/2024\/03\/Without-BG-3.png","contentUrl":"https:\/\/quakerspeak.com\/wp-content\/uploads\/sites\/2\/2024\/03\/Without-BG-3.png","width":181,"height":66,"caption":"QuakerSpeak"},"image":{"@id":"https:\/\/quakerspeak.com\/es\/#\/schema\/logo\/image\/"}}]}},"distributor_meta":false,"distributor_terms":false,"distributor_media":false,"distributor_original_site_name":"QuakerSpeak","distributor_original_site_url":"https:\/\/quakerspeak.com\/es\/","push-errors":false,"acf":[],"_links":{"self":[{"href":"https:\/\/quakerspeak.com\/es\/wp-json\/wp\/v2\/pages\/7482","targetHints":{"allow":["GET"]}}],"collection":[{"href":"https:\/\/quakerspeak.com\/es\/wp-json\/wp\/v2\/pages"}],"about":[{"href":"https:\/\/quakerspeak.com\/es\/wp-json\/wp\/v2\/types\/page"}],"author":[{"embeddable":true,"href":"https:\/\/quakerspeak.com\/es\/wp-json\/wp\/v2\/users\/3"}],"replies":[{"embeddable":true,"href":"https:\/\/quakerspeak.com\/es\/wp-json\/wp\/v2\/comments?post=7482"}],"version-history":[{"count":1,"href":"https:\/\/quakerspeak.com\/es\/wp-json\/wp\/v2\/pages\/7482\/revisions"}],"predecessor-version":[{"id":7483,"href":"https:\/\/quakerspeak.com\/es\/wp-json\/wp\/v2\/pages\/7482\/revisions\/7483"}],"wp:featuredmedia":[{"embeddable":true,"href":"https:\/\/quakerspeak.com\/es\/wp-json\/wp\/v2\/media\/5997"}],"wp:attachment":[{"href":"https:\/\/quakerspeak.com\/es\/wp-json\/wp\/v2\/media?parent=7482"}],"curies":[{"name":"wp","href":"https:\/\/api.w.org\/{rel}","templated":true}]}}