{"id":7480,"date":"2018-01-30T14:55:05","date_gmt":"2018-01-30T19:55:05","guid":{"rendered":"https:\/\/quakerspeak.com\/conceptos-basicos-cuaqueros-videos-para-recien-llegados\/"},"modified":"2025-10-23T10:01:30","modified_gmt":"2025-10-23T14:01:30","slug":"conceptos-basicos-cuaqueros-videos-para-recien-llegados","status":"publish","type":"page","link":"https:\/\/quakerspeak.com\/es\/conceptos-basicos-cuaqueros-videos-para-recien-llegados\/","title":{"rendered":"Conceptos b\u00e1sicos cu\u00e1queros: v\u00eddeos para reci\u00e9n llegados"},"content":{"rendered":"\n<p>Una colecci\u00f3n de v\u00eddeos que cubren los conceptos b\u00e1sicos cu\u00e1queros. V\u00eddeos para reci\u00e9n llegados y para personas con curiosidad por el cuaquerismo. <\/p>\n\n<iframe loading=\"lazy\" width=\"560\" height=\"315\" src=\"https:\/\/www.youtube.com\/embed\/videoseries?list=PL-r97fEzGE2Rv5r1tdClq04fDV_8Xd4s_\" title=\"Reproductor de v\u00eddeo de YouTube\" frameborder=\"0\" allow=\"accelerometer; autoplay; clipboard-write; encrypted-media; gyroscope; picture-in-picture; web-share\" allowfullscreen=\"\"><\/iframe>\n\n<h4 class=\"wp-block-heading\">M\u00e1s sobre los conceptos b\u00e1sicos cu\u00e1queros:<\/h4>\n\n<ul class=\"wp-block-list\">\n<li><a href=\"https:\/\/www.youtube.com\/playlist?list=PL-r97fEzGE2Rv5r1tdClq04fDV_8Xd4s_\" target=\"_blank\" rel=\"noopener\">Vea<\/a> una lista completa de v\u00eddeos sobre el tema de los conceptos b\u00e1sicos cu\u00e1queros.<\/li>\n\n\n\n<li><a href=\"https:\/\/www.friendsjournal.org\/search\/basics\" target=\"_blank\" rel=\"noopener\">Lea art\u00edculos de Friends Journal<\/a> sobre los conceptos b\u00e1sicos cu\u00e1queros<\/li>\n\n\n\n<li><a href=\"https:\/\/www.quakerspeak.com\/subscribe\">Suscr\u00edbete<\/a> a QuakerSpeak para estar al tanto de nuestros futuros v\u00eddeos sobre los conceptos b\u00e1sicos cu\u00e1queros<\/li>\n<\/ul>\n\n<p><\/p>\n","protected":false},"excerpt":{"rendered":"<p>Una colecci\u00f3n de v\u00eddeos que cubren los conceptos b\u00e1sicos cu\u00e1queros. V\u00eddeos para reci\u00e9n llegados y para personas con curiosidad por&hellip;<\/p>\n","protected":false},"author":3,"featured_media":6001,"parent":0,"menu_order":0,"comment_status":"closed","ping_status":"closed","template":"","meta":{"_acf_changed":false,"hero_banner_post_id":0,"footnotes":""},"class_list":["post-7480","page","type-page","status-publish","has-post-thumbnail","hentry"],"yoast_head":"<!-- This site is optimized with the Yoast SEO plugin v27.3 - https:\/\/yoast.com\/product\/yoast-seo-wordpress\/ -->\n<title>Los conceptos b\u00e1sicos cu\u00e1queros: v\u00eddeos cortos cu\u00e1queros para reci\u00e9n llegados<\/title>\n<meta name=\"description\" content=\"Una colecci\u00f3n de v\u00eddeos que cubren los conceptos b\u00e1sicos cu\u00e1queros. V\u00eddeos para reci\u00e9n llegados y para personas con curiosidad por el cuaquerismo. QuakerSpeak es una serie de v\u00eddeos semanales de Friends Journal.\" \/>\n<meta name=\"robots\" content=\"index, follow, max-snippet:-1, max-image-preview:large, max-video-preview:-1\" \/>\n<link rel=\"canonical\" href=\"https:\/\/quakerspeak.com\/es\/conceptos-basicos-cuaqueros-videos-para-recien-llegados\/\" \/>\n<meta property=\"og:locale\" content=\"es_ES\" \/>\n<meta property=\"og:type\" content=\"article\" \/>\n<meta property=\"og:title\" content=\"Los conceptos b\u00e1sicos cu\u00e1queros: v\u00eddeos cortos cu\u00e1queros para reci\u00e9n llegados\" \/>\n<meta property=\"og:description\" content=\"Una colecci\u00f3n de v\u00eddeos que cubren los conceptos b\u00e1sicos cu\u00e1queros. V\u00eddeos para reci\u00e9n llegados y para personas con curiosidad por el cuaquerismo. QuakerSpeak es una serie de v\u00eddeos semanales de Friends Journal.\" \/>\n<meta property=\"og:url\" content=\"https:\/\/quakerspeak.com\/es\/conceptos-basicos-cuaqueros-videos-para-recien-llegados\/\" \/>\n<meta property=\"og:site_name\" content=\"QuakerSpeak\" \/>\n<meta property=\"article:modified_time\" content=\"2025-10-23T14:01:30+00:00\" \/>\n<meta property=\"og:image\" content=\"https:\/\/quakerspeak.com\/wp-content\/uploads\/sites\/2\/2018\/01\/playlist-videos-for-newcomers.png\" \/>\n\t<meta property=\"og:image:width\" content=\"1280\" \/>\n\t<meta property=\"og:image:height\" content=\"720\" \/>\n\t<meta property=\"og:image:type\" content=\"image\/png\" \/>\n<meta name=\"twitter:card\" content=\"summary_large_image\" \/>\n<script type=\"application\/ld+json\" class=\"yoast-schema-graph\">{\"@context\":\"https:\\\/\\\/schema.org\",\"@graph\":[{\"@type\":\"WebPage\",\"@id\":\"https:\\\/\\\/quakerspeak.com\\\/es\\\/conceptos-basicos-cuaqueros-videos-para-recien-llegados\\\/\",\"url\":\"https:\\\/\\\/quakerspeak.com\\\/es\\\/conceptos-basicos-cuaqueros-videos-para-recien-llegados\\\/\",\"name\":\"Los conceptos b\u00e1sicos cu\u00e1queros: v\u00eddeos cortos cu\u00e1queros para reci\u00e9n llegados\",\"isPartOf\":{\"@id\":\"https:\\\/\\\/quakerspeak.com\\\/es\\\/#website\"},\"primaryImageOfPage\":{\"@id\":\"https:\\\/\\\/quakerspeak.com\\\/es\\\/conceptos-basicos-cuaqueros-videos-para-recien-llegados\\\/#primaryimage\"},\"image\":{\"@id\":\"https:\\\/\\\/quakerspeak.com\\\/es\\\/conceptos-basicos-cuaqueros-videos-para-recien-llegados\\\/#primaryimage\"},\"thumbnailUrl\":\"https:\\\/\\\/quakerspeak.com\\\/wp-content\\\/uploads\\\/sites\\\/2\\\/2018\\\/01\\\/playlist-videos-for-newcomers.png\",\"datePublished\":\"2018-01-30T19:55:05+00:00\",\"dateModified\":\"2025-10-23T14:01:30+00:00\",\"description\":\"Una colecci\u00f3n de v\u00eddeos que cubren los conceptos b\u00e1sicos cu\u00e1queros. V\u00eddeos para reci\u00e9n llegados y para personas con curiosidad por el cuaquerismo. QuakerSpeak es una serie de v\u00eddeos semanales de Friends Journal.\",\"breadcrumb\":{\"@id\":\"https:\\\/\\\/quakerspeak.com\\\/es\\\/conceptos-basicos-cuaqueros-videos-para-recien-llegados\\\/#breadcrumb\"},\"inLanguage\":\"es\",\"potentialAction\":[{\"@type\":\"ReadAction\",\"target\":[\"https:\\\/\\\/quakerspeak.com\\\/es\\\/conceptos-basicos-cuaqueros-videos-para-recien-llegados\\\/\"]}]},{\"@type\":\"ImageObject\",\"inLanguage\":\"es\",\"@id\":\"https:\\\/\\\/quakerspeak.com\\\/es\\\/conceptos-basicos-cuaqueros-videos-para-recien-llegados\\\/#primaryimage\",\"url\":\"https:\\\/\\\/quakerspeak.com\\\/wp-content\\\/uploads\\\/sites\\\/2\\\/2018\\\/01\\\/playlist-videos-for-newcomers.png\",\"contentUrl\":\"https:\\\/\\\/quakerspeak.com\\\/wp-content\\\/uploads\\\/sites\\\/2\\\/2018\\\/01\\\/playlist-videos-for-newcomers.png\",\"width\":1280,\"height\":720,\"caption\":\"Los conceptos b\u00e1sicos cu\u00e1queros\"},{\"@type\":\"BreadcrumbList\",\"@id\":\"https:\\\/\\\/quakerspeak.com\\\/es\\\/conceptos-basicos-cuaqueros-videos-para-recien-llegados\\\/#breadcrumb\",\"itemListElement\":[{\"@type\":\"ListItem\",\"position\":1,\"name\":\"Home\",\"item\":\"https:\\\/\\\/quakerspeak.com\\\/es\\\/pagina-de-inicio\\\/\"},{\"@type\":\"ListItem\",\"position\":2,\"name\":\"Conceptos b\u00e1sicos cu\u00e1queros: v\u00eddeos para reci\u00e9n llegados\"}]},{\"@type\":\"WebSite\",\"@id\":\"https:\\\/\\\/quakerspeak.com\\\/es\\\/#website\",\"url\":\"https:\\\/\\\/quakerspeak.com\\\/es\\\/\",\"name\":\"QuakerSpeak\",\"description\":\"Weekly Videos. Vital Ministries.\",\"publisher\":{\"@id\":\"https:\\\/\\\/quakerspeak.com\\\/es\\\/#organization\"},\"potentialAction\":[{\"@type\":\"SearchAction\",\"target\":{\"@type\":\"EntryPoint\",\"urlTemplate\":\"https:\\\/\\\/quakerspeak.com\\\/es\\\/?s={search_term_string}\"},\"query-input\":{\"@type\":\"PropertyValueSpecification\",\"valueRequired\":true,\"valueName\":\"search_term_string\"}}],\"inLanguage\":\"es\"},{\"@type\":\"Organization\",\"@id\":\"https:\\\/\\\/quakerspeak.com\\\/es\\\/#organization\",\"name\":\"QuakerSpeak\",\"url\":\"https:\\\/\\\/quakerspeak.com\\\/es\\\/\",\"logo\":{\"@type\":\"ImageObject\",\"inLanguage\":\"es\",\"@id\":\"https:\\\/\\\/quakerspeak.com\\\/es\\\/#\\\/schema\\\/logo\\\/image\\\/\",\"url\":\"https:\\\/\\\/quakerspeak.com\\\/wp-content\\\/uploads\\\/sites\\\/2\\\/2024\\\/03\\\/Without-BG-3.png\",\"contentUrl\":\"https:\\\/\\\/quakerspeak.com\\\/wp-content\\\/uploads\\\/sites\\\/2\\\/2024\\\/03\\\/Without-BG-3.png\",\"width\":181,\"height\":66,\"caption\":\"QuakerSpeak\"},\"image\":{\"@id\":\"https:\\\/\\\/quakerspeak.com\\\/es\\\/#\\\/schema\\\/logo\\\/image\\\/\"}}]}<\/script>\n<!-- \/ Yoast SEO plugin. -->","yoast_head_json":{"title":"Los conceptos b\u00e1sicos cu\u00e1queros: v\u00eddeos cortos cu\u00e1queros para reci\u00e9n llegados","description":"Una colecci\u00f3n de v\u00eddeos que cubren los conceptos b\u00e1sicos cu\u00e1queros. V\u00eddeos para reci\u00e9n llegados y para personas con curiosidad por el cuaquerismo. QuakerSpeak es una serie de v\u00eddeos semanales de Friends Journal.","robots":{"index":"index","follow":"follow","max-snippet":"max-snippet:-1","max-image-preview":"max-image-preview:large","max-video-preview":"max-video-preview:-1"},"canonical":"https:\/\/quakerspeak.com\/es\/conceptos-basicos-cuaqueros-videos-para-recien-llegados\/","og_locale":"es_ES","og_type":"article","og_title":"Los conceptos b\u00e1sicos cu\u00e1queros: v\u00eddeos cortos cu\u00e1queros para reci\u00e9n llegados","og_description":"Una colecci\u00f3n de v\u00eddeos que cubren los conceptos b\u00e1sicos cu\u00e1queros. V\u00eddeos para reci\u00e9n llegados y para personas con curiosidad por el cuaquerismo. QuakerSpeak es una serie de v\u00eddeos semanales de Friends Journal.","og_url":"https:\/\/quakerspeak.com\/es\/conceptos-basicos-cuaqueros-videos-para-recien-llegados\/","og_site_name":"QuakerSpeak","article_modified_time":"2025-10-23T14:01:30+00:00","og_image":[{"width":1280,"height":720,"url":"https:\/\/quakerspeak.com\/wp-content\/uploads\/sites\/2\/2018\/01\/playlist-videos-for-newcomers.png","type":"image\/png"}],"twitter_card":"summary_large_image","schema":{"@context":"https:\/\/schema.org","@graph":[{"@type":"WebPage","@id":"https:\/\/quakerspeak.com\/es\/conceptos-basicos-cuaqueros-videos-para-recien-llegados\/","url":"https:\/\/quakerspeak.com\/es\/conceptos-basicos-cuaqueros-videos-para-recien-llegados\/","name":"Los conceptos b\u00e1sicos cu\u00e1queros: v\u00eddeos cortos cu\u00e1queros para reci\u00e9n llegados","isPartOf":{"@id":"https:\/\/quakerspeak.com\/es\/#website"},"primaryImageOfPage":{"@id":"https:\/\/quakerspeak.com\/es\/conceptos-basicos-cuaqueros-videos-para-recien-llegados\/#primaryimage"},"image":{"@id":"https:\/\/quakerspeak.com\/es\/conceptos-basicos-cuaqueros-videos-para-recien-llegados\/#primaryimage"},"thumbnailUrl":"https:\/\/quakerspeak.com\/wp-content\/uploads\/sites\/2\/2018\/01\/playlist-videos-for-newcomers.png","datePublished":"2018-01-30T19:55:05+00:00","dateModified":"2025-10-23T14:01:30+00:00","description":"Una colecci\u00f3n de v\u00eddeos que cubren los conceptos b\u00e1sicos cu\u00e1queros. V\u00eddeos para reci\u00e9n llegados y para personas con curiosidad por el cuaquerismo. QuakerSpeak es una serie de v\u00eddeos semanales de Friends Journal.","breadcrumb":{"@id":"https:\/\/quakerspeak.com\/es\/conceptos-basicos-cuaqueros-videos-para-recien-llegados\/#breadcrumb"},"inLanguage":"es","potentialAction":[{"@type":"ReadAction","target":["https:\/\/quakerspeak.com\/es\/conceptos-basicos-cuaqueros-videos-para-recien-llegados\/"]}]},{"@type":"ImageObject","inLanguage":"es","@id":"https:\/\/quakerspeak.com\/es\/conceptos-basicos-cuaqueros-videos-para-recien-llegados\/#primaryimage","url":"https:\/\/quakerspeak.com\/wp-content\/uploads\/sites\/2\/2018\/01\/playlist-videos-for-newcomers.png","contentUrl":"https:\/\/quakerspeak.com\/wp-content\/uploads\/sites\/2\/2018\/01\/playlist-videos-for-newcomers.png","width":1280,"height":720,"caption":"Los conceptos b\u00e1sicos cu\u00e1queros"},{"@type":"BreadcrumbList","@id":"https:\/\/quakerspeak.com\/es\/conceptos-basicos-cuaqueros-videos-para-recien-llegados\/#breadcrumb","itemListElement":[{"@type":"ListItem","position":1,"name":"Home","item":"https:\/\/quakerspeak.com\/es\/pagina-de-inicio\/"},{"@type":"ListItem","position":2,"name":"Conceptos b\u00e1sicos cu\u00e1queros: v\u00eddeos para reci\u00e9n llegados"}]},{"@type":"WebSite","@id":"https:\/\/quakerspeak.com\/es\/#website","url":"https:\/\/quakerspeak.com\/es\/","name":"QuakerSpeak","description":"Weekly Videos. Vital Ministries.","publisher":{"@id":"https:\/\/quakerspeak.com\/es\/#organization"},"potentialAction":[{"@type":"SearchAction","target":{"@type":"EntryPoint","urlTemplate":"https:\/\/quakerspeak.com\/es\/?s={search_term_string}"},"query-input":{"@type":"PropertyValueSpecification","valueRequired":true,"valueName":"search_term_string"}}],"inLanguage":"es"},{"@type":"Organization","@id":"https:\/\/quakerspeak.com\/es\/#organization","name":"QuakerSpeak","url":"https:\/\/quakerspeak.com\/es\/","logo":{"@type":"ImageObject","inLanguage":"es","@id":"https:\/\/quakerspeak.com\/es\/#\/schema\/logo\/image\/","url":"https:\/\/quakerspeak.com\/wp-content\/uploads\/sites\/2\/2024\/03\/Without-BG-3.png","contentUrl":"https:\/\/quakerspeak.com\/wp-content\/uploads\/sites\/2\/2024\/03\/Without-BG-3.png","width":181,"height":66,"caption":"QuakerSpeak"},"image":{"@id":"https:\/\/quakerspeak.com\/es\/#\/schema\/logo\/image\/"}}]}},"distributor_meta":false,"distributor_terms":false,"distributor_media":false,"distributor_original_site_name":"QuakerSpeak","distributor_original_site_url":"https:\/\/quakerspeak.com\/es\/","push-errors":false,"acf":[],"_links":{"self":[{"href":"https:\/\/quakerspeak.com\/es\/wp-json\/wp\/v2\/pages\/7480","targetHints":{"allow":["GET"]}}],"collection":[{"href":"https:\/\/quakerspeak.com\/es\/wp-json\/wp\/v2\/pages"}],"about":[{"href":"https:\/\/quakerspeak.com\/es\/wp-json\/wp\/v2\/types\/page"}],"author":[{"embeddable":true,"href":"https:\/\/quakerspeak.com\/es\/wp-json\/wp\/v2\/users\/3"}],"replies":[{"embeddable":true,"href":"https:\/\/quakerspeak.com\/es\/wp-json\/wp\/v2\/comments?post=7480"}],"version-history":[{"count":1,"href":"https:\/\/quakerspeak.com\/es\/wp-json\/wp\/v2\/pages\/7480\/revisions"}],"predecessor-version":[{"id":7481,"href":"https:\/\/quakerspeak.com\/es\/wp-json\/wp\/v2\/pages\/7480\/revisions\/7481"}],"wp:featuredmedia":[{"embeddable":true,"href":"https:\/\/quakerspeak.com\/es\/wp-json\/wp\/v2\/media\/6001"}],"wp:attachment":[{"href":"https:\/\/quakerspeak.com\/es\/wp-json\/wp\/v2\/media?parent=7480"}],"curies":[{"name":"wp","href":"https:\/\/api.w.org\/{rel}","templated":true}]}}