{"id":7476,"date":"2015-07-16T15:15:07","date_gmt":"2015-07-16T19:15:07","guid":{"rendered":"https:\/\/quakerspeak.com\/como-usar-quakerspeak-para-tu-meeting\/"},"modified":"2015-07-16T15:15:07","modified_gmt":"2015-07-16T19:15:07","slug":"como-usar-quakerspeak-para-tu-meeting","status":"publish","type":"page","link":"https:\/\/quakerspeak.com\/es\/como-usar-quakerspeak-para-tu-meeting\/","title":{"rendered":"C\u00f3mo usar QuakerSpeak para tu Meeting"},"content":{"rendered":"<p>QuakerSpeak puede ser una herramienta \u00fatil para tu Meeting cu\u00e1quero, ya que estimula debates significativos entre Amigos y ayuda a compartir los principios b\u00e1sicos de fe y pr\u00e1ctica con buscadores espirituales.<\/p>\n<p><strong>Aqu\u00ed tienes algunas formas en que los Meetings est\u00e1n usando QuakerSpeak.<\/strong><\/p>\n<h4>1. Grupos de debate<\/h4>\n<p><img loading=\"lazy\" decoding=\"async\" class=\"alignleft wp-image-552\" src=\"https:\/\/quakerspeak.com\/wp-content\/uploads\/2015\/07\/Quaker-Discussion-Group-300x169.png\" alt=\"Grupo de debate cu\u00e1quero\" width=\"400\" height=\"225\" srcset=\"https:\/\/quakerspeak.com\/wp-content\/uploads\/sites\/2\/2015\/07\/Quaker-Discussion-Group-300x169.png 300w, https:\/\/quakerspeak.com\/wp-content\/uploads\/sites\/2\/2015\/07\/Quaker-Discussion-Group-1024x576.png 1024w, https:\/\/quakerspeak.com\/wp-content\/uploads\/sites\/2\/2015\/07\/Quaker-Discussion-Group-100x56.png 100w, https:\/\/quakerspeak.com\/wp-content\/uploads\/sites\/2\/2015\/07\/Quaker-Discussion-Group-862x482.png 862w, https:\/\/quakerspeak.com\/wp-content\/uploads\/sites\/2\/2015\/07\/Quaker-Discussion-Group-1200x671.png 1200w, https:\/\/quakerspeak.com\/wp-content\/uploads\/sites\/2\/2015\/07\/Quaker-Discussion-Group-846x473.png 846w, https:\/\/quakerspeak.com\/wp-content\/uploads\/sites\/2\/2015\/07\/Quaker-Discussion-Group-1184x662.png 1184w, https:\/\/quakerspeak.com\/wp-content\/uploads\/sites\/2\/2015\/07\/Quaker-Discussion-Group.png 1920w\" sizes=\"auto, (max-width: 400px) 100vw, 400px\" \/>Adem\u00e1s de reunirse para el culto, muchos Meetings tienen lo que a veces se llama la \u201csegunda hora\u201d, que ofrece a los reci\u00e9n llegados una introducci\u00f3n al cuaquerismo. Los v\u00eddeos de QuakerSpeak son una forma r\u00e1pida y sencilla de iniciar una conversaci\u00f3n sobre lo que nos importa como Amigos. <\/p>\n<p><strong>Publicamos un nuevo v\u00eddeo cada dos jueves<\/strong>, as\u00ed que simplemente <a href=\"https:\/\/quakerspeak.com\/es\/suscribete\/\">suscr\u00edbete<\/a> a nuestros correos electr\u00f3nicos semanales para poner en marcha tu grupo de debate.<\/p>\n<p><img loading=\"lazy\" decoding=\"async\" class=\"alignright wp-image-3786 size-medium\" src=\"https:\/\/quakerspeak.com\/wp-content\/uploads\/sites\/2\/2023\/01\/show-transcript-link-300x248.png\" alt=\"Una flecha roja se\u00f1ala el enlace que se encuentra en la parte inferior de la descripci\u00f3n de cada v\u00eddeo de QuakerSpeak.\" width=\"300\" height=\"248\" srcset=\"https:\/\/quakerspeak.com\/wp-content\/uploads\/sites\/2\/2023\/01\/show-transcript-link-300x248.png 300w, https:\/\/quakerspeak.com\/wp-content\/uploads\/sites\/2\/2023\/01\/show-transcript-link-1024x848.png 1024w, https:\/\/quakerspeak.com\/wp-content\/uploads\/sites\/2\/2023\/01\/show-transcript-link-768x636.png 768w, https:\/\/quakerspeak.com\/wp-content\/uploads\/sites\/2\/2023\/01\/show-transcript-link-600x497.png 600w, https:\/\/quakerspeak.com\/wp-content\/uploads\/sites\/2\/2023\/01\/show-transcript-link.png 1413w\" sizes=\"auto, (max-width: 300px) 100vw, 300px\" \/><\/p>\n<p><strong>Ofrecemos transcripciones de cada v\u00eddeo<\/strong> para que puedas seguir todo lo que se dice.<\/p>\n<p>Para empezar, incluimos algunas preguntas preparadas con cada v\u00eddeo. <strong>Simplemente haz clic en la l\u00ednea \u00abMostrar transcripci\u00f3n y preguntas para el debate&#8221; debajo de cualquier v\u00eddeo en nuestro sitio web.<\/strong> \u00a1Si\u00e9ntete libre de usar estas preguntas o crear las tuyas propias!<\/p>\n<p style=\"text-align: center\"><em>\u00bfNo tienes WiFi en tu Meetinghouse? Consigue un DVD <a href=\"https:\/\/quakerspeak.com\/?page_id=274\" target=\"_blank\" rel=\"noopener\">aqu\u00ed<\/a>. <\/em><\/p>\n<h4>2. En tu sitio web<\/h4>\n<p>El sitio web de tu Meeting puede ser una excelente manera de describir de forma r\u00e1pida y sencilla a los buscadores de qu\u00e9 se trata la experiencia cu\u00e1quera. <em>\u00bfEn qu\u00e9 creen los cu\u00e1queros? \u00bfQu\u00e9 sucede durante el culto? \u00bfC\u00f3mo puedo convertirme en Amigo?  <\/em><\/p>\n<p>Adem\u00e1s de abordar este tipo de preguntas b\u00e1sicas, los v\u00eddeos de QuakerSpeak tambi\u00e9n brindan informaci\u00f3n sobre las perspectivas de los Amigos sobre una variedad de preocupaciones sociales y espirituales contempor\u00e1neas.<\/p>\n<p><a href=\"https:\/\/sfquakers.org\/first-time-visitors\/\" target=\"_blank\" rel=\"noopener\"><img loading=\"lazy\" decoding=\"async\" class=\"alignright size-medium wp-image-557\" src=\"https:\/\/quakerspeak.com\/wp-content\/uploads\/2015\/07\/san-francisco-quaker-meeting-quakerspeak-234x300.png\" alt=\"san-francisco-quaker-meeting-quakerspeak\" width=\"234\" height=\"300\" srcset=\"https:\/\/quakerspeak.com\/wp-content\/uploads\/sites\/2\/2015\/07\/san-francisco-quaker-meeting-quakerspeak-234x300.png 234w, https:\/\/quakerspeak.com\/wp-content\/uploads\/sites\/2\/2015\/07\/san-francisco-quaker-meeting-quakerspeak-798x1024.png 798w, https:\/\/quakerspeak.com\/wp-content\/uploads\/sites\/2\/2015\/07\/san-francisco-quaker-meeting-quakerspeak-300x385.png 300w, https:\/\/quakerspeak.com\/wp-content\/uploads\/sites\/2\/2015\/07\/san-francisco-quaker-meeting-quakerspeak-100x128.png 100w, https:\/\/quakerspeak.com\/wp-content\/uploads\/sites\/2\/2015\/07\/san-francisco-quaker-meeting-quakerspeak-862x1107.png 862w, https:\/\/quakerspeak.com\/wp-content\/uploads\/sites\/2\/2015\/07\/san-francisco-quaker-meeting-quakerspeak-846x1086.png 846w, https:\/\/quakerspeak.com\/wp-content\/uploads\/sites\/2\/2015\/07\/san-francisco-quaker-meeting-quakerspeak.png 994w\" sizes=\"auto, (max-width: 234px) 100vw, 234px\" \/><\/a><\/p>\n<p>Aqu\u00ed tienes algunos ejemplos de c\u00f3mo los Meetings incorporan QuakerSpeak en su sitio web para crear una experiencia m\u00e1s profunda y significativa para los visitantes:<\/p>\n<ul style=\"margin-left: 100px\">\n<li><a href=\"https:\/\/www.pacificyearlymeeting.org\/2014\/gallery\/quakerspeak-video-gallery\/\" target=\"_blank\" rel=\"noopener\">Pacific Yearly Meeting<\/a><\/li>\n<li><a href=\"https:\/\/sfquakers.org\/first-time-visitors\/\" target=\"_blank\" rel=\"noopener\">San Francisco Friends Meeting<\/a><\/li>\n<li><a href=\"https:\/\/www.quakercloud.org\/cloud\/durango-friends-meeting\/pages\/videos-newcomers-quaker-speak\" target=\"_blank\" rel=\"noopener\">Durango Friends Meeting<\/a><\/li>\n<li><a href=\"https:\/\/miamifriends.wordpress.com\/quaker-speak\/\" target=\"_blank\" rel=\"noopener\">Miami Friends Meeting<\/a><\/li>\n<\/ul>\n<p><a href=\"https:\/\/www.youtube.com\/watch?v=Z2IWDwmaR38\" target=\"_blank\" rel=\"noopener\"><img loading=\"lazy\" decoding=\"async\" class=\"alignleft wp-image-558 size-medium\" src=\"https:\/\/quakerspeak.com\/wp-content\/uploads\/sites\/2\/2015\/07\/how-to-embed-a-youtube-video-300x259.png\" alt=\"Una flecha roja se\u00f1ala el bot\u00f3n \"Insertar\" que se encuentra al hacer clic en \"Compartir\" en la p\u00e1gina de YouTube de un v\u00eddeo de QuakerSpeak.\" width=\"300\" height=\"259\" srcset=\"https:\/\/quakerspeak.com\/wp-content\/uploads\/sites\/2\/2015\/07\/how-to-embed-a-youtube-video-300x259.png 300w, https:\/\/quakerspeak.com\/wp-content\/uploads\/sites\/2\/2015\/07\/how-to-embed-a-youtube-video-1024x883.png 1024w, https:\/\/quakerspeak.com\/wp-content\/uploads\/sites\/2\/2015\/07\/how-to-embed-a-youtube-video-100x86.png 100w, https:\/\/quakerspeak.com\/wp-content\/uploads\/sites\/2\/2015\/07\/how-to-embed-a-youtube-video-862x743.png 862w, https:\/\/quakerspeak.com\/wp-content\/uploads\/sites\/2\/2015\/07\/how-to-embed-a-youtube-video-846x729.png 846w, https:\/\/quakerspeak.com\/wp-content\/uploads\/sites\/2\/2015\/07\/how-to-embed-a-youtube-video.png 1174w\" sizes=\"auto, (max-width: 300px) 100vw, 300px\" \/><\/a><strong>Inserta un solo v\u00eddeo de QuakerSpeak en el sitio web de tu Meeting (sencillo)<\/strong><\/p>\n<p><span style=\"font-weight: 400\">Simplemente encuentra el v\u00eddeo que deseas usar en <a href=\"https:\/\/youTube.com\/QuakerSpeak\">YouTube<\/a>, luego busca el bot\u00f3n \u201cCompartir\u201d debajo del v\u00eddeo. Haz clic en eso, luego haz clic en \u201cInsertar\u201d y luego copia el c\u00f3digo que aparece y p\u00e9galo en tu propio sitio. <\/span><\/p>\n<p>Puedes encontrar instrucciones m\u00e1s detalladas <a href=\"https:\/\/support.google.com\/youtube\/answer\/171780\" target=\"_blank\" rel=\"noopener\">en este enlace<\/a>.<\/p>\n<p><strong>Muestra siempre el \u00faltimo v\u00eddeo de QuakerSpeak en el sitio web de tu Meeting (avanzado)<\/strong><\/p>\n<p>Si est\u00e1s utilizando WordPress para publicar el sitio web de tu Meeting, el siguiente c\u00f3digo de inserci\u00f3n insertar\u00e1 el \u00faltimo v\u00eddeo en tu sitio, <em>actualiz\u00e1ndose autom\u00e1ticamente<\/em> cada vez que publiquemos un nuevo episodio. (Aseg\u00farate de agregar corchetes [ y ] a cada extremo de este texto cuando lo copies y lo pegues en el c\u00f3digo de tu sitio). <\/p>\n<pre>youtube https:\/\/www.youtube.com\/watch?v=videoseries?list=PL-r97fEzGE2Th6OgcDQIY14jMi0wknb8u&amp;controls=0&amp;showinfo=0&amp;w=560&amp;h=315<\/pre>\n<div style=\"width: 320px;margin: 0 auto\"><\/div>\n","protected":false},"excerpt":{"rendered":"<p>QuakerSpeak puede ser una herramienta \u00fatil para tu Meeting cu\u00e1quero, ya que estimula debates significativos entre Amigos y ayuda a&hellip;<\/p>\n","protected":false},"author":3,"featured_media":0,"parent":0,"menu_order":0,"comment_status":"open","ping_status":"open","template":"","meta":{"_acf_changed":false,"hero_banner_post_id":0,"footnotes":""},"class_list":["post-7476","page","type-page","status-publish","hentry"],"yoast_head":"<!-- This site is optimized with the Yoast SEO plugin v27.3 - https:\/\/yoast.com\/product\/yoast-seo-wordpress\/ -->\n<title>C\u00f3mo usar QuakerSpeak para tu Meeting<\/title>\n<meta name=\"robots\" content=\"index, follow, max-snippet:-1, max-image-preview:large, max-video-preview:-1\" \/>\n<link rel=\"canonical\" href=\"https:\/\/quakerspeak.com\/es\/como-usar-quakerspeak-para-tu-meeting\/\" \/>\n<meta property=\"og:locale\" content=\"es_ES\" \/>\n<meta property=\"og:type\" content=\"article\" \/>\n<meta property=\"og:title\" content=\"C\u00f3mo usar QuakerSpeak para tu Meeting\" \/>\n<meta property=\"og:description\" content=\"QuakerSpeak puede ser una herramienta \u00fatil para tu Meeting cu\u00e1quero, ya que estimula debates significativos entre Amigos y ayuda a&hellip;\" \/>\n<meta property=\"og:url\" content=\"https:\/\/quakerspeak.com\/es\/como-usar-quakerspeak-para-tu-meeting\/\" \/>\n<meta property=\"og:site_name\" content=\"QuakerSpeak\" \/>\n<meta property=\"og:image\" content=\"https:\/\/quakerspeak.com\/wp-content\/uploads\/sites\/2\/2015\/07\/Quaker-Discussion-Group-1024x576.png\" \/>\n\t<meta property=\"og:image:width\" content=\"1024\" \/>\n\t<meta property=\"og:image:height\" content=\"576\" \/>\n\t<meta property=\"og:image:type\" content=\"image\/png\" \/>\n<meta name=\"twitter:card\" content=\"summary_large_image\" \/>\n<meta name=\"twitter:label1\" content=\"Est. reading time\" \/>\n\t<meta name=\"twitter:data1\" content=\"3 minuto\" \/>\n<script type=\"application\/ld+json\" class=\"yoast-schema-graph\">{\"@context\":\"https:\\\/\\\/schema.org\",\"@graph\":[{\"@type\":\"WebPage\",\"@id\":\"https:\\\/\\\/quakerspeak.com\\\/es\\\/como-usar-quakerspeak-para-tu-meeting\\\/\",\"url\":\"https:\\\/\\\/quakerspeak.com\\\/es\\\/como-usar-quakerspeak-para-tu-meeting\\\/\",\"name\":\"C\u00f3mo usar QuakerSpeak para tu Meeting\",\"isPartOf\":{\"@id\":\"https:\\\/\\\/quakerspeak.com\\\/es\\\/#website\"},\"primaryImageOfPage\":{\"@id\":\"https:\\\/\\\/quakerspeak.com\\\/es\\\/como-usar-quakerspeak-para-tu-meeting\\\/#primaryimage\"},\"image\":{\"@id\":\"https:\\\/\\\/quakerspeak.com\\\/es\\\/como-usar-quakerspeak-para-tu-meeting\\\/#primaryimage\"},\"thumbnailUrl\":\"https:\\\/\\\/quakerspeak.com\\\/wp-content\\\/uploads\\\/2015\\\/07\\\/Quaker-Discussion-Group-300x169.png\",\"datePublished\":\"2015-07-16T19:15:07+00:00\",\"breadcrumb\":{\"@id\":\"https:\\\/\\\/quakerspeak.com\\\/es\\\/como-usar-quakerspeak-para-tu-meeting\\\/#breadcrumb\"},\"inLanguage\":\"es\",\"potentialAction\":[{\"@type\":\"ReadAction\",\"target\":[\"https:\\\/\\\/quakerspeak.com\\\/es\\\/como-usar-quakerspeak-para-tu-meeting\\\/\"]}]},{\"@type\":\"ImageObject\",\"inLanguage\":\"es\",\"@id\":\"https:\\\/\\\/quakerspeak.com\\\/es\\\/como-usar-quakerspeak-para-tu-meeting\\\/#primaryimage\",\"url\":\"https:\\\/\\\/quakerspeak.com\\\/wp-content\\\/uploads\\\/2015\\\/07\\\/Quaker-Discussion-Group-300x169.png\",\"contentUrl\":\"https:\\\/\\\/quakerspeak.com\\\/wp-content\\\/uploads\\\/2015\\\/07\\\/Quaker-Discussion-Group-300x169.png\"},{\"@type\":\"BreadcrumbList\",\"@id\":\"https:\\\/\\\/quakerspeak.com\\\/es\\\/como-usar-quakerspeak-para-tu-meeting\\\/#breadcrumb\",\"itemListElement\":[{\"@type\":\"ListItem\",\"position\":1,\"name\":\"Home\",\"item\":\"https:\\\/\\\/quakerspeak.com\\\/es\\\/pagina-de-inicio\\\/\"},{\"@type\":\"ListItem\",\"position\":2,\"name\":\"C\u00f3mo usar QuakerSpeak para tu Meeting\"}]},{\"@type\":\"WebSite\",\"@id\":\"https:\\\/\\\/quakerspeak.com\\\/es\\\/#website\",\"url\":\"https:\\\/\\\/quakerspeak.com\\\/es\\\/\",\"name\":\"QuakerSpeak\",\"description\":\"Weekly Videos. Vital Ministries.\",\"publisher\":{\"@id\":\"https:\\\/\\\/quakerspeak.com\\\/es\\\/#organization\"},\"potentialAction\":[{\"@type\":\"SearchAction\",\"target\":{\"@type\":\"EntryPoint\",\"urlTemplate\":\"https:\\\/\\\/quakerspeak.com\\\/es\\\/?s={search_term_string}\"},\"query-input\":{\"@type\":\"PropertyValueSpecification\",\"valueRequired\":true,\"valueName\":\"search_term_string\"}}],\"inLanguage\":\"es\"},{\"@type\":\"Organization\",\"@id\":\"https:\\\/\\\/quakerspeak.com\\\/es\\\/#organization\",\"name\":\"QuakerSpeak\",\"url\":\"https:\\\/\\\/quakerspeak.com\\\/es\\\/\",\"logo\":{\"@type\":\"ImageObject\",\"inLanguage\":\"es\",\"@id\":\"https:\\\/\\\/quakerspeak.com\\\/es\\\/#\\\/schema\\\/logo\\\/image\\\/\",\"url\":\"https:\\\/\\\/quakerspeak.com\\\/wp-content\\\/uploads\\\/sites\\\/2\\\/2024\\\/03\\\/Without-BG-3.png\",\"contentUrl\":\"https:\\\/\\\/quakerspeak.com\\\/wp-content\\\/uploads\\\/sites\\\/2\\\/2024\\\/03\\\/Without-BG-3.png\",\"width\":181,\"height\":66,\"caption\":\"QuakerSpeak\"},\"image\":{\"@id\":\"https:\\\/\\\/quakerspeak.com\\\/es\\\/#\\\/schema\\\/logo\\\/image\\\/\"}}]}<\/script>\n<!-- \/ Yoast SEO plugin. -->","yoast_head_json":{"title":"C\u00f3mo usar QuakerSpeak para tu Meeting","robots":{"index":"index","follow":"follow","max-snippet":"max-snippet:-1","max-image-preview":"max-image-preview:large","max-video-preview":"max-video-preview:-1"},"canonical":"https:\/\/quakerspeak.com\/es\/como-usar-quakerspeak-para-tu-meeting\/","og_locale":"es_ES","og_type":"article","og_title":"C\u00f3mo usar QuakerSpeak para tu Meeting","og_description":"QuakerSpeak puede ser una herramienta \u00fatil para tu Meeting cu\u00e1quero, ya que estimula debates significativos entre Amigos y ayuda a&hellip;","og_url":"https:\/\/quakerspeak.com\/es\/como-usar-quakerspeak-para-tu-meeting\/","og_site_name":"QuakerSpeak","og_image":[{"width":1024,"height":576,"url":"https:\/\/quakerspeak.com\/wp-content\/uploads\/sites\/2\/2015\/07\/Quaker-Discussion-Group-1024x576.png","type":"image\/png"}],"twitter_card":"summary_large_image","twitter_misc":{"Est. reading time":"3 minuto"},"schema":{"@context":"https:\/\/schema.org","@graph":[{"@type":"WebPage","@id":"https:\/\/quakerspeak.com\/es\/como-usar-quakerspeak-para-tu-meeting\/","url":"https:\/\/quakerspeak.com\/es\/como-usar-quakerspeak-para-tu-meeting\/","name":"C\u00f3mo usar QuakerSpeak para tu Meeting","isPartOf":{"@id":"https:\/\/quakerspeak.com\/es\/#website"},"primaryImageOfPage":{"@id":"https:\/\/quakerspeak.com\/es\/como-usar-quakerspeak-para-tu-meeting\/#primaryimage"},"image":{"@id":"https:\/\/quakerspeak.com\/es\/como-usar-quakerspeak-para-tu-meeting\/#primaryimage"},"thumbnailUrl":"https:\/\/quakerspeak.com\/wp-content\/uploads\/2015\/07\/Quaker-Discussion-Group-300x169.png","datePublished":"2015-07-16T19:15:07+00:00","breadcrumb":{"@id":"https:\/\/quakerspeak.com\/es\/como-usar-quakerspeak-para-tu-meeting\/#breadcrumb"},"inLanguage":"es","potentialAction":[{"@type":"ReadAction","target":["https:\/\/quakerspeak.com\/es\/como-usar-quakerspeak-para-tu-meeting\/"]}]},{"@type":"ImageObject","inLanguage":"es","@id":"https:\/\/quakerspeak.com\/es\/como-usar-quakerspeak-para-tu-meeting\/#primaryimage","url":"https:\/\/quakerspeak.com\/wp-content\/uploads\/2015\/07\/Quaker-Discussion-Group-300x169.png","contentUrl":"https:\/\/quakerspeak.com\/wp-content\/uploads\/2015\/07\/Quaker-Discussion-Group-300x169.png"},{"@type":"BreadcrumbList","@id":"https:\/\/quakerspeak.com\/es\/como-usar-quakerspeak-para-tu-meeting\/#breadcrumb","itemListElement":[{"@type":"ListItem","position":1,"name":"Home","item":"https:\/\/quakerspeak.com\/es\/pagina-de-inicio\/"},{"@type":"ListItem","position":2,"name":"C\u00f3mo usar QuakerSpeak para tu Meeting"}]},{"@type":"WebSite","@id":"https:\/\/quakerspeak.com\/es\/#website","url":"https:\/\/quakerspeak.com\/es\/","name":"QuakerSpeak","description":"Weekly Videos. Vital Ministries.","publisher":{"@id":"https:\/\/quakerspeak.com\/es\/#organization"},"potentialAction":[{"@type":"SearchAction","target":{"@type":"EntryPoint","urlTemplate":"https:\/\/quakerspeak.com\/es\/?s={search_term_string}"},"query-input":{"@type":"PropertyValueSpecification","valueRequired":true,"valueName":"search_term_string"}}],"inLanguage":"es"},{"@type":"Organization","@id":"https:\/\/quakerspeak.com\/es\/#organization","name":"QuakerSpeak","url":"https:\/\/quakerspeak.com\/es\/","logo":{"@type":"ImageObject","inLanguage":"es","@id":"https:\/\/quakerspeak.com\/es\/#\/schema\/logo\/image\/","url":"https:\/\/quakerspeak.com\/wp-content\/uploads\/sites\/2\/2024\/03\/Without-BG-3.png","contentUrl":"https:\/\/quakerspeak.com\/wp-content\/uploads\/sites\/2\/2024\/03\/Without-BG-3.png","width":181,"height":66,"caption":"QuakerSpeak"},"image":{"@id":"https:\/\/quakerspeak.com\/es\/#\/schema\/logo\/image\/"}}]}},"distributor_meta":false,"distributor_terms":false,"distributor_media":false,"distributor_original_site_name":"QuakerSpeak","distributor_original_site_url":"https:\/\/quakerspeak.com\/es\/","push-errors":false,"acf":[],"_links":{"self":[{"href":"https:\/\/quakerspeak.com\/es\/wp-json\/wp\/v2\/pages\/7476","targetHints":{"allow":["GET"]}}],"collection":[{"href":"https:\/\/quakerspeak.com\/es\/wp-json\/wp\/v2\/pages"}],"about":[{"href":"https:\/\/quakerspeak.com\/es\/wp-json\/wp\/v2\/types\/page"}],"author":[{"embeddable":true,"href":"https:\/\/quakerspeak.com\/es\/wp-json\/wp\/v2\/users\/3"}],"replies":[{"embeddable":true,"href":"https:\/\/quakerspeak.com\/es\/wp-json\/wp\/v2\/comments?post=7476"}],"version-history":[{"count":0,"href":"https:\/\/quakerspeak.com\/es\/wp-json\/wp\/v2\/pages\/7476\/revisions"}],"wp:attachment":[{"href":"https:\/\/quakerspeak.com\/es\/wp-json\/wp\/v2\/media?parent=7476"}],"curies":[{"name":"wp","href":"https:\/\/api.w.org\/{rel}","templated":true}]}}