{"id":7475,"date":"2016-02-11T10:42:56","date_gmt":"2016-02-11T15:42:56","guid":{"rendered":"https:\/\/quakerspeak.com\/como-insertar-un-video-de-quakerspeak-en-tu-sitio-web\/"},"modified":"2016-02-11T10:42:56","modified_gmt":"2016-02-11T15:42:56","slug":"como-insertar-un-video-de-quakerspeak-en-tu-sitio-web","status":"publish","type":"page","link":"https:\/\/quakerspeak.com\/es\/como-insertar-un-video-de-quakerspeak-en-tu-sitio-web\/","title":{"rendered":"C\u00f3mo insertar un v\u00eddeo de QuakerSpeak en tu sitio web"},"content":{"rendered":"<p><a href=\"https:\/\/sfquakers.org\/first-time-visitors\/\" target=\"_blank\"><img loading=\"lazy\" decoding=\"async\" src=\"https:\/\/quakerspeak.com\/wp-content\/uploads\/2015\/07\/san-francisco-quaker-meeting-quakerspeak-234x300.png\" alt=\"san-francisco-quaker-meeting-quakerspeak\" width=\"234\" height=\"300\" class=\"alignright size-medium wp-image-557\" srcset=\"https:\/\/quakerspeak.com\/wp-content\/uploads\/sites\/2\/2015\/07\/san-francisco-quaker-meeting-quakerspeak-234x300.png 234w, https:\/\/quakerspeak.com\/wp-content\/uploads\/sites\/2\/2015\/07\/san-francisco-quaker-meeting-quakerspeak-798x1024.png 798w, https:\/\/quakerspeak.com\/wp-content\/uploads\/sites\/2\/2015\/07\/san-francisco-quaker-meeting-quakerspeak-300x385.png 300w, https:\/\/quakerspeak.com\/wp-content\/uploads\/sites\/2\/2015\/07\/san-francisco-quaker-meeting-quakerspeak-100x128.png 100w, https:\/\/quakerspeak.com\/wp-content\/uploads\/sites\/2\/2015\/07\/san-francisco-quaker-meeting-quakerspeak-862x1107.png 862w, https:\/\/quakerspeak.com\/wp-content\/uploads\/sites\/2\/2015\/07\/san-francisco-quaker-meeting-quakerspeak-846x1086.png 846w, https:\/\/quakerspeak.com\/wp-content\/uploads\/sites\/2\/2015\/07\/san-francisco-quaker-meeting-quakerspeak.png 994w\" sizes=\"auto, (max-width: 234px) 100vw, 234px\" \/><\/a>El sitio web de tu Meeting puede ser una forma excelente de describir de forma r\u00e1pida y sencilla a los buscadores de qu\u00e9 se trata la experiencia Quaker.<\/p>\n<p>Los v\u00eddeos de QuakerSpeak son una forma f\u00e1cil de crear una experiencia m\u00e1s profunda y significativa para los visitantes del sitio web de tu Meeting. Aqu\u00ed tienes algunos ejemplos de Meetings que est\u00e1n utilizando nuestros v\u00eddeos para este prop\u00f3sito: <\/p>\n<ul style=\"margin-left:100px;\">\n<li><a target=\"_blank\" href=\"https:\/\/patapsco.bym-rsf.net\/about-2\/about-quakers\/\">Patapsco Friends Meeting<\/a><\/li>\n<li><a target=\"_blank\" href=\"https:\/\/www.pacificyearlymeeting.org\/2014\/gallery\/quakerspeak-video-gallery\/\">Pacific Yearly Meeting<\/a><\/li>\n<li><a target=\"_blank\" href=\"https:\/\/sfquakers.org\/first-time-visitors\/\">San Francisco Friends Meeting<\/a><\/li>\n<li><a target=\"_blank\" href=\"https:\/\/www.nyym.org\/?q=Videos\">New York Yearly Meeting<\/a><\/li>\n<li> <a target=\"_blank\" href=\"https:\/\/durangoquakers.org\/\">Durango Friends Meeting<\/a><\/li>\n<li> <a target=\"_blank\" href=\"https:\/\/miamifriends.wordpress.com\/quaker-speak\/\">Miami Friends Meeting<\/a><\/li>\n<\/ul>\n<p><br clear=\"all\"><\/p>\n<p style=\"font-size:18px;text-align:center;margin-top:50px;\"><strong>C\u00f3mo insertar un v\u00eddeo de QuakerSpeak<\/strong><\/p>\n<p><strong>1. Insertar un solo v\u00eddeo (sencillo)<\/strong><\/p>\n<p><a target=\"_blank\" href=\"https:\/\/quakerspeak.com\/wp-content\/uploads\/2015\/07\/how-to-embed-a-youtube-video.png\"><img loading=\"lazy\" decoding=\"async\" src=\"https:\/\/quakerspeak.com\/wp-content\/uploads\/2015\/07\/how-to-embed-a-youtube-video-300x259.png\" alt=\"how-to-embed-a-youtube-video\" width=\"300\" height=\"259\" class=\"alignleft size-medium wp-image-558\" srcset=\"https:\/\/quakerspeak.com\/wp-content\/uploads\/sites\/2\/2015\/07\/how-to-embed-a-youtube-video-300x259.png 300w, https:\/\/quakerspeak.com\/wp-content\/uploads\/sites\/2\/2015\/07\/how-to-embed-a-youtube-video-1024x883.png 1024w, https:\/\/quakerspeak.com\/wp-content\/uploads\/sites\/2\/2015\/07\/how-to-embed-a-youtube-video-100x86.png 100w, https:\/\/quakerspeak.com\/wp-content\/uploads\/sites\/2\/2015\/07\/how-to-embed-a-youtube-video-862x743.png 862w, https:\/\/quakerspeak.com\/wp-content\/uploads\/sites\/2\/2015\/07\/how-to-embed-a-youtube-video-846x729.png 846w, https:\/\/quakerspeak.com\/wp-content\/uploads\/sites\/2\/2015\/07\/how-to-embed-a-youtube-video.png 1174w\" sizes=\"auto, (max-width: 300px) 100vw, 300px\" \/><\/a>Cuando lo veas en <a href=\"https:\/\/www.youtube.com\/quakerspeak\" target=\"_blank\">YouTube<\/a>, busca el enlace \u00abCompartir&#8221; debajo del v\u00eddeo y, a continuaci\u00f3n, haz clic en \u00abInsertar&#8221;. <\/p>\n<p>Copia y pega el c\u00f3digo en tu sitio.<\/p>\n<p><br clear=\"all\"><\/p>\n<p style=\"margin-top:15px;\"><strong>2. Insertar nuestro v\u00eddeo m\u00e1s reciente (avanzado)<\/strong><\/p>\n<p>El siguiente c\u00f3digo de inserci\u00f3n insertar\u00e1 el \u00faltimo v\u00eddeo en tu sitio, <em>actualiz\u00e1ndose autom\u00e1ticamente<\/em> cada semana cuando publiquemos uno nuevo:<\/p>\n<pre>&lt;iframe width=\"560\" height=\"315\" src=\"https:\/\/www.youtube.com\/embed\/videoseries?list=PL-r97fEzGE2Th6OgcDQIY14jMi0wknb8u&amp;controls=0&amp;showinfo=0\" frameborder=\"0\" allowfullscreen&gt;&lt;\/iframe&gt;<\/pre>\n<p style=\"text-align:center;font-size:12px;\">(Para personalizar este c\u00f3digo para tu propio sitio, visita <a href=\"https:\/\/www.youtube.com\/playlist?list=PL-r97fEzGE2Th6OgcDQIY14jMi0wknb8u\" target=\"_blank\">esta p\u00e1gina<\/a> y pulsa \u00abcompartir&#8221;, luego \u00abinsertar&#8221; y, a continuaci\u00f3n, \u00abmostrar m\u00e1s&#8221;) <\/p>\n<p><br clear=\"all\"><\/p>\n<p style=\"margin-top:15px;\"><strong>3. M\u00e1s ayuda<\/strong><\/p>\n<p>Puedes encontrar m\u00e1s informaci\u00f3n sobre c\u00f3mo insertar v\u00eddeos individuales de YouTube y listas de reproducci\u00f3n completas en <a target=\"_blank\" href=\"https:\/\/support.google.com\/youtube\/answer\/171780\">este enlace<\/a>.<\/p>\n","protected":false},"excerpt":{"rendered":"<p>El sitio web de tu Meeting puede ser una forma excelente de describir de forma r\u00e1pida y sencilla a los&hellip;<\/p>\n","protected":false},"author":3,"featured_media":0,"parent":0,"menu_order":0,"comment_status":"closed","ping_status":"closed","template":"","meta":{"_acf_changed":false,"hero_banner_post_id":0,"footnotes":""},"class_list":["post-7475","page","type-page","status-publish","hentry"],"yoast_head":"<!-- This site is optimized with the Yoast SEO plugin v27.3 - https:\/\/yoast.com\/product\/yoast-seo-wordpress\/ -->\n<title>C\u00f3mo insertar un v\u00eddeo de QuakerSpeak en tu sitio web<\/title>\n<meta name=\"description\" content=\"Aprende a insertar un v\u00eddeo de QuakerSpeak en tu sitio web o en el sitio web de tu Meeting.\" \/>\n<meta name=\"robots\" content=\"index, follow, max-snippet:-1, max-image-preview:large, max-video-preview:-1\" \/>\n<link rel=\"canonical\" href=\"https:\/\/quakerspeak.com\/es\/como-insertar-un-video-de-quakerspeak-en-tu-sitio-web\/\" \/>\n<meta property=\"og:locale\" content=\"es_ES\" \/>\n<meta property=\"og:type\" content=\"article\" \/>\n<meta property=\"og:title\" content=\"C\u00f3mo insertar un v\u00eddeo de QuakerSpeak en tu sitio web\" \/>\n<meta property=\"og:description\" content=\"Aprende a insertar un v\u00eddeo de QuakerSpeak en tu sitio web o en el sitio web de tu Meeting.\" \/>\n<meta property=\"og:url\" content=\"https:\/\/quakerspeak.com\/es\/como-insertar-un-video-de-quakerspeak-en-tu-sitio-web\/\" \/>\n<meta property=\"og:site_name\" content=\"QuakerSpeak\" \/>\n<meta property=\"og:image\" content=\"https:\/\/quakerspeak.com\/wp-content\/uploads\/sites\/2\/2015\/07\/san-francisco-quaker-meeting-quakerspeak.png\" \/>\n\t<meta property=\"og:image:width\" content=\"994\" \/>\n\t<meta property=\"og:image:height\" content=\"1276\" \/>\n\t<meta property=\"og:image:type\" content=\"image\/png\" \/>\n<meta name=\"twitter:card\" content=\"summary_large_image\" \/>\n<meta name=\"twitter:label1\" content=\"Est. reading time\" \/>\n\t<meta name=\"twitter:data1\" content=\"1 minuto\" \/>\n<script type=\"application\/ld+json\" class=\"yoast-schema-graph\">{\"@context\":\"https:\\\/\\\/schema.org\",\"@graph\":[{\"@type\":\"WebPage\",\"@id\":\"https:\\\/\\\/quakerspeak.com\\\/es\\\/como-insertar-un-video-de-quakerspeak-en-tu-sitio-web\\\/\",\"url\":\"https:\\\/\\\/quakerspeak.com\\\/es\\\/como-insertar-un-video-de-quakerspeak-en-tu-sitio-web\\\/\",\"name\":\"C\u00f3mo insertar un v\u00eddeo de QuakerSpeak en tu sitio web\",\"isPartOf\":{\"@id\":\"https:\\\/\\\/quakerspeak.com\\\/es\\\/#website\"},\"primaryImageOfPage\":{\"@id\":\"https:\\\/\\\/quakerspeak.com\\\/es\\\/como-insertar-un-video-de-quakerspeak-en-tu-sitio-web\\\/#primaryimage\"},\"image\":{\"@id\":\"https:\\\/\\\/quakerspeak.com\\\/es\\\/como-insertar-un-video-de-quakerspeak-en-tu-sitio-web\\\/#primaryimage\"},\"thumbnailUrl\":\"https:\\\/\\\/quakerspeak.com\\\/wp-content\\\/uploads\\\/2015\\\/07\\\/san-francisco-quaker-meeting-quakerspeak-234x300.png\",\"datePublished\":\"2016-02-11T15:42:56+00:00\",\"description\":\"Aprende a insertar un v\u00eddeo de QuakerSpeak en tu sitio web o en el sitio web de tu Meeting.\",\"breadcrumb\":{\"@id\":\"https:\\\/\\\/quakerspeak.com\\\/es\\\/como-insertar-un-video-de-quakerspeak-en-tu-sitio-web\\\/#breadcrumb\"},\"inLanguage\":\"es\",\"potentialAction\":[{\"@type\":\"ReadAction\",\"target\":[\"https:\\\/\\\/quakerspeak.com\\\/es\\\/como-insertar-un-video-de-quakerspeak-en-tu-sitio-web\\\/\"]}]},{\"@type\":\"ImageObject\",\"inLanguage\":\"es\",\"@id\":\"https:\\\/\\\/quakerspeak.com\\\/es\\\/como-insertar-un-video-de-quakerspeak-en-tu-sitio-web\\\/#primaryimage\",\"url\":\"https:\\\/\\\/quakerspeak.com\\\/wp-content\\\/uploads\\\/2015\\\/07\\\/san-francisco-quaker-meeting-quakerspeak-234x300.png\",\"contentUrl\":\"https:\\\/\\\/quakerspeak.com\\\/wp-content\\\/uploads\\\/2015\\\/07\\\/san-francisco-quaker-meeting-quakerspeak-234x300.png\"},{\"@type\":\"BreadcrumbList\",\"@id\":\"https:\\\/\\\/quakerspeak.com\\\/es\\\/como-insertar-un-video-de-quakerspeak-en-tu-sitio-web\\\/#breadcrumb\",\"itemListElement\":[{\"@type\":\"ListItem\",\"position\":1,\"name\":\"Home\",\"item\":\"https:\\\/\\\/quakerspeak.com\\\/es\\\/pagina-de-inicio\\\/\"},{\"@type\":\"ListItem\",\"position\":2,\"name\":\"C\u00f3mo insertar un v\u00eddeo de QuakerSpeak en tu sitio web\"}]},{\"@type\":\"WebSite\",\"@id\":\"https:\\\/\\\/quakerspeak.com\\\/es\\\/#website\",\"url\":\"https:\\\/\\\/quakerspeak.com\\\/es\\\/\",\"name\":\"QuakerSpeak\",\"description\":\"Weekly Videos. Vital Ministries.\",\"publisher\":{\"@id\":\"https:\\\/\\\/quakerspeak.com\\\/es\\\/#organization\"},\"potentialAction\":[{\"@type\":\"SearchAction\",\"target\":{\"@type\":\"EntryPoint\",\"urlTemplate\":\"https:\\\/\\\/quakerspeak.com\\\/es\\\/?s={search_term_string}\"},\"query-input\":{\"@type\":\"PropertyValueSpecification\",\"valueRequired\":true,\"valueName\":\"search_term_string\"}}],\"inLanguage\":\"es\"},{\"@type\":\"Organization\",\"@id\":\"https:\\\/\\\/quakerspeak.com\\\/es\\\/#organization\",\"name\":\"QuakerSpeak\",\"url\":\"https:\\\/\\\/quakerspeak.com\\\/es\\\/\",\"logo\":{\"@type\":\"ImageObject\",\"inLanguage\":\"es\",\"@id\":\"https:\\\/\\\/quakerspeak.com\\\/es\\\/#\\\/schema\\\/logo\\\/image\\\/\",\"url\":\"https:\\\/\\\/quakerspeak.com\\\/wp-content\\\/uploads\\\/sites\\\/2\\\/2024\\\/03\\\/Without-BG-3.png\",\"contentUrl\":\"https:\\\/\\\/quakerspeak.com\\\/wp-content\\\/uploads\\\/sites\\\/2\\\/2024\\\/03\\\/Without-BG-3.png\",\"width\":181,\"height\":66,\"caption\":\"QuakerSpeak\"},\"image\":{\"@id\":\"https:\\\/\\\/quakerspeak.com\\\/es\\\/#\\\/schema\\\/logo\\\/image\\\/\"}}]}<\/script>\n<!-- \/ Yoast SEO plugin. -->","yoast_head_json":{"title":"C\u00f3mo insertar un v\u00eddeo de QuakerSpeak en tu sitio web","description":"Aprende a insertar un v\u00eddeo de QuakerSpeak en tu sitio web o en el sitio web de tu Meeting.","robots":{"index":"index","follow":"follow","max-snippet":"max-snippet:-1","max-image-preview":"max-image-preview:large","max-video-preview":"max-video-preview:-1"},"canonical":"https:\/\/quakerspeak.com\/es\/como-insertar-un-video-de-quakerspeak-en-tu-sitio-web\/","og_locale":"es_ES","og_type":"article","og_title":"C\u00f3mo insertar un v\u00eddeo de QuakerSpeak en tu sitio web","og_description":"Aprende a insertar un v\u00eddeo de QuakerSpeak en tu sitio web o en el sitio web de tu Meeting.","og_url":"https:\/\/quakerspeak.com\/es\/como-insertar-un-video-de-quakerspeak-en-tu-sitio-web\/","og_site_name":"QuakerSpeak","og_image":[{"width":994,"height":1276,"url":"https:\/\/quakerspeak.com\/wp-content\/uploads\/sites\/2\/2015\/07\/san-francisco-quaker-meeting-quakerspeak.png","type":"image\/png"}],"twitter_card":"summary_large_image","twitter_misc":{"Est. reading time":"1 minuto"},"schema":{"@context":"https:\/\/schema.org","@graph":[{"@type":"WebPage","@id":"https:\/\/quakerspeak.com\/es\/como-insertar-un-video-de-quakerspeak-en-tu-sitio-web\/","url":"https:\/\/quakerspeak.com\/es\/como-insertar-un-video-de-quakerspeak-en-tu-sitio-web\/","name":"C\u00f3mo insertar un v\u00eddeo de QuakerSpeak en tu sitio web","isPartOf":{"@id":"https:\/\/quakerspeak.com\/es\/#website"},"primaryImageOfPage":{"@id":"https:\/\/quakerspeak.com\/es\/como-insertar-un-video-de-quakerspeak-en-tu-sitio-web\/#primaryimage"},"image":{"@id":"https:\/\/quakerspeak.com\/es\/como-insertar-un-video-de-quakerspeak-en-tu-sitio-web\/#primaryimage"},"thumbnailUrl":"https:\/\/quakerspeak.com\/wp-content\/uploads\/2015\/07\/san-francisco-quaker-meeting-quakerspeak-234x300.png","datePublished":"2016-02-11T15:42:56+00:00","description":"Aprende a insertar un v\u00eddeo de QuakerSpeak en tu sitio web o en el sitio web de tu Meeting.","breadcrumb":{"@id":"https:\/\/quakerspeak.com\/es\/como-insertar-un-video-de-quakerspeak-en-tu-sitio-web\/#breadcrumb"},"inLanguage":"es","potentialAction":[{"@type":"ReadAction","target":["https:\/\/quakerspeak.com\/es\/como-insertar-un-video-de-quakerspeak-en-tu-sitio-web\/"]}]},{"@type":"ImageObject","inLanguage":"es","@id":"https:\/\/quakerspeak.com\/es\/como-insertar-un-video-de-quakerspeak-en-tu-sitio-web\/#primaryimage","url":"https:\/\/quakerspeak.com\/wp-content\/uploads\/2015\/07\/san-francisco-quaker-meeting-quakerspeak-234x300.png","contentUrl":"https:\/\/quakerspeak.com\/wp-content\/uploads\/2015\/07\/san-francisco-quaker-meeting-quakerspeak-234x300.png"},{"@type":"BreadcrumbList","@id":"https:\/\/quakerspeak.com\/es\/como-insertar-un-video-de-quakerspeak-en-tu-sitio-web\/#breadcrumb","itemListElement":[{"@type":"ListItem","position":1,"name":"Home","item":"https:\/\/quakerspeak.com\/es\/pagina-de-inicio\/"},{"@type":"ListItem","position":2,"name":"C\u00f3mo insertar un v\u00eddeo de QuakerSpeak en tu sitio web"}]},{"@type":"WebSite","@id":"https:\/\/quakerspeak.com\/es\/#website","url":"https:\/\/quakerspeak.com\/es\/","name":"QuakerSpeak","description":"Weekly Videos. Vital Ministries.","publisher":{"@id":"https:\/\/quakerspeak.com\/es\/#organization"},"potentialAction":[{"@type":"SearchAction","target":{"@type":"EntryPoint","urlTemplate":"https:\/\/quakerspeak.com\/es\/?s={search_term_string}"},"query-input":{"@type":"PropertyValueSpecification","valueRequired":true,"valueName":"search_term_string"}}],"inLanguage":"es"},{"@type":"Organization","@id":"https:\/\/quakerspeak.com\/es\/#organization","name":"QuakerSpeak","url":"https:\/\/quakerspeak.com\/es\/","logo":{"@type":"ImageObject","inLanguage":"es","@id":"https:\/\/quakerspeak.com\/es\/#\/schema\/logo\/image\/","url":"https:\/\/quakerspeak.com\/wp-content\/uploads\/sites\/2\/2024\/03\/Without-BG-3.png","contentUrl":"https:\/\/quakerspeak.com\/wp-content\/uploads\/sites\/2\/2024\/03\/Without-BG-3.png","width":181,"height":66,"caption":"QuakerSpeak"},"image":{"@id":"https:\/\/quakerspeak.com\/es\/#\/schema\/logo\/image\/"}}]}},"distributor_meta":false,"distributor_terms":false,"distributor_media":false,"distributor_original_site_name":"QuakerSpeak","distributor_original_site_url":"https:\/\/quakerspeak.com\/es\/","push-errors":false,"acf":[],"_links":{"self":[{"href":"https:\/\/quakerspeak.com\/es\/wp-json\/wp\/v2\/pages\/7475","targetHints":{"allow":["GET"]}}],"collection":[{"href":"https:\/\/quakerspeak.com\/es\/wp-json\/wp\/v2\/pages"}],"about":[{"href":"https:\/\/quakerspeak.com\/es\/wp-json\/wp\/v2\/types\/page"}],"author":[{"embeddable":true,"href":"https:\/\/quakerspeak.com\/es\/wp-json\/wp\/v2\/users\/3"}],"replies":[{"embeddable":true,"href":"https:\/\/quakerspeak.com\/es\/wp-json\/wp\/v2\/comments?post=7475"}],"version-history":[{"count":0,"href":"https:\/\/quakerspeak.com\/es\/wp-json\/wp\/v2\/pages\/7475\/revisions"}],"wp:attachment":[{"href":"https:\/\/quakerspeak.com\/es\/wp-json\/wp\/v2\/media?parent=7475"}],"curies":[{"name":"wp","href":"https:\/\/api.w.org\/{rel}","templated":true}]}}