{"id":7473,"date":"2016-03-03T13:01:23","date_gmt":"2016-03-03T18:01:23","guid":{"rendered":"https:\/\/quakerspeak.com\/transcripciones-subtitulos-y-subtitulado-opcional\/"},"modified":"2016-03-03T13:01:23","modified_gmt":"2016-03-03T18:01:23","slug":"transcripciones-subtitulos-y-subtitulado-opcional","status":"publish","type":"page","link":"https:\/\/quakerspeak.com\/es\/transcripciones-subtitulos-y-subtitulado-opcional\/","title":{"rendered":"Transcripciones, subt\u00edtulos y subtitulado opcional"},"content":{"rendered":"<p>\u00bfBuscas transcripciones o subt\u00edtulos de los v\u00eddeos de QuakerSpeak, tambi\u00e9n conocidos como subtitulado opcional?<\/p>\n<h2>Subt\u00edtulos y subtitulado opcional<\/h2>\n<p><a href=\"https:\/\/quakerspeak.com\/wp-content\/uploads\/2016\/03\/closed-captions.png\" rel=\"attachment wp-att-783\"><img loading=\"lazy\" decoding=\"async\" src=\"https:\/\/quakerspeak.com\/wp-content\/uploads\/2016\/03\/closed-captions-300x165.png\" alt=\"subt\u00edtulos opcionales\" width=\"300\" height=\"165\" class=\"alignleft size-medium wp-image-783\" srcset=\"https:\/\/quakerspeak.com\/wp-content\/uploads\/sites\/2\/2016\/03\/closed-captions-300x165.png 300w, https:\/\/quakerspeak.com\/wp-content\/uploads\/sites\/2\/2016\/03\/closed-captions-768x421.png 768w, https:\/\/quakerspeak.com\/wp-content\/uploads\/sites\/2\/2016\/03\/closed-captions-1024x562.png 1024w, https:\/\/quakerspeak.com\/wp-content\/uploads\/sites\/2\/2016\/03\/closed-captions-100x55.png 100w, https:\/\/quakerspeak.com\/wp-content\/uploads\/sites\/2\/2016\/03\/closed-captions-862x473.png 862w, https:\/\/quakerspeak.com\/wp-content\/uploads\/sites\/2\/2016\/03\/closed-captions-1200x658.png 1200w, https:\/\/quakerspeak.com\/wp-content\/uploads\/sites\/2\/2016\/03\/closed-captions-846x464.png 846w, https:\/\/quakerspeak.com\/wp-content\/uploads\/sites\/2\/2016\/03\/closed-captions-1184x649.png 1184w, https:\/\/quakerspeak.com\/wp-content\/uploads\/sites\/2\/2016\/03\/closed-captions.png 1918w\" sizes=\"auto, (max-width: 300px) 100vw, 300px\" \/><\/a><\/p>\n<p>Todos los v\u00eddeos de QuakerSpeak tienen subtitulado opcional. Solo tienes que pulsar el bot\u00f3n \u201ccc\u201d en la parte inferior derecha de cualquier v\u00eddeo.<br \/>\n<br clear=\"all\"><\/p>\n<h2>Transcripciones<\/h2>\n<p>Busca debajo de cualquier v\u00eddeo de QuakerSpeak para encontrar la transcripci\u00f3n completa, junto con enlaces \u00fatiles y preguntas para el debate.<br \/>\n<br \/><a href=\"https:\/\/quakerspeak.com\/wp-content\/uploads\/2016\/03\/quakerspeak-transcripts.png\" rel=\"attachment wp-att-784\"><img loading=\"lazy\" decoding=\"async\" src=\"https:\/\/quakerspeak.com\/wp-content\/uploads\/2016\/03\/quakerspeak-transcripts-300x221.png\" alt=\"transcripciones-quakerspeak\" width=\"300\" height=\"221\" class=\"aligncenter size-medium wp-image-784\" srcset=\"https:\/\/quakerspeak.com\/wp-content\/uploads\/sites\/2\/2016\/03\/quakerspeak-transcripts-300x221.png 300w, https:\/\/quakerspeak.com\/wp-content\/uploads\/sites\/2\/2016\/03\/quakerspeak-transcripts-768x566.png 768w, https:\/\/quakerspeak.com\/wp-content\/uploads\/sites\/2\/2016\/03\/quakerspeak-transcripts-1024x755.png 1024w, https:\/\/quakerspeak.com\/wp-content\/uploads\/sites\/2\/2016\/03\/quakerspeak-transcripts-100x74.png 100w, https:\/\/quakerspeak.com\/wp-content\/uploads\/sites\/2\/2016\/03\/quakerspeak-transcripts-862x635.png 862w, https:\/\/quakerspeak.com\/wp-content\/uploads\/sites\/2\/2016\/03\/quakerspeak-transcripts-1200x885.png 1200w, https:\/\/quakerspeak.com\/wp-content\/uploads\/sites\/2\/2016\/03\/quakerspeak-transcripts-846x624.png 846w, https:\/\/quakerspeak.com\/wp-content\/uploads\/sites\/2\/2016\/03\/quakerspeak-transcripts-1184x873.png 1184w, https:\/\/quakerspeak.com\/wp-content\/uploads\/sites\/2\/2016\/03\/quakerspeak-transcripts.png 1655w\" sizes=\"auto, (max-width: 300px) 100vw, 300px\" \/><\/a><\/p>\n<p>O puedes descargar un PDF imprimible de todas las transcripciones de nuestros v\u00eddeos, organizadas por temporadas:<\/p>\n<p><a href=\"https:\/\/quakerspeak.com\/wp-content\/uploads\/2015\/01\/QuakerSpeak-Season-1-Transcript-and-Discussion-Questions.pdf\" target=\"_blank\">Haz clic aqu\u00ed para ver las transcripciones y las preguntas para el debate de la temporada 1<\/a> para acompa\u00f1ar tu DVD<br \/>\n<a href=\"https:\/\/quakerspeak.com\/wp-content\/uploads\/2016\/02\/QuakerSpeak-Season-2-Transcript-and-Discussion-Questions.pdf\" target=\"_blank\">Haz clic aqu\u00ed para ver las transcripciones y las preguntas para el debate de la temporada 2<\/a> para acompa\u00f1ar tu DVD<br \/>\n<a href=\"https:\/\/quakerspeak.com\/wp-content\/uploads\/2017\/03\/QuakerSpeak-Season-3-Transcript-and-Discussion-Questions.pdf\" target=\"_blank\">Haz clic aqu\u00ed para ver las transcripciones y las preguntas para el debate de la temporada 3<\/a> para acompa\u00f1ar tu DVD<br \/>\n<a href=\"https:\/\/quakerspeak.com\/wp-content\/uploads\/2018\/04\/What-to-Expect-in-MfW-Transcripts.pdf\" target=\"_blank\">Haz clic aqu\u00ed para ver las transcripciones y las preguntas para el debate de <em>Qu\u00e9 esperar en el Meeting for Worship cu\u00e1quero<\/em> y las preguntas para el debate<\/a> para acompa\u00f1ar tu DVD<\/p>\n","protected":false},"excerpt":{"rendered":"<p>\u00bfBuscas transcripciones o subt\u00edtulos de los v\u00eddeos de QuakerSpeak, tambi\u00e9n conocidos como subtitulado opcional? Subt\u00edtulos y subtitulado opcional Todos los&hellip;<\/p>\n","protected":false},"author":3,"featured_media":5149,"parent":0,"menu_order":0,"comment_status":"closed","ping_status":"closed","template":"","meta":{"_acf_changed":false,"hero_banner_post_id":0,"footnotes":""},"class_list":["post-7473","page","type-page","status-publish","has-post-thumbnail","hentry"],"yoast_head":"<!-- This site is optimized with the Yoast SEO plugin v27.3 - https:\/\/yoast.com\/product\/yoast-seo-wordpress\/ -->\n<title>Transcripciones y subtitulado opcional<\/title>\n<meta name=\"robots\" content=\"index, follow, max-snippet:-1, max-image-preview:large, max-video-preview:-1\" \/>\n<link rel=\"canonical\" href=\"https:\/\/quakerspeak.com\/es\/transcripciones-subtitulos-y-subtitulado-opcional\/\" \/>\n<meta property=\"og:locale\" content=\"es_ES\" \/>\n<meta property=\"og:type\" content=\"article\" \/>\n<meta property=\"og:title\" content=\"Transcripciones y subtitulado opcional\" \/>\n<meta property=\"og:description\" content=\"\u00bfBuscas transcripciones o subt\u00edtulos de los v\u00eddeos de QuakerSpeak, tambi\u00e9n conocidos como subtitulado opcional? Subt\u00edtulos y subtitulado opcional Todos los&hellip;\" \/>\n<meta property=\"og:url\" content=\"https:\/\/quakerspeak.com\/es\/transcripciones-subtitulos-y-subtitulado-opcional\/\" \/>\n<meta property=\"og:site_name\" content=\"QuakerSpeak\" \/>\n<meta property=\"og:image\" content=\"https:\/\/quakerspeak.com\/wp-content\/uploads\/sites\/2\/2016\/03\/closed-captions.png\" \/>\n\t<meta property=\"og:image:width\" content=\"1918\" \/>\n\t<meta property=\"og:image:height\" content=\"1052\" \/>\n\t<meta property=\"og:image:type\" content=\"image\/png\" \/>\n<meta name=\"twitter:card\" content=\"summary_large_image\" \/>\n<meta name=\"twitter:label1\" content=\"Est. reading time\" \/>\n\t<meta name=\"twitter:data1\" content=\"1 minuto\" \/>\n<script type=\"application\/ld+json\" class=\"yoast-schema-graph\">{\"@context\":\"https:\\\/\\\/schema.org\",\"@graph\":[{\"@type\":\"WebPage\",\"@id\":\"https:\\\/\\\/quakerspeak.com\\\/es\\\/transcripciones-subtitulos-y-subtitulado-opcional\\\/\",\"url\":\"https:\\\/\\\/quakerspeak.com\\\/es\\\/transcripciones-subtitulos-y-subtitulado-opcional\\\/\",\"name\":\"Transcripciones y subtitulado opcional\",\"isPartOf\":{\"@id\":\"https:\\\/\\\/quakerspeak.com\\\/es\\\/#website\"},\"primaryImageOfPage\":{\"@id\":\"https:\\\/\\\/quakerspeak.com\\\/es\\\/transcripciones-subtitulos-y-subtitulado-opcional\\\/#primaryimage\"},\"image\":{\"@id\":\"https:\\\/\\\/quakerspeak.com\\\/es\\\/transcripciones-subtitulos-y-subtitulado-opcional\\\/#primaryimage\"},\"thumbnailUrl\":\"https:\\\/\\\/quakerspeak.com\\\/wp-content\\\/uploads\\\/sites\\\/2\\\/2016\\\/03\\\/closed-captions.png\",\"datePublished\":\"2016-03-03T18:01:23+00:00\",\"breadcrumb\":{\"@id\":\"https:\\\/\\\/quakerspeak.com\\\/es\\\/transcripciones-subtitulos-y-subtitulado-opcional\\\/#breadcrumb\"},\"inLanguage\":\"es\",\"potentialAction\":[{\"@type\":\"ReadAction\",\"target\":[\"https:\\\/\\\/quakerspeak.com\\\/es\\\/transcripciones-subtitulos-y-subtitulado-opcional\\\/\"]}]},{\"@type\":\"ImageObject\",\"inLanguage\":\"es\",\"@id\":\"https:\\\/\\\/quakerspeak.com\\\/es\\\/transcripciones-subtitulos-y-subtitulado-opcional\\\/#primaryimage\",\"url\":\"https:\\\/\\\/quakerspeak.com\\\/wp-content\\\/uploads\\\/sites\\\/2\\\/2016\\\/03\\\/closed-captions.png\",\"contentUrl\":\"https:\\\/\\\/quakerspeak.com\\\/wp-content\\\/uploads\\\/sites\\\/2\\\/2016\\\/03\\\/closed-captions.png\",\"width\":1918,\"height\":1052},{\"@type\":\"BreadcrumbList\",\"@id\":\"https:\\\/\\\/quakerspeak.com\\\/es\\\/transcripciones-subtitulos-y-subtitulado-opcional\\\/#breadcrumb\",\"itemListElement\":[{\"@type\":\"ListItem\",\"position\":1,\"name\":\"Home\",\"item\":\"https:\\\/\\\/quakerspeak.com\\\/es\\\/pagina-de-inicio\\\/\"},{\"@type\":\"ListItem\",\"position\":2,\"name\":\"Transcripciones, subt\u00edtulos y subtitulado opcional\"}]},{\"@type\":\"WebSite\",\"@id\":\"https:\\\/\\\/quakerspeak.com\\\/es\\\/#website\",\"url\":\"https:\\\/\\\/quakerspeak.com\\\/es\\\/\",\"name\":\"QuakerSpeak\",\"description\":\"Weekly Videos. Vital Ministries.\",\"publisher\":{\"@id\":\"https:\\\/\\\/quakerspeak.com\\\/es\\\/#organization\"},\"potentialAction\":[{\"@type\":\"SearchAction\",\"target\":{\"@type\":\"EntryPoint\",\"urlTemplate\":\"https:\\\/\\\/quakerspeak.com\\\/es\\\/?s={search_term_string}\"},\"query-input\":{\"@type\":\"PropertyValueSpecification\",\"valueRequired\":true,\"valueName\":\"search_term_string\"}}],\"inLanguage\":\"es\"},{\"@type\":\"Organization\",\"@id\":\"https:\\\/\\\/quakerspeak.com\\\/es\\\/#organization\",\"name\":\"QuakerSpeak\",\"url\":\"https:\\\/\\\/quakerspeak.com\\\/es\\\/\",\"logo\":{\"@type\":\"ImageObject\",\"inLanguage\":\"es\",\"@id\":\"https:\\\/\\\/quakerspeak.com\\\/es\\\/#\\\/schema\\\/logo\\\/image\\\/\",\"url\":\"https:\\\/\\\/quakerspeak.com\\\/wp-content\\\/uploads\\\/sites\\\/2\\\/2024\\\/03\\\/Without-BG-3.png\",\"contentUrl\":\"https:\\\/\\\/quakerspeak.com\\\/wp-content\\\/uploads\\\/sites\\\/2\\\/2024\\\/03\\\/Without-BG-3.png\",\"width\":181,\"height\":66,\"caption\":\"QuakerSpeak\"},\"image\":{\"@id\":\"https:\\\/\\\/quakerspeak.com\\\/es\\\/#\\\/schema\\\/logo\\\/image\\\/\"}}]}<\/script>\n<!-- \/ Yoast SEO plugin. -->","yoast_head_json":{"title":"Transcripciones y subtitulado opcional","robots":{"index":"index","follow":"follow","max-snippet":"max-snippet:-1","max-image-preview":"max-image-preview:large","max-video-preview":"max-video-preview:-1"},"canonical":"https:\/\/quakerspeak.com\/es\/transcripciones-subtitulos-y-subtitulado-opcional\/","og_locale":"es_ES","og_type":"article","og_title":"Transcripciones y subtitulado opcional","og_description":"\u00bfBuscas transcripciones o subt\u00edtulos de los v\u00eddeos de QuakerSpeak, tambi\u00e9n conocidos como subtitulado opcional? Subt\u00edtulos y subtitulado opcional Todos los&hellip;","og_url":"https:\/\/quakerspeak.com\/es\/transcripciones-subtitulos-y-subtitulado-opcional\/","og_site_name":"QuakerSpeak","og_image":[{"width":1918,"height":1052,"url":"https:\/\/quakerspeak.com\/wp-content\/uploads\/sites\/2\/2016\/03\/closed-captions.png","type":"image\/png"}],"twitter_card":"summary_large_image","twitter_misc":{"Est. reading time":"1 minuto"},"schema":{"@context":"https:\/\/schema.org","@graph":[{"@type":"WebPage","@id":"https:\/\/quakerspeak.com\/es\/transcripciones-subtitulos-y-subtitulado-opcional\/","url":"https:\/\/quakerspeak.com\/es\/transcripciones-subtitulos-y-subtitulado-opcional\/","name":"Transcripciones y subtitulado opcional","isPartOf":{"@id":"https:\/\/quakerspeak.com\/es\/#website"},"primaryImageOfPage":{"@id":"https:\/\/quakerspeak.com\/es\/transcripciones-subtitulos-y-subtitulado-opcional\/#primaryimage"},"image":{"@id":"https:\/\/quakerspeak.com\/es\/transcripciones-subtitulos-y-subtitulado-opcional\/#primaryimage"},"thumbnailUrl":"https:\/\/quakerspeak.com\/wp-content\/uploads\/sites\/2\/2016\/03\/closed-captions.png","datePublished":"2016-03-03T18:01:23+00:00","breadcrumb":{"@id":"https:\/\/quakerspeak.com\/es\/transcripciones-subtitulos-y-subtitulado-opcional\/#breadcrumb"},"inLanguage":"es","potentialAction":[{"@type":"ReadAction","target":["https:\/\/quakerspeak.com\/es\/transcripciones-subtitulos-y-subtitulado-opcional\/"]}]},{"@type":"ImageObject","inLanguage":"es","@id":"https:\/\/quakerspeak.com\/es\/transcripciones-subtitulos-y-subtitulado-opcional\/#primaryimage","url":"https:\/\/quakerspeak.com\/wp-content\/uploads\/sites\/2\/2016\/03\/closed-captions.png","contentUrl":"https:\/\/quakerspeak.com\/wp-content\/uploads\/sites\/2\/2016\/03\/closed-captions.png","width":1918,"height":1052},{"@type":"BreadcrumbList","@id":"https:\/\/quakerspeak.com\/es\/transcripciones-subtitulos-y-subtitulado-opcional\/#breadcrumb","itemListElement":[{"@type":"ListItem","position":1,"name":"Home","item":"https:\/\/quakerspeak.com\/es\/pagina-de-inicio\/"},{"@type":"ListItem","position":2,"name":"Transcripciones, subt\u00edtulos y subtitulado opcional"}]},{"@type":"WebSite","@id":"https:\/\/quakerspeak.com\/es\/#website","url":"https:\/\/quakerspeak.com\/es\/","name":"QuakerSpeak","description":"Weekly Videos. Vital Ministries.","publisher":{"@id":"https:\/\/quakerspeak.com\/es\/#organization"},"potentialAction":[{"@type":"SearchAction","target":{"@type":"EntryPoint","urlTemplate":"https:\/\/quakerspeak.com\/es\/?s={search_term_string}"},"query-input":{"@type":"PropertyValueSpecification","valueRequired":true,"valueName":"search_term_string"}}],"inLanguage":"es"},{"@type":"Organization","@id":"https:\/\/quakerspeak.com\/es\/#organization","name":"QuakerSpeak","url":"https:\/\/quakerspeak.com\/es\/","logo":{"@type":"ImageObject","inLanguage":"es","@id":"https:\/\/quakerspeak.com\/es\/#\/schema\/logo\/image\/","url":"https:\/\/quakerspeak.com\/wp-content\/uploads\/sites\/2\/2024\/03\/Without-BG-3.png","contentUrl":"https:\/\/quakerspeak.com\/wp-content\/uploads\/sites\/2\/2024\/03\/Without-BG-3.png","width":181,"height":66,"caption":"QuakerSpeak"},"image":{"@id":"https:\/\/quakerspeak.com\/es\/#\/schema\/logo\/image\/"}}]}},"distributor_meta":false,"distributor_terms":false,"distributor_media":false,"distributor_original_site_name":"QuakerSpeak","distributor_original_site_url":"https:\/\/quakerspeak.com\/es\/","push-errors":false,"acf":[],"_links":{"self":[{"href":"https:\/\/quakerspeak.com\/es\/wp-json\/wp\/v2\/pages\/7473","targetHints":{"allow":["GET"]}}],"collection":[{"href":"https:\/\/quakerspeak.com\/es\/wp-json\/wp\/v2\/pages"}],"about":[{"href":"https:\/\/quakerspeak.com\/es\/wp-json\/wp\/v2\/types\/page"}],"author":[{"embeddable":true,"href":"https:\/\/quakerspeak.com\/es\/wp-json\/wp\/v2\/users\/3"}],"replies":[{"embeddable":true,"href":"https:\/\/quakerspeak.com\/es\/wp-json\/wp\/v2\/comments?post=7473"}],"version-history":[{"count":0,"href":"https:\/\/quakerspeak.com\/es\/wp-json\/wp\/v2\/pages\/7473\/revisions"}],"wp:featuredmedia":[{"embeddable":true,"href":"https:\/\/quakerspeak.com\/es\/wp-json\/wp\/v2\/media\/5149"}],"wp:attachment":[{"href":"https:\/\/quakerspeak.com\/es\/wp-json\/wp\/v2\/media?parent=7473"}],"curies":[{"name":"wp","href":"https:\/\/api.w.org\/{rel}","templated":true}]}}