{"id":7467,"date":"2014-03-05T15:32:24","date_gmt":"2014-03-05T20:32:24","guid":{"rendered":"https:\/\/quakerspeak.com\/suscribete\/"},"modified":"2025-10-23T09:59:52","modified_gmt":"2025-10-23T13:59:52","slug":"suscribete","status":"publish","type":"page","link":"https:\/\/quakerspeak.com\/es\/suscribete\/","title":{"rendered":"Suscr\u00edbete"},"content":{"rendered":"\n<div style=\"height:100px\" aria-hidden=\"true\" class=\"wp-block-spacer\"><\/div>\n\n<div class=\"wp-block-columns is-layout-flex wp-container-core-columns-is-layout-9d6595d7 wp-block-columns-is-layout-flex\">\n<div class=\"wp-block-column is-layout-flow wp-block-column-is-layout-flow\" style=\"flex-basis:50%\">\n<div class=\"wp-block-buttons is-content-justification-center is-layout-flex wp-container-core-buttons-is-layout-16018d1d wp-block-buttons-is-layout-flex\">\n<div class=\"wp-block-button\"><a class=\"wp-block-button__link has-black-background-color has-background wp-element-button\" href=\"https:\/\/quakerspeak.com\/subscribe\/get-quakerspeak-emails\/\" target=\"_blank\" rel=\"noreferrer noopener\"><strong>Suscr\u00edbete por correo electr\u00f3nico<\/strong><\/a><\/div>\n<\/div>\n<\/div>\n\n\n\n<div class=\"wp-block-column is-layout-flow wp-block-column-is-layout-flow\" style=\"flex-basis:50%\">\n<p>Cada jueves, te enviaremos un breve mensaje inform\u00e1ndote sobre nuestro \u00faltimo episodio o, si no hemos publicado ninguno esa semana, compartiremos un v\u00eddeo de nuestros archivos.<\/p>\n\n\n\n<div class=\"wp-block-buttons is-layout-flex wp-block-buttons-is-layout-flex\"><\/div>\n<\/div>\n<\/div>\n\n<div class=\"wp-block-columns is-layout-flex wp-container-core-columns-is-layout-9d6595d7 wp-block-columns-is-layout-flex\">\n<div class=\"wp-block-column is-layout-flow wp-block-column-is-layout-flow\" style=\"flex-basis:50%\">\n<div class=\"wp-block-buttons is-content-justification-center is-layout-flex wp-container-core-buttons-is-layout-16018d1d wp-block-buttons-is-layout-flex\">\n<div class=\"wp-block-button\"><a class=\"wp-block-button__link has-vivid-red-background-color has-background wp-element-button\" href=\"https:\/\/www.youtube.com\/channel\/UCsYcwjed9MSxvH7U_jwsv8g\" target=\"_blank\" rel=\"noreferrer noopener\"><strong>Suscr\u00edbete a nuestro canal de YouTube<\/strong><\/a><\/div>\n<\/div>\n<\/div>\n\n\n\n<div class=\"wp-block-column is-layout-flow wp-block-column-is-layout-flow\" style=\"flex-basis:50%\">\n<p>Si sueles ver YouTube, suscribirte al canal de QuakerSpeak es una forma excelente de mantenerte al d\u00eda con nuestros \u00faltimos v\u00eddeos <em>y<\/em> explorar nuestra biblioteca completa de entrevistas.<\/p>\n<\/div>\n<\/div>\n\n<div class=\"wp-block-columns is-layout-flex wp-container-core-columns-is-layout-9d6595d7 wp-block-columns-is-layout-flex\">\n<div class=\"wp-block-column is-layout-flow wp-block-column-is-layout-flow\" style=\"flex-basis:50%\">\n<div class=\"wp-block-buttons is-content-justification-center is-layout-flex wp-container-core-buttons-is-layout-16018d1d wp-block-buttons-is-layout-flex\">\n<div class=\"wp-block-button\"><a class=\"wp-block-button__link has-vivid-cyan-blue-background-color has-background wp-element-button\" href=\"https:\/\/twitter.com\/QuakerSpeak\" target=\"_blank\" rel=\"noreferrer noopener\"><strong>S\u00edguenos en Twitter<\/strong><\/a><\/div>\n<\/div>\n<\/div>\n\n\n\n<div class=\"wp-block-column is-layout-flow wp-block-column-is-layout-flow\" style=\"flex-basis:50%\">\n<p>Twitter es otra forma de mantenerte al tanto de nuestros \u00faltimos v\u00eddeos, junto con recordatorios ocasionales sobre algunos de nuestros lanzamientos anteriores.<\/p>\n<\/div>\n<\/div>\n\n<div class=\"wp-block-columns is-layout-flex wp-container-core-columns-is-layout-9d6595d7 wp-block-columns-is-layout-flex\">\n<div class=\"wp-block-column is-layout-flow wp-block-column-is-layout-flow\" style=\"flex-basis:50%\">\n<div class=\"wp-block-buttons is-content-justification-center is-layout-flex wp-container-core-buttons-is-layout-16018d1d wp-block-buttons-is-layout-flex\">\n<div class=\"wp-block-button\"><a class=\"wp-block-button__link has-luminous-vivid-orange-background-color has-background wp-element-button\" href=\"https:\/\/patreon.com\/quakerspeak\" target=\"_blank\" rel=\"noreferrer noopener\"><strong>Ap\u00f3yanos en Patreon<\/strong><\/a><\/div>\n<\/div>\n<\/div>\n\n\n\n<div class=\"wp-block-column is-layout-flow wp-block-column-is-layout-flow\" style=\"flex-basis:50%\">\n<p>Por tan solo 1 $\/v\u00eddeo, puedes acceder a un feed exclusivo con im\u00e1genes detr\u00e1s de las c\u00e1maras y avances de los pr\u00f3ximos v\u00eddeos. (Si te comprometes con m\u00e1s, \u00a1las recompensas tambi\u00e9n aumentan!) <\/p>\n<\/div>\n<\/div>\n","protected":false},"excerpt":{"rendered":"<p>Cada jueves, te enviaremos un breve mensaje inform\u00e1ndote sobre nuestro \u00faltimo episodio o, si no hemos publicado ninguno esa semana,&hellip;<\/p>\n","protected":false},"author":3,"featured_media":0,"parent":0,"menu_order":0,"comment_status":"closed","ping_status":"closed","template":"","meta":{"_acf_changed":false,"hero_banner_post_id":0,"footnotes":""},"class_list":["post-7467","page","type-page","status-publish","hentry"],"yoast_head":"<!-- This site is optimized with the Yoast SEO plugin v27.3 - https:\/\/yoast.com\/product\/yoast-seo-wordpress\/ -->\n<title>V\u00eddeos cu\u00e1queros semanales GRATIS en tu bandeja de entrada<\/title>\n<meta name=\"description\" content=\"\u00a1S\u00e9 la primera persona en enterarte del \u00faltimo v\u00eddeo de QuakerSpeak! Adem\u00e1s, \u00a1encu\u00e9ntranos en Facebook, Twitter y YouTube!\" \/>\n<meta name=\"robots\" content=\"index, follow, max-snippet:-1, max-image-preview:large, max-video-preview:-1\" \/>\n<link rel=\"canonical\" href=\"https:\/\/quakerspeak.com\/es\/suscribete\/\" \/>\n<meta property=\"og:locale\" content=\"es_ES\" \/>\n<meta property=\"og:type\" content=\"article\" \/>\n<meta property=\"og:title\" content=\"V\u00eddeos cu\u00e1queros semanales GRATIS en tu bandeja de entrada\" \/>\n<meta property=\"og:description\" content=\"\u00a1S\u00e9 la primera persona en enterarte del \u00faltimo v\u00eddeo de QuakerSpeak! Adem\u00e1s, \u00a1encu\u00e9ntranos en Facebook, Twitter y YouTube!\" \/>\n<meta property=\"og:url\" content=\"https:\/\/quakerspeak.com\/es\/suscribete\/\" \/>\n<meta property=\"og:site_name\" content=\"QuakerSpeak\" \/>\n<meta property=\"article:modified_time\" content=\"2025-10-23T13:59:52+00:00\" \/>\n<meta name=\"twitter:card\" content=\"summary_large_image\" \/>\n<meta name=\"twitter:label1\" content=\"Est. reading time\" \/>\n\t<meta name=\"twitter:data1\" content=\"1 minuto\" \/>\n<script type=\"application\/ld+json\" class=\"yoast-schema-graph\">{\"@context\":\"https:\\\/\\\/schema.org\",\"@graph\":[{\"@type\":\"WebPage\",\"@id\":\"https:\\\/\\\/quakerspeak.com\\\/es\\\/suscribete\\\/\",\"url\":\"https:\\\/\\\/quakerspeak.com\\\/es\\\/suscribete\\\/\",\"name\":\"V\u00eddeos cu\u00e1queros semanales GRATIS en tu bandeja de entrada\",\"isPartOf\":{\"@id\":\"https:\\\/\\\/quakerspeak.com\\\/es\\\/#website\"},\"datePublished\":\"2014-03-05T20:32:24+00:00\",\"dateModified\":\"2025-10-23T13:59:52+00:00\",\"description\":\"\u00a1S\u00e9 la primera persona en enterarte del \u00faltimo v\u00eddeo de QuakerSpeak! Adem\u00e1s, \u00a1encu\u00e9ntranos en Facebook, Twitter y YouTube!\",\"breadcrumb\":{\"@id\":\"https:\\\/\\\/quakerspeak.com\\\/es\\\/suscribete\\\/#breadcrumb\"},\"inLanguage\":\"es\",\"potentialAction\":[{\"@type\":\"ReadAction\",\"target\":[\"https:\\\/\\\/quakerspeak.com\\\/es\\\/suscribete\\\/\"]}]},{\"@type\":\"BreadcrumbList\",\"@id\":\"https:\\\/\\\/quakerspeak.com\\\/es\\\/suscribete\\\/#breadcrumb\",\"itemListElement\":[{\"@type\":\"ListItem\",\"position\":1,\"name\":\"Home\",\"item\":\"https:\\\/\\\/quakerspeak.com\\\/es\\\/pagina-de-inicio\\\/\"},{\"@type\":\"ListItem\",\"position\":2,\"name\":\"Suscr\u00edbete\"}]},{\"@type\":\"WebSite\",\"@id\":\"https:\\\/\\\/quakerspeak.com\\\/es\\\/#website\",\"url\":\"https:\\\/\\\/quakerspeak.com\\\/es\\\/\",\"name\":\"QuakerSpeak\",\"description\":\"Weekly Videos. Vital Ministries.\",\"publisher\":{\"@id\":\"https:\\\/\\\/quakerspeak.com\\\/es\\\/#organization\"},\"potentialAction\":[{\"@type\":\"SearchAction\",\"target\":{\"@type\":\"EntryPoint\",\"urlTemplate\":\"https:\\\/\\\/quakerspeak.com\\\/es\\\/?s={search_term_string}\"},\"query-input\":{\"@type\":\"PropertyValueSpecification\",\"valueRequired\":true,\"valueName\":\"search_term_string\"}}],\"inLanguage\":\"es\"},{\"@type\":\"Organization\",\"@id\":\"https:\\\/\\\/quakerspeak.com\\\/es\\\/#organization\",\"name\":\"QuakerSpeak\",\"url\":\"https:\\\/\\\/quakerspeak.com\\\/es\\\/\",\"logo\":{\"@type\":\"ImageObject\",\"inLanguage\":\"es\",\"@id\":\"https:\\\/\\\/quakerspeak.com\\\/es\\\/#\\\/schema\\\/logo\\\/image\\\/\",\"url\":\"https:\\\/\\\/quakerspeak.com\\\/wp-content\\\/uploads\\\/sites\\\/2\\\/2024\\\/03\\\/Without-BG-3.png\",\"contentUrl\":\"https:\\\/\\\/quakerspeak.com\\\/wp-content\\\/uploads\\\/sites\\\/2\\\/2024\\\/03\\\/Without-BG-3.png\",\"width\":181,\"height\":66,\"caption\":\"QuakerSpeak\"},\"image\":{\"@id\":\"https:\\\/\\\/quakerspeak.com\\\/es\\\/#\\\/schema\\\/logo\\\/image\\\/\"}}]}<\/script>\n<!-- \/ Yoast SEO plugin. -->","yoast_head_json":{"title":"V\u00eddeos cu\u00e1queros semanales GRATIS en tu bandeja de entrada","description":"\u00a1S\u00e9 la primera persona en enterarte del \u00faltimo v\u00eddeo de QuakerSpeak! Adem\u00e1s, \u00a1encu\u00e9ntranos en Facebook, Twitter y YouTube!","robots":{"index":"index","follow":"follow","max-snippet":"max-snippet:-1","max-image-preview":"max-image-preview:large","max-video-preview":"max-video-preview:-1"},"canonical":"https:\/\/quakerspeak.com\/es\/suscribete\/","og_locale":"es_ES","og_type":"article","og_title":"V\u00eddeos cu\u00e1queros semanales GRATIS en tu bandeja de entrada","og_description":"\u00a1S\u00e9 la primera persona en enterarte del \u00faltimo v\u00eddeo de QuakerSpeak! Adem\u00e1s, \u00a1encu\u00e9ntranos en Facebook, Twitter y YouTube!","og_url":"https:\/\/quakerspeak.com\/es\/suscribete\/","og_site_name":"QuakerSpeak","article_modified_time":"2025-10-23T13:59:52+00:00","twitter_card":"summary_large_image","twitter_misc":{"Est. reading time":"1 minuto"},"schema":{"@context":"https:\/\/schema.org","@graph":[{"@type":"WebPage","@id":"https:\/\/quakerspeak.com\/es\/suscribete\/","url":"https:\/\/quakerspeak.com\/es\/suscribete\/","name":"V\u00eddeos cu\u00e1queros semanales GRATIS en tu bandeja de entrada","isPartOf":{"@id":"https:\/\/quakerspeak.com\/es\/#website"},"datePublished":"2014-03-05T20:32:24+00:00","dateModified":"2025-10-23T13:59:52+00:00","description":"\u00a1S\u00e9 la primera persona en enterarte del \u00faltimo v\u00eddeo de QuakerSpeak! Adem\u00e1s, \u00a1encu\u00e9ntranos en Facebook, Twitter y YouTube!","breadcrumb":{"@id":"https:\/\/quakerspeak.com\/es\/suscribete\/#breadcrumb"},"inLanguage":"es","potentialAction":[{"@type":"ReadAction","target":["https:\/\/quakerspeak.com\/es\/suscribete\/"]}]},{"@type":"BreadcrumbList","@id":"https:\/\/quakerspeak.com\/es\/suscribete\/#breadcrumb","itemListElement":[{"@type":"ListItem","position":1,"name":"Home","item":"https:\/\/quakerspeak.com\/es\/pagina-de-inicio\/"},{"@type":"ListItem","position":2,"name":"Suscr\u00edbete"}]},{"@type":"WebSite","@id":"https:\/\/quakerspeak.com\/es\/#website","url":"https:\/\/quakerspeak.com\/es\/","name":"QuakerSpeak","description":"Weekly Videos. Vital Ministries.","publisher":{"@id":"https:\/\/quakerspeak.com\/es\/#organization"},"potentialAction":[{"@type":"SearchAction","target":{"@type":"EntryPoint","urlTemplate":"https:\/\/quakerspeak.com\/es\/?s={search_term_string}"},"query-input":{"@type":"PropertyValueSpecification","valueRequired":true,"valueName":"search_term_string"}}],"inLanguage":"es"},{"@type":"Organization","@id":"https:\/\/quakerspeak.com\/es\/#organization","name":"QuakerSpeak","url":"https:\/\/quakerspeak.com\/es\/","logo":{"@type":"ImageObject","inLanguage":"es","@id":"https:\/\/quakerspeak.com\/es\/#\/schema\/logo\/image\/","url":"https:\/\/quakerspeak.com\/wp-content\/uploads\/sites\/2\/2024\/03\/Without-BG-3.png","contentUrl":"https:\/\/quakerspeak.com\/wp-content\/uploads\/sites\/2\/2024\/03\/Without-BG-3.png","width":181,"height":66,"caption":"QuakerSpeak"},"image":{"@id":"https:\/\/quakerspeak.com\/es\/#\/schema\/logo\/image\/"}}]}},"distributor_meta":false,"distributor_terms":false,"distributor_media":false,"distributor_original_site_name":"QuakerSpeak","distributor_original_site_url":"https:\/\/quakerspeak.com\/es\/","push-errors":false,"acf":[],"_links":{"self":[{"href":"https:\/\/quakerspeak.com\/es\/wp-json\/wp\/v2\/pages\/7467","targetHints":{"allow":["GET"]}}],"collection":[{"href":"https:\/\/quakerspeak.com\/es\/wp-json\/wp\/v2\/pages"}],"about":[{"href":"https:\/\/quakerspeak.com\/es\/wp-json\/wp\/v2\/types\/page"}],"author":[{"embeddable":true,"href":"https:\/\/quakerspeak.com\/es\/wp-json\/wp\/v2\/users\/3"}],"replies":[{"embeddable":true,"href":"https:\/\/quakerspeak.com\/es\/wp-json\/wp\/v2\/comments?post=7467"}],"version-history":[{"count":1,"href":"https:\/\/quakerspeak.com\/es\/wp-json\/wp\/v2\/pages\/7467\/revisions"}],"predecessor-version":[{"id":7468,"href":"https:\/\/quakerspeak.com\/es\/wp-json\/wp\/v2\/pages\/7467\/revisions\/7468"}],"wp:attachment":[{"href":"https:\/\/quakerspeak.com\/es\/wp-json\/wp\/v2\/media?parent=7467"}],"curies":[{"name":"wp","href":"https:\/\/api.w.org\/{rel}","templated":true}]}}