{"id":7460,"date":"2014-02-08T17:19:49","date_gmt":"2014-02-08T22:19:49","guid":{"rendered":"https:\/\/quakerspeak.com\/y-ahora-que\/"},"modified":"2014-02-08T17:19:49","modified_gmt":"2014-02-08T22:19:49","slug":"y-ahora-que","status":"publish","type":"page","link":"https:\/\/quakerspeak.com\/es\/y-ahora-que\/","title":{"rendered":"\u00bfY ahora qu\u00e9?"},"content":{"rendered":"<p>\u00a1Gracias por visitar el proyecto QuakerSpeak!<\/p>\n<p>Si nuestros v\u00eddeos te han parecido interesantes, es posible que tengas preguntas sobre los Quakers. Aunque nos encanta el formato de v\u00eddeo, sabemos que no hay nada que sustituya a la experiencia. Si est\u00e1s preparado\/a para ampliar tu exploraci\u00f3n del camino Quaker, sigue leyendo&#8230;  <\/p>\n<ul>\n<li>\u00a1Suscr\u00edbete a nuestra lista de correo electr\u00f3nico para que podamos avisarte cuando publiquemos nuevos v\u00eddeos! Puedes usar el enlace de la derecha. No te enviaremos spam ni compartiremos tu direcci\u00f3n de correo electr\u00f3nico sin tu permiso.  <\/li>\n<li>Echa un vistazo a <a href=\"https:\/\/www.friendsjournal.org\"><em>Friends Journal<\/em><\/a>, la revista Quaker que produce QuakerSpeak. Muchos art\u00edculos son gratuitos en l\u00ednea y <a href=\"https:\/\/www.friendsjournal.org\/subscribe\">las suscripciones son econ\u00f3micas<\/a>. <\/li>\n<li>\u00a1Encuentra y visita una reuni\u00f3n Quaker! Es probable que haya una cerca de ti. Prueba el acertadamente llamado <a href=\"https:\/\/www.fgcquaker.org\/connect\/quaker-finder\">QuakerFinder<\/a> o los <em>listados de reuniones<\/em> de <a href=\"https:\/\/www.friendsjournal.org\/meeting-listings\">Friends Journal<\/a>.  <\/li>\n<li>Aprende <a href=\"https:\/\/www.fgcquaker.org\/explore\">m\u00e1s sobre el camino Quaker<\/a> de nuestros socios del proyecto en <a href=\"https:\/\/www.fgcquaker.org\">FGC<\/a>.<\/li>\n<li>Aprende c\u00f3mo los j\u00f3venes adultos est\u00e1n ayudando a cambiar el mundo y transform\u00e1ndose juntos a trav\u00e9s de <a href=\"https:\/\/www.quakervoluntaryservice.org\/\">Quaker Voluntary Service<\/a>, otro socio del proyecto QuakerSpeak.<\/li>\n<\/ul>\n","protected":false},"excerpt":{"rendered":"<p>\u00a1Gracias por visitar el proyecto QuakerSpeak! Si nuestros v\u00eddeos te han parecido interesantes, es posible que tengas preguntas sobre los&hellip;<\/p>\n","protected":false},"author":2,"featured_media":0,"parent":0,"menu_order":0,"comment_status":"open","ping_status":"open","template":"","meta":{"_acf_changed":false,"hero_banner_post_id":0,"footnotes":""},"class_list":["post-7460","page","type-page","status-publish","hentry"],"yoast_head":"<!-- This site is optimized with the Yoast SEO plugin v27.3 - https:\/\/yoast.com\/product\/yoast-seo-wordpress\/ -->\n<title>\u00bfY ahora qu\u00e9? - QuakerSpeak<\/title>\n<meta name=\"robots\" content=\"index, follow, max-snippet:-1, max-image-preview:large, max-video-preview:-1\" \/>\n<link rel=\"canonical\" href=\"https:\/\/quakerspeak.com\/es\/y-ahora-que\/\" \/>\n<meta property=\"og:locale\" content=\"es_ES\" \/>\n<meta property=\"og:type\" content=\"article\" \/>\n<meta property=\"og:title\" content=\"\u00bfY ahora qu\u00e9? - QuakerSpeak\" \/>\n<meta property=\"og:description\" content=\"\u00a1Gracias por visitar el proyecto QuakerSpeak! Si nuestros v\u00eddeos te han parecido interesantes, es posible que tengas preguntas sobre los&hellip;\" \/>\n<meta property=\"og:url\" content=\"https:\/\/quakerspeak.com\/es\/y-ahora-que\/\" \/>\n<meta property=\"og:site_name\" content=\"QuakerSpeak\" \/>\n<meta name=\"twitter:card\" content=\"summary_large_image\" \/>\n<meta name=\"twitter:label1\" content=\"Est. reading time\" \/>\n\t<meta name=\"twitter:data1\" content=\"1 minuto\" \/>\n<script type=\"application\/ld+json\" class=\"yoast-schema-graph\">{\"@context\":\"https:\\\/\\\/schema.org\",\"@graph\":[{\"@type\":\"WebPage\",\"@id\":\"https:\\\/\\\/quakerspeak.com\\\/es\\\/y-ahora-que\\\/\",\"url\":\"https:\\\/\\\/quakerspeak.com\\\/es\\\/y-ahora-que\\\/\",\"name\":\"\u00bfY ahora qu\u00e9? - QuakerSpeak\",\"isPartOf\":{\"@id\":\"https:\\\/\\\/quakerspeak.com\\\/es\\\/#website\"},\"datePublished\":\"2014-02-08T22:19:49+00:00\",\"breadcrumb\":{\"@id\":\"https:\\\/\\\/quakerspeak.com\\\/es\\\/y-ahora-que\\\/#breadcrumb\"},\"inLanguage\":\"es\",\"potentialAction\":[{\"@type\":\"ReadAction\",\"target\":[\"https:\\\/\\\/quakerspeak.com\\\/es\\\/y-ahora-que\\\/\"]}]},{\"@type\":\"BreadcrumbList\",\"@id\":\"https:\\\/\\\/quakerspeak.com\\\/es\\\/y-ahora-que\\\/#breadcrumb\",\"itemListElement\":[{\"@type\":\"ListItem\",\"position\":1,\"name\":\"Home\",\"item\":\"https:\\\/\\\/quakerspeak.com\\\/es\\\/pagina-de-inicio\\\/\"},{\"@type\":\"ListItem\",\"position\":2,\"name\":\"\u00bfY ahora qu\u00e9?\"}]},{\"@type\":\"WebSite\",\"@id\":\"https:\\\/\\\/quakerspeak.com\\\/es\\\/#website\",\"url\":\"https:\\\/\\\/quakerspeak.com\\\/es\\\/\",\"name\":\"QuakerSpeak\",\"description\":\"Weekly Videos. Vital Ministries.\",\"publisher\":{\"@id\":\"https:\\\/\\\/quakerspeak.com\\\/es\\\/#organization\"},\"potentialAction\":[{\"@type\":\"SearchAction\",\"target\":{\"@type\":\"EntryPoint\",\"urlTemplate\":\"https:\\\/\\\/quakerspeak.com\\\/es\\\/?s={search_term_string}\"},\"query-input\":{\"@type\":\"PropertyValueSpecification\",\"valueRequired\":true,\"valueName\":\"search_term_string\"}}],\"inLanguage\":\"es\"},{\"@type\":\"Organization\",\"@id\":\"https:\\\/\\\/quakerspeak.com\\\/es\\\/#organization\",\"name\":\"QuakerSpeak\",\"url\":\"https:\\\/\\\/quakerspeak.com\\\/es\\\/\",\"logo\":{\"@type\":\"ImageObject\",\"inLanguage\":\"es\",\"@id\":\"https:\\\/\\\/quakerspeak.com\\\/es\\\/#\\\/schema\\\/logo\\\/image\\\/\",\"url\":\"https:\\\/\\\/quakerspeak.com\\\/wp-content\\\/uploads\\\/sites\\\/2\\\/2024\\\/03\\\/Without-BG-3.png\",\"contentUrl\":\"https:\\\/\\\/quakerspeak.com\\\/wp-content\\\/uploads\\\/sites\\\/2\\\/2024\\\/03\\\/Without-BG-3.png\",\"width\":181,\"height\":66,\"caption\":\"QuakerSpeak\"},\"image\":{\"@id\":\"https:\\\/\\\/quakerspeak.com\\\/es\\\/#\\\/schema\\\/logo\\\/image\\\/\"}}]}<\/script>\n<!-- \/ Yoast SEO plugin. -->","yoast_head_json":{"title":"\u00bfY ahora qu\u00e9? - QuakerSpeak","robots":{"index":"index","follow":"follow","max-snippet":"max-snippet:-1","max-image-preview":"max-image-preview:large","max-video-preview":"max-video-preview:-1"},"canonical":"https:\/\/quakerspeak.com\/es\/y-ahora-que\/","og_locale":"es_ES","og_type":"article","og_title":"\u00bfY ahora qu\u00e9? - QuakerSpeak","og_description":"\u00a1Gracias por visitar el proyecto QuakerSpeak! Si nuestros v\u00eddeos te han parecido interesantes, es posible que tengas preguntas sobre los&hellip;","og_url":"https:\/\/quakerspeak.com\/es\/y-ahora-que\/","og_site_name":"QuakerSpeak","twitter_card":"summary_large_image","twitter_misc":{"Est. reading time":"1 minuto"},"schema":{"@context":"https:\/\/schema.org","@graph":[{"@type":"WebPage","@id":"https:\/\/quakerspeak.com\/es\/y-ahora-que\/","url":"https:\/\/quakerspeak.com\/es\/y-ahora-que\/","name":"\u00bfY ahora qu\u00e9? - QuakerSpeak","isPartOf":{"@id":"https:\/\/quakerspeak.com\/es\/#website"},"datePublished":"2014-02-08T22:19:49+00:00","breadcrumb":{"@id":"https:\/\/quakerspeak.com\/es\/y-ahora-que\/#breadcrumb"},"inLanguage":"es","potentialAction":[{"@type":"ReadAction","target":["https:\/\/quakerspeak.com\/es\/y-ahora-que\/"]}]},{"@type":"BreadcrumbList","@id":"https:\/\/quakerspeak.com\/es\/y-ahora-que\/#breadcrumb","itemListElement":[{"@type":"ListItem","position":1,"name":"Home","item":"https:\/\/quakerspeak.com\/es\/pagina-de-inicio\/"},{"@type":"ListItem","position":2,"name":"\u00bfY ahora qu\u00e9?"}]},{"@type":"WebSite","@id":"https:\/\/quakerspeak.com\/es\/#website","url":"https:\/\/quakerspeak.com\/es\/","name":"QuakerSpeak","description":"Weekly Videos. Vital Ministries.","publisher":{"@id":"https:\/\/quakerspeak.com\/es\/#organization"},"potentialAction":[{"@type":"SearchAction","target":{"@type":"EntryPoint","urlTemplate":"https:\/\/quakerspeak.com\/es\/?s={search_term_string}"},"query-input":{"@type":"PropertyValueSpecification","valueRequired":true,"valueName":"search_term_string"}}],"inLanguage":"es"},{"@type":"Organization","@id":"https:\/\/quakerspeak.com\/es\/#organization","name":"QuakerSpeak","url":"https:\/\/quakerspeak.com\/es\/","logo":{"@type":"ImageObject","inLanguage":"es","@id":"https:\/\/quakerspeak.com\/es\/#\/schema\/logo\/image\/","url":"https:\/\/quakerspeak.com\/wp-content\/uploads\/sites\/2\/2024\/03\/Without-BG-3.png","contentUrl":"https:\/\/quakerspeak.com\/wp-content\/uploads\/sites\/2\/2024\/03\/Without-BG-3.png","width":181,"height":66,"caption":"QuakerSpeak"},"image":{"@id":"https:\/\/quakerspeak.com\/es\/#\/schema\/logo\/image\/"}}]}},"distributor_meta":false,"distributor_terms":false,"distributor_media":false,"distributor_original_site_name":"QuakerSpeak","distributor_original_site_url":"https:\/\/quakerspeak.com\/es\/","push-errors":false,"acf":[],"_links":{"self":[{"href":"https:\/\/quakerspeak.com\/es\/wp-json\/wp\/v2\/pages\/7460","targetHints":{"allow":["GET"]}}],"collection":[{"href":"https:\/\/quakerspeak.com\/es\/wp-json\/wp\/v2\/pages"}],"about":[{"href":"https:\/\/quakerspeak.com\/es\/wp-json\/wp\/v2\/types\/page"}],"author":[{"embeddable":true,"href":"https:\/\/quakerspeak.com\/es\/wp-json\/wp\/v2\/users\/2"}],"replies":[{"embeddable":true,"href":"https:\/\/quakerspeak.com\/es\/wp-json\/wp\/v2\/comments?post=7460"}],"version-history":[{"count":0,"href":"https:\/\/quakerspeak.com\/es\/wp-json\/wp\/v2\/pages\/7460\/revisions"}],"wp:attachment":[{"href":"https:\/\/quakerspeak.com\/es\/wp-json\/wp\/v2\/media?parent=7460"}],"curies":[{"name":"wp","href":"https:\/\/api.w.org\/{rel}","templated":true}]}}