{"id":7457,"date":"2014-01-09T12:14:37","date_gmt":"2014-01-09T17:14:37","guid":{"rendered":"https:\/\/quakerspeak.com\/pagina-de-inicio-de-quakerspeak\/"},"modified":"2014-01-09T12:14:37","modified_gmt":"2014-01-09T17:14:37","slug":"pagina-de-inicio-de-quakerspeak","status":"publish","type":"page","link":"https:\/\/quakerspeak.com\/es\/pagina-de-inicio-de-quakerspeak\/","title":{"rendered":"P\u00e1gina de inicio de QuakerSpeak"},"content":{"rendered":"<div class=\"video-container\"><iframe loading=\"lazy\" src=\"\/\/www.youtube.com\/embed\/PWypcahdOyc?html5=1&amp;showinfo=0&amp;fs=1&amp;modestbranding=1&amp;nologo=1\" width=\"1280\" height=\"720\" frameborder=\"0\" allowfullscreen=\"allowfullscreen\"><\/iframe><\/div>\n<div style=\"width: 320px; margin: 25px auto;\"><iframe loading=\"lazy\" style=\"border: none; overflow: hidden; width: 220px; height: 45px; margin-bottom: -10px;\" src=\"\/\/www.facebook.com\/plugins\/like.php?href=http%3A%2F%2Fwww.facebook.com%2Fquakerspeak&amp;send=false&amp;layout=standard&amp;width=220&amp;show_faces=false&amp;action=like&amp;colorscheme=light&amp;font&amp;height=35&amp;appId=145811628836602\" width=\"300\" height=\"150\" frameborder=\"0\" scrolling=\"no\"><\/iframe><\/div>\n<p style=\"font-size: 23px;\">Bienvenido\/a a QuakerSpeak, un proyecto semanal de v\u00eddeos cu\u00e1queros de <a href=\"https:\/\/friendsjournal.org\/\" target=\"_blank\" rel=\"noopener noreferrer\">Friends Journal<\/a>. Publicamos un nuevo v\u00eddeo cada jueves, as\u00ed que <a href=\"https:\/\/quakerspeak.com\/subscribe\/\">SUSCR\u00cdBETE<\/a> para estar al tanto. <\/p>\n<p style=\"text-align: center;\">Todos nuestros v\u00eddeos, ordenados por tema:<\/p>\n<div class=\"collection-menu\" style=\"width: 45%; float: left;\"><a href=\"https:\/\/quakerspeak.com\/recent\/\"><img decoding=\"async\" class=\"alignleft size-medium wp-image-1417\" src=\"https:\/\/quakerspeak.com\/wp-content\/uploads\/2018\/11\/most-recent-videos2018-1280.png\" alt=\"\"><\/a><br \/>\n<a href=\"https:\/\/quakerspeak.com\/basics\/\"><img decoding=\"async\" class=\"alignleft size-medium wp-image-1418\" src=\"https:\/\/quakerspeak.com\/wp-content\/uploads\/2018\/01\/newcomers.png\" alt=\"\"><\/a><\/div>\n<div class=\"collection-menu\" style=\"width: 45%; float: right;\"><a href=\"https:\/\/quakerspeak.com\/popular\/\"><img decoding=\"async\" class=\"alignleft size-medium wp-image-1416\" src=\"https:\/\/quakerspeak.com\/wp-content\/uploads\/2018\/01\/popular.png\" alt=\"\"><\/a><br \/>\n<a href=\"https:\/\/quakerspeak.com\/staffpicks\/\"><img decoding=\"async\" class=\"alignleft size-medium wp-image-1417\" src=\"https:\/\/quakerspeak.com\/wp-content\/uploads\/2018\/12\/staff-picks.png\" alt=\"\"><\/a><\/div>\n<p>&nbsp;<\/p>\n<p style=\"text-align: center;\"><a href=\"https:\/\/quakerspeak.com\/collections\/\">M\u00e1s colecciones&#8230;<\/a><\/p>\n","protected":false},"excerpt":{"rendered":"<p>Bienvenido\/a a QuakerSpeak, un proyecto semanal de v\u00eddeos cu\u00e1queros de Friends Journal. Publicamos un nuevo v\u00eddeo cada jueves, as\u00ed que&hellip;<\/p>\n","protected":false},"author":2,"featured_media":5147,"parent":0,"menu_order":0,"comment_status":"open","ping_status":"closed","template":"template-layout-content-sidebar.php","meta":{"_acf_changed":false,"hero_banner_post_id":0,"footnotes":""},"class_list":["post-7457","page","type-page","status-publish","has-post-thumbnail","hentry"],"yoast_head":"<!-- This site is optimized with the Yoast SEO plugin v27.3 - https:\/\/yoast.com\/product\/yoast-seo-wordpress\/ -->\n<title>QuakerSpeak: un proyecto de v\u00eddeo cu\u00e1quero de Friends Journal<\/title>\n<meta name=\"description\" content=\"Nuevos v\u00eddeos cu\u00e1queros publicados cada jueves. QuakerSpeak es un proyecto de Friends Journal, filmado y editado por Rebecca Hamilton-Levi.\" \/>\n<meta name=\"robots\" content=\"index, follow, max-snippet:-1, max-image-preview:large, max-video-preview:-1\" \/>\n<link rel=\"canonical\" href=\"https:\/\/quakerspeak.com\/es\/pagina-de-inicio-de-quakerspeak\/\" \/>\n<meta property=\"og:locale\" content=\"es_ES\" \/>\n<meta property=\"og:type\" content=\"article\" \/>\n<meta property=\"og:title\" content=\"QuakerSpeak: un proyecto de v\u00eddeo cu\u00e1quero de Friends Journal\" \/>\n<meta property=\"og:description\" content=\"Nuevos v\u00eddeos cu\u00e1queros publicados cada jueves. QuakerSpeak es un proyecto de Friends Journal, filmado y editado por Rebecca Hamilton-Levi.\" \/>\n<meta property=\"og:url\" content=\"https:\/\/quakerspeak.com\/es\/pagina-de-inicio-de-quakerspeak\/\" \/>\n<meta property=\"og:site_name\" content=\"QuakerSpeak\" \/>\n<meta property=\"og:image\" content=\"https:\/\/quakerspeak.com\/wp-content\/uploads\/sites\/2\/2016\/03\/quakerspeak-q.jpg\" \/>\n\t<meta property=\"og:image:width\" content=\"1818\" \/>\n\t<meta property=\"og:image:height\" content=\"1818\" \/>\n\t<meta property=\"og:image:type\" content=\"image\/jpeg\" \/>\n<meta name=\"twitter:card\" content=\"summary_large_image\" \/>\n<script type=\"application\/ld+json\" class=\"yoast-schema-graph\">{\"@context\":\"https:\\\/\\\/schema.org\",\"@graph\":[{\"@type\":\"WebPage\",\"@id\":\"https:\\\/\\\/quakerspeak.com\\\/es\\\/pagina-de-inicio-de-quakerspeak\\\/\",\"url\":\"https:\\\/\\\/quakerspeak.com\\\/es\\\/pagina-de-inicio-de-quakerspeak\\\/\",\"name\":\"QuakerSpeak: un proyecto de v\u00eddeo cu\u00e1quero de Friends Journal\",\"isPartOf\":{\"@id\":\"https:\\\/\\\/quakerspeak.com\\\/es\\\/#website\"},\"primaryImageOfPage\":{\"@id\":\"https:\\\/\\\/quakerspeak.com\\\/es\\\/pagina-de-inicio-de-quakerspeak\\\/#primaryimage\"},\"image\":{\"@id\":\"https:\\\/\\\/quakerspeak.com\\\/es\\\/pagina-de-inicio-de-quakerspeak\\\/#primaryimage\"},\"thumbnailUrl\":\"https:\\\/\\\/quakerspeak.com\\\/wp-content\\\/uploads\\\/sites\\\/2\\\/2016\\\/03\\\/quakerspeak-q.jpg\",\"datePublished\":\"2014-01-09T17:14:37+00:00\",\"description\":\"Nuevos v\u00eddeos cu\u00e1queros publicados cada jueves. QuakerSpeak es un proyecto de Friends Journal, filmado y editado por Rebecca Hamilton-Levi.\",\"breadcrumb\":{\"@id\":\"https:\\\/\\\/quakerspeak.com\\\/es\\\/pagina-de-inicio-de-quakerspeak\\\/#breadcrumb\"},\"inLanguage\":\"es\",\"potentialAction\":[{\"@type\":\"ReadAction\",\"target\":[\"https:\\\/\\\/quakerspeak.com\\\/es\\\/pagina-de-inicio-de-quakerspeak\\\/\"]}]},{\"@type\":\"ImageObject\",\"inLanguage\":\"es\",\"@id\":\"https:\\\/\\\/quakerspeak.com\\\/es\\\/pagina-de-inicio-de-quakerspeak\\\/#primaryimage\",\"url\":\"https:\\\/\\\/quakerspeak.com\\\/wp-content\\\/uploads\\\/sites\\\/2\\\/2016\\\/03\\\/quakerspeak-q.jpg\",\"contentUrl\":\"https:\\\/\\\/quakerspeak.com\\\/wp-content\\\/uploads\\\/sites\\\/2\\\/2016\\\/03\\\/quakerspeak-q.jpg\",\"width\":1818,\"height\":1818},{\"@type\":\"BreadcrumbList\",\"@id\":\"https:\\\/\\\/quakerspeak.com\\\/es\\\/pagina-de-inicio-de-quakerspeak\\\/#breadcrumb\",\"itemListElement\":[{\"@type\":\"ListItem\",\"position\":1,\"name\":\"Home\",\"item\":\"https:\\\/\\\/quakerspeak.com\\\/es\\\/pagina-de-inicio\\\/\"},{\"@type\":\"ListItem\",\"position\":2,\"name\":\"P\u00e1gina de inicio de QuakerSpeak\"}]},{\"@type\":\"WebSite\",\"@id\":\"https:\\\/\\\/quakerspeak.com\\\/es\\\/#website\",\"url\":\"https:\\\/\\\/quakerspeak.com\\\/es\\\/\",\"name\":\"QuakerSpeak\",\"description\":\"Weekly Videos. Vital Ministries.\",\"publisher\":{\"@id\":\"https:\\\/\\\/quakerspeak.com\\\/es\\\/#organization\"},\"potentialAction\":[{\"@type\":\"SearchAction\",\"target\":{\"@type\":\"EntryPoint\",\"urlTemplate\":\"https:\\\/\\\/quakerspeak.com\\\/es\\\/?s={search_term_string}\"},\"query-input\":{\"@type\":\"PropertyValueSpecification\",\"valueRequired\":true,\"valueName\":\"search_term_string\"}}],\"inLanguage\":\"es\"},{\"@type\":\"Organization\",\"@id\":\"https:\\\/\\\/quakerspeak.com\\\/es\\\/#organization\",\"name\":\"QuakerSpeak\",\"url\":\"https:\\\/\\\/quakerspeak.com\\\/es\\\/\",\"logo\":{\"@type\":\"ImageObject\",\"inLanguage\":\"es\",\"@id\":\"https:\\\/\\\/quakerspeak.com\\\/es\\\/#\\\/schema\\\/logo\\\/image\\\/\",\"url\":\"https:\\\/\\\/quakerspeak.com\\\/wp-content\\\/uploads\\\/sites\\\/2\\\/2024\\\/03\\\/Without-BG-3.png\",\"contentUrl\":\"https:\\\/\\\/quakerspeak.com\\\/wp-content\\\/uploads\\\/sites\\\/2\\\/2024\\\/03\\\/Without-BG-3.png\",\"width\":181,\"height\":66,\"caption\":\"QuakerSpeak\"},\"image\":{\"@id\":\"https:\\\/\\\/quakerspeak.com\\\/es\\\/#\\\/schema\\\/logo\\\/image\\\/\"}}]}<\/script>\n<!-- \/ Yoast SEO plugin. -->","yoast_head_json":{"title":"QuakerSpeak: un proyecto de v\u00eddeo cu\u00e1quero de Friends Journal","description":"Nuevos v\u00eddeos cu\u00e1queros publicados cada jueves. QuakerSpeak es un proyecto de Friends Journal, filmado y editado por Rebecca Hamilton-Levi.","robots":{"index":"index","follow":"follow","max-snippet":"max-snippet:-1","max-image-preview":"max-image-preview:large","max-video-preview":"max-video-preview:-1"},"canonical":"https:\/\/quakerspeak.com\/es\/pagina-de-inicio-de-quakerspeak\/","og_locale":"es_ES","og_type":"article","og_title":"QuakerSpeak: un proyecto de v\u00eddeo cu\u00e1quero de Friends Journal","og_description":"Nuevos v\u00eddeos cu\u00e1queros publicados cada jueves. QuakerSpeak es un proyecto de Friends Journal, filmado y editado por Rebecca Hamilton-Levi.","og_url":"https:\/\/quakerspeak.com\/es\/pagina-de-inicio-de-quakerspeak\/","og_site_name":"QuakerSpeak","og_image":[{"width":1818,"height":1818,"url":"https:\/\/quakerspeak.com\/wp-content\/uploads\/sites\/2\/2016\/03\/quakerspeak-q.jpg","type":"image\/jpeg"}],"twitter_card":"summary_large_image","schema":{"@context":"https:\/\/schema.org","@graph":[{"@type":"WebPage","@id":"https:\/\/quakerspeak.com\/es\/pagina-de-inicio-de-quakerspeak\/","url":"https:\/\/quakerspeak.com\/es\/pagina-de-inicio-de-quakerspeak\/","name":"QuakerSpeak: un proyecto de v\u00eddeo cu\u00e1quero de Friends Journal","isPartOf":{"@id":"https:\/\/quakerspeak.com\/es\/#website"},"primaryImageOfPage":{"@id":"https:\/\/quakerspeak.com\/es\/pagina-de-inicio-de-quakerspeak\/#primaryimage"},"image":{"@id":"https:\/\/quakerspeak.com\/es\/pagina-de-inicio-de-quakerspeak\/#primaryimage"},"thumbnailUrl":"https:\/\/quakerspeak.com\/wp-content\/uploads\/sites\/2\/2016\/03\/quakerspeak-q.jpg","datePublished":"2014-01-09T17:14:37+00:00","description":"Nuevos v\u00eddeos cu\u00e1queros publicados cada jueves. QuakerSpeak es un proyecto de Friends Journal, filmado y editado por Rebecca Hamilton-Levi.","breadcrumb":{"@id":"https:\/\/quakerspeak.com\/es\/pagina-de-inicio-de-quakerspeak\/#breadcrumb"},"inLanguage":"es","potentialAction":[{"@type":"ReadAction","target":["https:\/\/quakerspeak.com\/es\/pagina-de-inicio-de-quakerspeak\/"]}]},{"@type":"ImageObject","inLanguage":"es","@id":"https:\/\/quakerspeak.com\/es\/pagina-de-inicio-de-quakerspeak\/#primaryimage","url":"https:\/\/quakerspeak.com\/wp-content\/uploads\/sites\/2\/2016\/03\/quakerspeak-q.jpg","contentUrl":"https:\/\/quakerspeak.com\/wp-content\/uploads\/sites\/2\/2016\/03\/quakerspeak-q.jpg","width":1818,"height":1818},{"@type":"BreadcrumbList","@id":"https:\/\/quakerspeak.com\/es\/pagina-de-inicio-de-quakerspeak\/#breadcrumb","itemListElement":[{"@type":"ListItem","position":1,"name":"Home","item":"https:\/\/quakerspeak.com\/es\/pagina-de-inicio\/"},{"@type":"ListItem","position":2,"name":"P\u00e1gina de inicio de QuakerSpeak"}]},{"@type":"WebSite","@id":"https:\/\/quakerspeak.com\/es\/#website","url":"https:\/\/quakerspeak.com\/es\/","name":"QuakerSpeak","description":"Weekly Videos. Vital Ministries.","publisher":{"@id":"https:\/\/quakerspeak.com\/es\/#organization"},"potentialAction":[{"@type":"SearchAction","target":{"@type":"EntryPoint","urlTemplate":"https:\/\/quakerspeak.com\/es\/?s={search_term_string}"},"query-input":{"@type":"PropertyValueSpecification","valueRequired":true,"valueName":"search_term_string"}}],"inLanguage":"es"},{"@type":"Organization","@id":"https:\/\/quakerspeak.com\/es\/#organization","name":"QuakerSpeak","url":"https:\/\/quakerspeak.com\/es\/","logo":{"@type":"ImageObject","inLanguage":"es","@id":"https:\/\/quakerspeak.com\/es\/#\/schema\/logo\/image\/","url":"https:\/\/quakerspeak.com\/wp-content\/uploads\/sites\/2\/2024\/03\/Without-BG-3.png","contentUrl":"https:\/\/quakerspeak.com\/wp-content\/uploads\/sites\/2\/2024\/03\/Without-BG-3.png","width":181,"height":66,"caption":"QuakerSpeak"},"image":{"@id":"https:\/\/quakerspeak.com\/es\/#\/schema\/logo\/image\/"}}]}},"distributor_meta":false,"distributor_terms":false,"distributor_media":false,"distributor_original_site_name":"QuakerSpeak","distributor_original_site_url":"https:\/\/quakerspeak.com\/es\/","push-errors":false,"acf":[],"_links":{"self":[{"href":"https:\/\/quakerspeak.com\/es\/wp-json\/wp\/v2\/pages\/7457","targetHints":{"allow":["GET"]}}],"collection":[{"href":"https:\/\/quakerspeak.com\/es\/wp-json\/wp\/v2\/pages"}],"about":[{"href":"https:\/\/quakerspeak.com\/es\/wp-json\/wp\/v2\/types\/page"}],"author":[{"embeddable":true,"href":"https:\/\/quakerspeak.com\/es\/wp-json\/wp\/v2\/users\/2"}],"replies":[{"embeddable":true,"href":"https:\/\/quakerspeak.com\/es\/wp-json\/wp\/v2\/comments?post=7457"}],"version-history":[{"count":0,"href":"https:\/\/quakerspeak.com\/es\/wp-json\/wp\/v2\/pages\/7457\/revisions"}],"wp:featuredmedia":[{"embeddable":true,"href":"https:\/\/quakerspeak.com\/es\/wp-json\/wp\/v2\/media\/5147"}],"wp:attachment":[{"href":"https:\/\/quakerspeak.com\/es\/wp-json\/wp\/v2\/media?parent=7457"}],"curies":[{"name":"wp","href":"https:\/\/api.w.org\/{rel}","templated":true}]}}